{"id":603383,"date":"2025-08-10T18:49:29","date_gmt":"2025-08-10T16:49:29","guid":{"rendered":"https:\/\/lucacastelli.com\/prodotto\/milwaukee-m18-heavy-duty-underbody-lamp-lampe-de-dessous-de-caisse\/"},"modified":"2025-08-10T18:49:29","modified_gmt":"2025-08-10T16:49:29","slug":"milwaukee-m18-heavy-duty-underbody-lamp-lampe-de-dessous-de-caisse","status":"publish","type":"product","link":"https:\/\/lucacastelli.com\/fr\/produit\/milwaukee-m18-heavy-duty-underbody-lamp-lampe-de-dessous-de-caisse\/","title":{"rendered":"Milwaukee M18\u2122 Heavy Duty Underbody Lamp (lampe de dessous de caisse)"},"content":{"rendered":"<p>M18ABL-0 AREA BOOM LIGHT<br \/>\n\u00c9clairage TRUEVIEW\u2122 haute r\u00e9solution jusqu&#8217;\u00e0 2 500 lumens;Jusqu&#8217;\u00e0 12 heures d&#8217;autonomie avec la batterie M18\u2122 B5;Con\u00e7ue pour r\u00e9pondre au besoin de mobilit\u00e9 dans les travaux d&#8217;entretien et de maintenance des grands v\u00e9hicules;Rotation horizontale de 300\u00b0 et rotation verticale de 900\u00b0 pour un r\u00e9glage complet de la t\u00eate d&#8217;\u00e9clairage.;3 modes de r\u00e9glage de la lecture ;Base de montage magn\u00e9tique avec poign\u00e9e de d\u00e9verrouillage int\u00e9gr\u00e9e pour un d\u00e9montage facile ;Conception extr\u00eamement robuste et r\u00e9sistante aux chocs qui supporte des chutes de 2 m\u00e8tres ;Syst\u00e8me de batterie flexible : fonctionne avec toutes les batteries Milwaukee M18\u2122<\/p>\n<p>4933498147<br \/>\n4058546513078.<\/p>\n","protected":false},"excerpt":{"rendered":"<p>M18ABL-0 AREA BOOM LIGHT<\/p>\n","protected":false},"featured_media":587150,"template":"","meta":{"_seopress_robots_primary_cat":"","_seopress_titles_title":"","_seopress_titles_desc":"","_seopress_robots_index":""},"product_brand":[3658],"product_cat":[5532,167],"product_tag":[3273],"class_list":{"0":"post-603383","1":"product","2":"type-product","3":"status-publish","4":"has-post-thumbnail","6":"product_brand-milwaukee-fr","7":"product_cat-diverses-machines-milwaukee","8":"product_cat-machines","9":"product_tag-import-milwau-fr","10":"sws-conto-ricavi-merci-rivendita-macchinari-fr","11":"sws-gruppo-iva-iva81-fr","13":"first","14":"onbackorder","15":"shipping-taxable","16":"purchasable","17":"product-type-simple"},"_links":{"self":[{"href":"https:\/\/lucacastelli.com\/fr\/wp-json\/wp\/v2\/product\/603383","targetHints":{"allow":["GET"]}}],"collection":[{"href":"https:\/\/lucacastelli.com\/fr\/wp-json\/wp\/v2\/product"}],"about":[{"href":"https:\/\/lucacastelli.com\/fr\/wp-json\/wp\/v2\/types\/product"}],"wp:featuredmedia":[{"embeddable":true,"href":"https:\/\/lucacastelli.com\/fr\/wp-json\/wp\/v2\/media\/587150"}],"wp:attachment":[{"href":"https:\/\/lucacastelli.com\/fr\/wp-json\/wp\/v2\/media?parent=603383"}],"wp:term":[{"taxonomy":"product_brand","embeddable":true,"href":"https:\/\/lucacastelli.com\/fr\/wp-json\/wp\/v2\/product_brand?post=603383"},{"taxonomy":"product_cat","embeddable":true,"href":"https:\/\/lucacastelli.com\/fr\/wp-json\/wp\/v2\/product_cat?post=603383"},{"taxonomy":"product_tag","embeddable":true,"href":"https:\/\/lucacastelli.com\/fr\/wp-json\/wp\/v2\/product_tag?post=603383"}],"curies":[{"name":"wp","href":"https:\/\/api.w.org\/{rel}","templated":true}]}}