{"id":603380,"date":"2025-08-10T18:49:08","date_gmt":"2025-08-10T16:49:08","guid":{"rendered":"https:\/\/lucacastelli.com\/prodotto\/milwaukee-ponceuse-1200w\/"},"modified":"2025-08-10T18:49:08","modified_gmt":"2025-08-10T16:49:08","slug":"milwaukee-ponceuse-1200w","status":"publish","type":"product","link":"https:\/\/lucacastelli.com\/fr\/produit\/milwaukee-ponceuse-1200w\/","title":{"rendered":"Milwaukee Ponceuse 1200W"},"content":{"rendered":"<p>AS 12 E\/ PONCEUSES<br \/>\nCouple et vitesse \u00e9lev\u00e9s id\u00e9aux pour le pon\u00e7age;Design ergonomique pour une longue dur\u00e9e de vie;Contr\u00f4le de la vitesse variable pour la bonne vitesse sur tous les mat\u00e9riaux;Protection thermique contre la surchauffe;C\u00e2ble de 4 m<\/p>\n<p>4933383940<br \/>\n4002395229390<\/p>\n","protected":false},"excerpt":{"rendered":"<p>COMME 12 E\/SANDERS<\/p>\n","protected":false},"featured_media":568365,"template":"","meta":{"_seopress_robots_primary_cat":"","_seopress_titles_title":"","_seopress_titles_desc":"","_seopress_robots_index":""},"product_brand":[3407],"product_cat":[5531,29],"product_tag":[3270],"class_list":{"0":"post-603380","1":"product","2":"type-product","3":"status-publish","4":"has-post-thumbnail","6":"product_brand-milwaukee","7":"product_cat-vari-macchinari-milwaukee","8":"product_cat-macchinari","9":"product_tag-import-milwau","10":"sws-conto-ricavi-merci-rivendita-macchinari-fr","11":"sws-gruppo-iva-iva81-fr","13":"first","14":"onbackorder","15":"shipping-taxable","16":"purchasable","17":"product-type-simple"},"_links":{"self":[{"href":"https:\/\/lucacastelli.com\/fr\/wp-json\/wp\/v2\/product\/603380","targetHints":{"allow":["GET"]}}],"collection":[{"href":"https:\/\/lucacastelli.com\/fr\/wp-json\/wp\/v2\/product"}],"about":[{"href":"https:\/\/lucacastelli.com\/fr\/wp-json\/wp\/v2\/types\/product"}],"wp:featuredmedia":[{"embeddable":true,"href":"https:\/\/lucacastelli.com\/fr\/wp-json\/wp\/v2\/media\/568365"}],"wp:attachment":[{"href":"https:\/\/lucacastelli.com\/fr\/wp-json\/wp\/v2\/media?parent=603380"}],"wp:term":[{"taxonomy":"product_brand","embeddable":true,"href":"https:\/\/lucacastelli.com\/fr\/wp-json\/wp\/v2\/product_brand?post=603380"},{"taxonomy":"product_cat","embeddable":true,"href":"https:\/\/lucacastelli.com\/fr\/wp-json\/wp\/v2\/product_cat?post=603380"},{"taxonomy":"product_tag","embeddable":true,"href":"https:\/\/lucacastelli.com\/fr\/wp-json\/wp\/v2\/product_tag?post=603380"}],"curies":[{"name":"wp","href":"https:\/\/api.w.org\/{rel}","templated":true}]}}