{"id":603374,"date":"2025-08-10T18:49:07","date_gmt":"2025-08-10T16:49:07","guid":{"rendered":"https:\/\/lucacastelli.com\/prodotto\/milwaukee-ponceuse-orbitale-a-rotor-75-mm-m12-fuel\/"},"modified":"2025-08-10T18:49:07","modified_gmt":"2025-08-10T16:49:07","slug":"milwaukee-ponceuse-orbitale-a-rotor-75-mm-m12-fuel","status":"publish","type":"product","link":"https:\/\/lucacastelli.com\/fr\/produit\/milwaukee-ponceuse-orbitale-a-rotor-75-mm-m12-fuel\/","title":{"rendered":"Milwaukee Ponceuse orbitale \u00e0 rotor 75 mm M12 FUEL\u2122"},"content":{"rendered":"<p>M12FSDR75-202B KIT DE PON\u00c7AGE ORBITAL AL\u00c9ATOIRE<br \/>\nLe moteur haute performance d\u00e9livre 4 000 \u00e0 10 000 coups d&#8217;abrasif par minute avec un couloir environnant de 2,5 mm pour un enl\u00e8vement plus rapide des mat\u00e9riaux ;Le variateur de vitesse avec 4 niveaux de vitesse permet de r\u00e9gler la bonne vitesse pour diff\u00e9rents types de mat\u00e9riaux ;Le fait d&#8217;\u00eatre petite, compacte et l\u00e9g\u00e8re (seulement 900 g) permet \u00e0 l&#8217;utilisateur de travailler facilement dans des endroits \u00e9troits ou difficiles d&#8217;acc\u00e8s.;80% d&#8217;extraction de la poussi\u00e8re avec le sac \u00e0 poussi\u00e8re ou l&#8217;aspirateur inclus ;Syst\u00e8me de batterie flexible : enti\u00e8rement compatible avec toutes les batteries Milwaukee M12\u2122 ;L&#8217;ADN de notre plateforme FUEL\u2122 d\u00e9finit l&#8217;\u00e9quilibre des technologies sans fil. Le moteur sans balai POWERSTATE\u2122, la batterie REDLITHIUM\u2122 et l&#8217;intelligence \u00e9lectronique REDLINK PLUS\u2122 de MILWAUKEE\u00ae garantissent des performances, une autonomie et une durabilit\u00e9 exceptionnelles<\/p>\n<p>4933498233<br \/>\n4058546521028<\/p>\n","protected":false},"excerpt":{"rendered":"<p>M12FSDR75-202B KIT DE PON\u00c7AGE ORBITAL AL\u00c9ATOIRE<\/p>\n","protected":false},"featured_media":601054,"template":"","meta":{"_seopress_robots_primary_cat":"","_seopress_titles_title":"","_seopress_titles_desc":"","_seopress_robots_index":""},"product_brand":[3407],"product_cat":[5531,29],"product_tag":[3270],"class_list":{"0":"post-603374","1":"product","2":"type-product","3":"status-publish","4":"has-post-thumbnail","6":"product_brand-milwaukee","7":"product_cat-vari-macchinari-milwaukee","8":"product_cat-macchinari","9":"product_tag-import-milwau","10":"sws-conto-ricavi-merci-rivendita-macchinari-fr","11":"sws-gruppo-iva-iva81-fr","13":"first","14":"onbackorder","15":"shipping-taxable","16":"purchasable","17":"product-type-simple"},"_links":{"self":[{"href":"https:\/\/lucacastelli.com\/fr\/wp-json\/wp\/v2\/product\/603374","targetHints":{"allow":["GET"]}}],"collection":[{"href":"https:\/\/lucacastelli.com\/fr\/wp-json\/wp\/v2\/product"}],"about":[{"href":"https:\/\/lucacastelli.com\/fr\/wp-json\/wp\/v2\/types\/product"}],"wp:featuredmedia":[{"embeddable":true,"href":"https:\/\/lucacastelli.com\/fr\/wp-json\/wp\/v2\/media\/601054"}],"wp:attachment":[{"href":"https:\/\/lucacastelli.com\/fr\/wp-json\/wp\/v2\/media?parent=603374"}],"wp:term":[{"taxonomy":"product_brand","embeddable":true,"href":"https:\/\/lucacastelli.com\/fr\/wp-json\/wp\/v2\/product_brand?post=603374"},{"taxonomy":"product_cat","embeddable":true,"href":"https:\/\/lucacastelli.com\/fr\/wp-json\/wp\/v2\/product_cat?post=603374"},{"taxonomy":"product_tag","embeddable":true,"href":"https:\/\/lucacastelli.com\/fr\/wp-json\/wp\/v2\/product_tag?post=603374"}],"curies":[{"name":"wp","href":"https:\/\/api.w.org\/{rel}","templated":true}]}}