{"id":603373,"date":"2025-08-10T18:49:05","date_gmt":"2025-08-10T16:49:05","guid":{"rendered":"https:\/\/lucacastelli.com\/prodotto\/milwaukee-ponceuse-orbitale-aleatoire-125mm\/"},"modified":"2025-08-10T18:49:05","modified_gmt":"2025-08-10T16:49:05","slug":"milwaukee-ponceuse-orbitale-aleatoire-125mm","status":"publish","type":"product","link":"https:\/\/lucacastelli.com\/fr\/produit\/milwaukee-ponceuse-orbitale-aleatoire-125mm\/","title":{"rendered":"Milwaukee Ponceuse orbitale al\u00e9atoire 125mm"},"content":{"rendered":"<p>ROS 125 E\/SPRAYERS<br \/>\nId\u00e9al pour les applications en espace confin\u00e9 sur le bois, le m\u00e9tal et le plastique ;Puissant moteur de 300W, diam\u00e8tre d&#8217;orbite de 2,4 mm ;Vitesse variable (7 000 &#8211; 12.000 tr\/min &#8211; id\u00e9ale pour un travail pr\u00e9cis ;Retrait facile du papier ;Excellent syst\u00e8me d&#8217;extraction de la poussi\u00e8re &#8211; recueille environ 90 % de la poussi\u00e8re ;Sac \u00e0 poussi\u00e8re facile \u00e0 nettoyer ;Extraction de la poussi\u00e8re via le sac \u00e0 poussi\u00e8re ou via un raccordement \u00e0 l&#8217;aspirateur &#8211; fixation \u00e0 trou de 36 mm<\/p>\n<p>4933433180<br \/>\n4002395244010<\/p>\n","protected":false},"excerpt":{"rendered":"<p>ROS 125 E\/SANDERS<\/p>\n","protected":false},"featured_media":569774,"template":"","meta":{"_seopress_robots_primary_cat":"","_seopress_titles_title":"","_seopress_titles_desc":"","_seopress_robots_index":""},"product_brand":[3407],"product_cat":[5531,29],"product_tag":[3270],"class_list":{"0":"post-603373","1":"product","2":"type-product","3":"status-publish","4":"has-post-thumbnail","6":"product_brand-milwaukee","7":"product_cat-vari-macchinari-milwaukee","8":"product_cat-macchinari","9":"product_tag-import-milwau","10":"sws-conto-ricavi-merci-rivendita-macchinari-fr","11":"sws-gruppo-iva-iva81-fr","13":"first","14":"onbackorder","15":"shipping-taxable","16":"purchasable","17":"product-type-simple"},"_links":{"self":[{"href":"https:\/\/lucacastelli.com\/fr\/wp-json\/wp\/v2\/product\/603373","targetHints":{"allow":["GET"]}}],"collection":[{"href":"https:\/\/lucacastelli.com\/fr\/wp-json\/wp\/v2\/product"}],"about":[{"href":"https:\/\/lucacastelli.com\/fr\/wp-json\/wp\/v2\/types\/product"}],"wp:featuredmedia":[{"embeddable":true,"href":"https:\/\/lucacastelli.com\/fr\/wp-json\/wp\/v2\/media\/569774"}],"wp:attachment":[{"href":"https:\/\/lucacastelli.com\/fr\/wp-json\/wp\/v2\/media?parent=603373"}],"wp:term":[{"taxonomy":"product_brand","embeddable":true,"href":"https:\/\/lucacastelli.com\/fr\/wp-json\/wp\/v2\/product_brand?post=603373"},{"taxonomy":"product_cat","embeddable":true,"href":"https:\/\/lucacastelli.com\/fr\/wp-json\/wp\/v2\/product_cat?post=603373"},{"taxonomy":"product_tag","embeddable":true,"href":"https:\/\/lucacastelli.com\/fr\/wp-json\/wp\/v2\/product_tag?post=603373"}],"curies":[{"name":"wp","href":"https:\/\/api.w.org\/{rel}","templated":true}]}}