{"id":603359,"date":"2025-08-10T18:48:57","date_gmt":"2025-08-10T16:48:57","guid":{"rendered":"https:\/\/lucacastelli.com\/prodotto\/milwaukee-m18fnb35-502x-m18-fuel-3-5mm-nibbler\/"},"modified":"2025-08-10T18:48:57","modified_gmt":"2025-08-10T16:48:57","slug":"milwaukee-m18fnb35-502x-m18-fuel-3-5mm-nibbler","status":"publish","type":"product","link":"https:\/\/lucacastelli.com\/fr\/produit\/milwaukee-m18fnb35-502x-m18-fuel-3-5mm-nibbler\/","title":{"rendered":"MILWAUKEE M18FNB35-502X M18 FUEL 3.5MM NIBBLER"},"content":{"rendered":"<p>M18FNB35-502X M18 FUEL 3.5MM NIBBLER<br \/>\nLe premier perforateur sans fil avec une puissance de coupe maximale dans l&#8217;acier de construction : 3,5 mm, dans l&#8217;acier inoxydable : 2,8 mm, dans l&#8217;aluminium : 4,0 mm;Contr\u00f4le maximal pour chaque mat\u00e9riau. Avec un mode de vitesse \u00e0 4 niveaux, il est id\u00e9al pour travailler l&#8217;acier inoxydable et l&#8217;aluminium;Fonction de d\u00e9marrage automatique qui d\u00e9marre lentement et acc\u00e9l\u00e8re jusqu&#8217;\u00e0 la vitesse maximale lorsque l&#8217;outil reconna\u00eet que l&#8217;utilisateur effectue une coupe;Changement sans outil du sens de coupe par paliers de 90 degr\u00e9s;Remplacement sans outil du porte-matrice et du porte-tampon;ONE-KEY\u2122 Tool Tracking&amp; Security offre gratuitement un suivi et une gestion de l&#8217;inventaire bas\u00e9s sur le cloud pour ses outils. ONE-KEY\u2122 offre \u00e9galement une fonction de verrouillage \u00e0 distance;Sac de collecte des copeaux pour un environnement de travail propre;\u00c9clairage LED pour une meilleure visibilit\u00e9 de la zone de travail;Poign\u00e9e lat\u00e9rale anti-vibration pour r\u00e9duire les vibrations;Crochet de ceinture int\u00e9gr\u00e9 et point d&#8217;attache Lanyard;Notre plateforme FUEL\u2122 DNA red\u00e9finit l&#8217;\u00e9quilibre des technologies sans fil. Le moteur sans balai POWERSTATE\u2122, le bloc-batterie REDLITHIUM\u2122 et l&#8217;intelligence \u00e9lectronique REDLINK PLUS\u2122 de Milwaukee garantissent des performances, une autonomie et une durabilit\u00e9 exceptionnelles;Syst\u00e8me de batterie flexible : fonctionne avec toutes les batteries Milwaukee M18\u2122.   <\/p>\n<p>4933498983<br \/>\n4058546528522<\/p>\n","protected":false},"excerpt":{"rendered":"<p>M18FNB35-502X GRIGNOTEUSE M18 FUEL 3.5MM<\/p>\n","protected":false},"featured_media":593360,"template":"","meta":{"_seopress_robots_primary_cat":"","_seopress_titles_title":"","_seopress_titles_desc":"","_seopress_robots_index":""},"product_brand":[3407],"product_cat":[5531,29],"product_tag":[3270],"class_list":{"0":"post-603359","1":"product","2":"type-product","3":"status-publish","4":"has-post-thumbnail","6":"product_brand-milwaukee","7":"product_cat-vari-macchinari-milwaukee","8":"product_cat-macchinari","9":"product_tag-import-milwau","10":"sws-conto-ricavi-merci-rivendita-macchinari-fr","11":"sws-gruppo-iva-iva81-fr","13":"first","14":"onbackorder","15":"shipping-taxable","16":"purchasable","17":"product-type-simple"},"_links":{"self":[{"href":"https:\/\/lucacastelli.com\/fr\/wp-json\/wp\/v2\/product\/603359","targetHints":{"allow":["GET"]}}],"collection":[{"href":"https:\/\/lucacastelli.com\/fr\/wp-json\/wp\/v2\/product"}],"about":[{"href":"https:\/\/lucacastelli.com\/fr\/wp-json\/wp\/v2\/types\/product"}],"wp:featuredmedia":[{"embeddable":true,"href":"https:\/\/lucacastelli.com\/fr\/wp-json\/wp\/v2\/media\/593360"}],"wp:attachment":[{"href":"https:\/\/lucacastelli.com\/fr\/wp-json\/wp\/v2\/media?parent=603359"}],"wp:term":[{"taxonomy":"product_brand","embeddable":true,"href":"https:\/\/lucacastelli.com\/fr\/wp-json\/wp\/v2\/product_brand?post=603359"},{"taxonomy":"product_cat","embeddable":true,"href":"https:\/\/lucacastelli.com\/fr\/wp-json\/wp\/v2\/product_cat?post=603359"},{"taxonomy":"product_tag","embeddable":true,"href":"https:\/\/lucacastelli.com\/fr\/wp-json\/wp\/v2\/product_tag?post=603359"}],"curies":[{"name":"wp","href":"https:\/\/api.w.org\/{rel}","templated":true}]}}