{"id":603352,"date":"2025-08-10T18:48:56","date_gmt":"2025-08-10T16:48:56","guid":{"rendered":"https:\/\/lucacastelli.com\/prodotto\/milwaukee-m18frbco32-0x-rebar-cutterkit\/"},"modified":"2025-08-10T18:48:56","modified_gmt":"2025-08-10T16:48:56","slug":"milwaukee-m18frbco32-0x-rebar-cutterkit","status":"publish","type":"product","link":"https:\/\/lucacastelli.com\/fr\/produit\/milwaukee-m18frbco32-0x-rebar-cutterkit\/","title":{"rendered":"MILWAUKEE M18FRBCO32-0X REBAR CUTTER+KIT"},"content":{"rendered":"<p>M18FRBCO32-0X REBAR CUTTER+KIT<br \/>\nLa tron\u00e7onneuse pour acier de construction la plus puissante du march\u00e9, avec une protection de l&#8217;utilisateur et une productivit\u00e9 in\u00e9gal\u00e9es;Coupes rapides et nettes dans le b\u00e9ton arm\u00e9 jusqu&#8217;\u00e0 32 mm d&#8217;\u00e9paisseur ou les tiges filet\u00e9es, ou coupes \u00e0 ras jusqu&#8217;\u00e0 3,0 mm en surface;Coupes froides avec peu d&#8217;\u00e9tincelles gr\u00e2ce \u00e0 un disque au carbure sp\u00e9cialement d\u00e9velopp\u00e9;Acc\u00e8s sans outil au disque et au dispositif de protection, remplacement du disque au moins 50 % plus rapide que la concurrence.RAPIDSTOP\u2122 pour un freinage rapide du disque en moins de 2 secondes et la meilleure protection possible pour l&#8217;utilisateur;Technologie Cut-Stopp, l&#8217;appareil s&#8217;arr\u00eate automatiquement apr\u00e8s la coupe, pour augmenter la s\u00e9curit\u00e9 de l&#8217;utilisateur;ONE-KEY\u2122 Tool Tracking&amp; Security offre gratuitement un suivi et une gestion de l&#8217;inventaire bas\u00e9s sur le cloud pour ses outils. ONE-KEY\u2122 offre \u00e9galement une fonction de verrouillage \u00e0 distance;Poign\u00e9e lat\u00e9rale anti-vibration avec trois positions pour une meilleure accessibilit\u00e9;Sac de r\u00e9cup\u00e9ration des copeaux pour un environnement de travail propre;Interrupteur de s\u00e9curit\u00e9 non verrouillable pour emp\u00eacher la mise en marche automatique;\u00c9clairage LED pour une meilleure visibilit\u00e9 de la zone de travail;Syst\u00e8me de batterie flexible : fonctionne avec toutes les batteries Milwaukee M18\u2122. <\/p>\n<p>4933499366<br \/>\n4058546565305<\/p>\n","protected":false},"excerpt":{"rendered":"<p>M18FRBCO32-0X REBAR CUTTER+KIT<\/p>\n","protected":false},"featured_media":593227,"template":"","meta":{"_seopress_robots_primary_cat":"","_seopress_titles_title":"","_seopress_titles_desc":"","_seopress_robots_index":""},"product_brand":[3407],"product_cat":[5531,29],"product_tag":[3270],"class_list":{"0":"post-603352","1":"product","2":"type-product","3":"status-publish","4":"has-post-thumbnail","6":"product_brand-milwaukee","7":"product_cat-vari-macchinari-milwaukee","8":"product_cat-macchinari","9":"product_tag-import-milwau","10":"sws-conto-ricavi-merci-rivendita-macchinari-fr","11":"sws-gruppo-iva-iva81-fr","13":"first","14":"onbackorder","15":"shipping-taxable","16":"purchasable","17":"product-type-simple"},"_links":{"self":[{"href":"https:\/\/lucacastelli.com\/fr\/wp-json\/wp\/v2\/product\/603352","targetHints":{"allow":["GET"]}}],"collection":[{"href":"https:\/\/lucacastelli.com\/fr\/wp-json\/wp\/v2\/product"}],"about":[{"href":"https:\/\/lucacastelli.com\/fr\/wp-json\/wp\/v2\/types\/product"}],"wp:featuredmedia":[{"embeddable":true,"href":"https:\/\/lucacastelli.com\/fr\/wp-json\/wp\/v2\/media\/593227"}],"wp:attachment":[{"href":"https:\/\/lucacastelli.com\/fr\/wp-json\/wp\/v2\/media?parent=603352"}],"wp:term":[{"taxonomy":"product_brand","embeddable":true,"href":"https:\/\/lucacastelli.com\/fr\/wp-json\/wp\/v2\/product_brand?post=603352"},{"taxonomy":"product_cat","embeddable":true,"href":"https:\/\/lucacastelli.com\/fr\/wp-json\/wp\/v2\/product_cat?post=603352"},{"taxonomy":"product_tag","embeddable":true,"href":"https:\/\/lucacastelli.com\/fr\/wp-json\/wp\/v2\/product_tag?post=603352"}],"curies":[{"name":"wp","href":"https:\/\/api.w.org\/{rel}","templated":true}]}}