{"id":603348,"date":"2025-08-10T18:48:52","date_gmt":"2025-08-10T16:48:52","guid":{"rendered":"https:\/\/lucacastelli.com\/prodotto\/milwaukee-marteau-de-demolition-classe-5-kg-2\/"},"modified":"2025-08-10T18:48:52","modified_gmt":"2025-08-10T16:48:52","slug":"milwaukee-marteau-de-demolition-classe-5-kg-2","status":"publish","type":"product","link":"https:\/\/lucacastelli.com\/fr\/produit\/milwaukee-marteau-de-demolition-classe-5-kg-2\/","title":{"rendered":"Milwaukee Marteau de d\u00e9molition classe 5 kg"},"content":{"rendered":"<p>K540S\/DEMOLITEUSES ET PERCEUSES<br \/>\nMeilleur rapport poids\/puissance de sa cat\u00e9gorie : 7,5 J et 6,3 kg;1100 W de puissance et bo\u00eete de vitesses en m\u00e9tal pour une dissipation optimale de la chaleur et une dur\u00e9e de vie plus longue;D\u00e9marrage progressif et embrayage de s\u00e9curit\u00e9;Faibles vibrations : 16,8 m\/s;R\u00e9ducteur robuste en magn\u00e9sium adapt\u00e9 \u00e0 tous les environnements;Fonction Roto-Stop pour le blocage de la rotation et syst\u00e8me Variolock pour l&#8217;orientation du burin en 12 positions;Embrayage de s\u00e9curit\u00e9 prot\u00e9geant l&#8217;op\u00e9rateur et la machine;Sofgrip sur les poign\u00e9es principale et secondaire;Variolock avec 12 positions pour ajuster l&#8217;angle du burin;C\u00e2ble de 4 m<\/p>\n<p>4933418100<br \/>\n4002395238422<\/p>\n","protected":false},"excerpt":{"rendered":"<p>K540S\/D\u00c9MOLISSEURS ET PERFORATEURS<\/p>\n","protected":false},"featured_media":569172,"template":"","meta":{"_seopress_robots_primary_cat":"","_seopress_titles_title":"","_seopress_titles_desc":"","_seopress_robots_index":""},"product_brand":[3407],"product_cat":[5531,29],"product_tag":[3270],"class_list":{"0":"post-603348","1":"product","2":"type-product","3":"status-publish","4":"has-post-thumbnail","6":"product_brand-milwaukee","7":"product_cat-vari-macchinari-milwaukee","8":"product_cat-macchinari","9":"product_tag-import-milwau","10":"sws-conto-ricavi-merci-rivendita-macchinari-fr","11":"sws-gruppo-iva-iva81-fr","13":"first","14":"onbackorder","15":"shipping-taxable","16":"purchasable","17":"product-type-simple"},"_links":{"self":[{"href":"https:\/\/lucacastelli.com\/fr\/wp-json\/wp\/v2\/product\/603348","targetHints":{"allow":["GET"]}}],"collection":[{"href":"https:\/\/lucacastelli.com\/fr\/wp-json\/wp\/v2\/product"}],"about":[{"href":"https:\/\/lucacastelli.com\/fr\/wp-json\/wp\/v2\/types\/product"}],"wp:featuredmedia":[{"embeddable":true,"href":"https:\/\/lucacastelli.com\/fr\/wp-json\/wp\/v2\/media\/569172"}],"wp:attachment":[{"href":"https:\/\/lucacastelli.com\/fr\/wp-json\/wp\/v2\/media?parent=603348"}],"wp:term":[{"taxonomy":"product_brand","embeddable":true,"href":"https:\/\/lucacastelli.com\/fr\/wp-json\/wp\/v2\/product_brand?post=603348"},{"taxonomy":"product_cat","embeddable":true,"href":"https:\/\/lucacastelli.com\/fr\/wp-json\/wp\/v2\/product_cat?post=603348"},{"taxonomy":"product_tag","embeddable":true,"href":"https:\/\/lucacastelli.com\/fr\/wp-json\/wp\/v2\/product_tag?post=603348"}],"curies":[{"name":"wp","href":"https:\/\/api.w.org\/{rel}","templated":true}]}}