{"id":603345,"date":"2025-08-10T18:48:53","date_gmt":"2025-08-10T16:48:53","guid":{"rendered":"https:\/\/lucacastelli.com\/prodotto\/milwaukee-marteau-de-demolition-classe-10-kg\/"},"modified":"2025-08-10T18:48:53","modified_gmt":"2025-08-10T16:48:53","slug":"milwaukee-marteau-de-demolition-classe-10-kg","status":"publish","type":"product","link":"https:\/\/lucacastelli.com\/fr\/produit\/milwaukee-marteau-de-demolition-classe-10-kg\/","title":{"rendered":"Milwaukee Marteau de d\u00e9molition classe 10 kg"},"content":{"rendered":"<p>K950 S HAMMER<br \/>\n\u00c9nergie de soufflage de 20 J pour des performances de forage et de d\u00e9molition in\u00e9gal\u00e9es;Moteur de 1700 W, le meilleur de sa cat\u00e9gorie, avec beaucoup de puissance pour les applications intensives;\u00c9lectronique num\u00e9rique DIGITRONIC\u2122 \u00e0 ondes compl\u00e8tes pour un r\u00e9glage pr\u00e9cis de la puissance en fonction de l&#8217;application;3 poign\u00e9es avec technologie AVS (anti-vibration) et Softgrip pour un confort accru ;Engrenages enti\u00e8rement m\u00e9talliques et embrayage de s\u00e9curit\u00e9;T\u00e9moin d&#8217;\u00e9tat de service;Syst\u00e8me de lubrification automatique pour une plus longue dur\u00e9e de vie du marteau;Conception verticale du moteur pour plus de confort dans les applications verticales;Id\u00e9al pour une utilisation combin\u00e9e avec des g\u00e9n\u00e9rateurs;Variolock avec 12 positions pour ajuster l&#8217;angle de burinage;C\u00e2ble de 6 m.<\/p>\n<p>4933375710<br \/>\n4002395232031<\/p>\n","protected":false},"excerpt":{"rendered":"<p>K950 S HAMMER<\/p>\n","protected":false},"featured_media":568146,"template":"","meta":{"_seopress_robots_primary_cat":"","_seopress_titles_title":"","_seopress_titles_desc":"","_seopress_robots_index":""},"product_brand":[3658],"product_cat":[5532,167],"product_tag":[3273],"class_list":{"0":"post-603345","1":"product","2":"type-product","3":"status-publish","4":"has-post-thumbnail","6":"product_brand-milwaukee-fr","7":"product_cat-diverses-machines-milwaukee","8":"product_cat-machines","9":"product_tag-import-milwau-fr","10":"sws-conto-ricavi-merci-rivendita-macchinari-fr","11":"sws-gruppo-iva-iva81-fr","13":"first","14":"onbackorder","15":"sale","16":"shipping-taxable","17":"purchasable","18":"product-type-simple"},"_links":{"self":[{"href":"https:\/\/lucacastelli.com\/fr\/wp-json\/wp\/v2\/product\/603345","targetHints":{"allow":["GET"]}}],"collection":[{"href":"https:\/\/lucacastelli.com\/fr\/wp-json\/wp\/v2\/product"}],"about":[{"href":"https:\/\/lucacastelli.com\/fr\/wp-json\/wp\/v2\/types\/product"}],"wp:featuredmedia":[{"embeddable":true,"href":"https:\/\/lucacastelli.com\/fr\/wp-json\/wp\/v2\/media\/568146"}],"wp:attachment":[{"href":"https:\/\/lucacastelli.com\/fr\/wp-json\/wp\/v2\/media?parent=603345"}],"wp:term":[{"taxonomy":"product_brand","embeddable":true,"href":"https:\/\/lucacastelli.com\/fr\/wp-json\/wp\/v2\/product_brand?post=603345"},{"taxonomy":"product_cat","embeddable":true,"href":"https:\/\/lucacastelli.com\/fr\/wp-json\/wp\/v2\/product_cat?post=603345"},{"taxonomy":"product_tag","embeddable":true,"href":"https:\/\/lucacastelli.com\/fr\/wp-json\/wp\/v2\/product_tag?post=603345"}],"curies":[{"name":"wp","href":"https:\/\/api.w.org\/{rel}","templated":true}]}}