{"id":603340,"date":"2025-08-10T18:48:49","date_gmt":"2025-08-10T16:48:49","guid":{"rendered":"https:\/\/lucacastelli.com\/prodotto\/milwaukee-marteau-de-demonstration-sds-max-classe-8-kg\/"},"modified":"2025-08-10T18:48:49","modified_gmt":"2025-08-10T16:48:49","slug":"milwaukee-marteau-de-demonstration-sds-max-classe-8-kg","status":"publish","type":"product","link":"https:\/\/lucacastelli.com\/fr\/produit\/milwaukee-marteau-de-demonstration-sds-max-classe-8-kg\/","title":{"rendered":"Milwaukee Marteau de d\u00e9monstration SDS-Max classe 8 kg"},"content":{"rendered":"<p>HACO850 MARTEAU<br \/>\nAvec sa puissance de 1470 watts, le marteau perforateur combin\u00e9 garantit une puissance maximale et, gr\u00e2ce \u00e0 une meilleure dissipation de la chaleur, une dur\u00e9e de vie la plus longue possible ;Trois modes de fonctionnement offrent une polyvalence maximale : marteau rotatif, marteau seul et position de travail du burin s\u00e9lectionnable (Variolock) ;Verrouillage du burin pour un travail ininterrompu et un confort d&#8217;utilisation accru.;Le syst\u00e8me AUTOSTOP\u2122 arr\u00eate l&#8217;outil pour prot\u00e9ger l&#8217;utilisateur des mouvements brusques dans les situations de verrouillage ;La conception compacte et ergonomique assure un plus grand confort d&#8217;utilisation ;Le syst\u00e8me anti-vibration (SAV) rend l&#8217;utilisateur moins fatigu\u00e9 et r\u00e9duit les vibrations g\u00eanantes. Une poign\u00e9e principale suppl\u00e9mentaire sur le c\u00f4t\u00e9 r\u00e9duit encore les vibrations g\u00eanantes;Variolock (12 positions) pour choisir l&#8217;angle de ciseau le plus adapt\u00e9;L&#8217;avertissement de maintenance s&#8217;allume lorsque l&#8217;appareil doit \u00eatre entretenu;Un c\u00e2ble de 6 m permet de couvrir une surface de travail de 110 m\u00b2.<\/p>\n<p>4933498603<br \/>\n4058546524722<\/p>\n","protected":false},"excerpt":{"rendered":"<p>HACO850 MARTEAU<\/p>\n","protected":false},"featured_media":587601,"template":"","meta":{"_seopress_robots_primary_cat":"","_seopress_titles_title":"","_seopress_titles_desc":"","_seopress_robots_index":""},"product_brand":[3658],"product_cat":[5532,167],"product_tag":[3273],"class_list":{"0":"post-603340","1":"product","2":"type-product","3":"status-publish","4":"has-post-thumbnail","6":"product_brand-milwaukee-fr","7":"product_cat-diverses-machines-milwaukee","8":"product_cat-machines","9":"product_tag-import-milwau-fr","10":"sws-conto-ricavi-merci-rivendita-macchinari-fr","11":"sws-gruppo-iva-iva81-fr","13":"first","14":"onbackorder","15":"shipping-taxable","16":"purchasable","17":"product-type-simple"},"_links":{"self":[{"href":"https:\/\/lucacastelli.com\/fr\/wp-json\/wp\/v2\/product\/603340","targetHints":{"allow":["GET"]}}],"collection":[{"href":"https:\/\/lucacastelli.com\/fr\/wp-json\/wp\/v2\/product"}],"about":[{"href":"https:\/\/lucacastelli.com\/fr\/wp-json\/wp\/v2\/types\/product"}],"wp:featuredmedia":[{"embeddable":true,"href":"https:\/\/lucacastelli.com\/fr\/wp-json\/wp\/v2\/media\/587601"}],"wp:attachment":[{"href":"https:\/\/lucacastelli.com\/fr\/wp-json\/wp\/v2\/media?parent=603340"}],"wp:term":[{"taxonomy":"product_brand","embeddable":true,"href":"https:\/\/lucacastelli.com\/fr\/wp-json\/wp\/v2\/product_brand?post=603340"},{"taxonomy":"product_cat","embeddable":true,"href":"https:\/\/lucacastelli.com\/fr\/wp-json\/wp\/v2\/product_cat?post=603340"},{"taxonomy":"product_tag","embeddable":true,"href":"https:\/\/lucacastelli.com\/fr\/wp-json\/wp\/v2\/product_tag?post=603340"}],"curies":[{"name":"wp","href":"https:\/\/api.w.org\/{rel}","templated":true}]}}