{"id":603337,"date":"2025-08-10T18:48:50","date_gmt":"2025-08-10T16:48:50","guid":{"rendered":"https:\/\/lucacastelli.com\/prodotto\/milwaukee-marteau-de-demolition-classe-7-kg\/"},"modified":"2025-08-10T18:48:50","modified_gmt":"2025-08-10T16:48:50","slug":"milwaukee-marteau-de-demolition-classe-7-kg","status":"publish","type":"product","link":"https:\/\/lucacastelli.com\/fr\/produit\/milwaukee-marteau-de-demolition-classe-7-kg\/","title":{"rendered":"Milwaukee Marteau de d\u00e9molition classe 7 kg"},"content":{"rendered":"<p>K750S<br \/>\nD\u00e9livre une \u00e9nergie de soufflage de 11.9 J d&#8217;\u00e9nergie de soufflage pour un per\u00e7age efficace;Puissance de 1550 W et bo\u00eete de vitesses en m\u00e9tal pour une dissipation optimale de la chaleur et une dur\u00e9e de vie plus longue;\u00c9lectronique num\u00e9rique \u00e0 ondes compl\u00e8tes pour un r\u00e9glage pr\u00e9cis de la puissance en fonction de l&#8217;application;D\u00e9marrage lent pour un per\u00e7age de pr\u00e9cision et embrayage de s\u00e9curit\u00e9;AVS (syst\u00e8me anti-vibration) et poign\u00e9e caoutchout\u00e9e ;Poign\u00e9e AVS suppl\u00e9mentaire sur 3 positions diff\u00e9rentes;Bouton de r\u00e9duction de puissance pour le burinage des mat\u00e9riaux tendres;Fonction Roto-Stop et possibilit\u00e9 d&#8217;ajuster le burin dans diff\u00e9rentes positions;Indicateur LED d&#8217;\u00e9tat de maintenance;Variolock avec 12 positions pour ajuster l&#8217;angle de burinage;C\u00e2ble de 6 m<\/p>\n<p>4933398600<br \/>\n4002395235193<\/p>\n","protected":false},"excerpt":{"rendered":"<p>K750S<\/p>\n","protected":false},"featured_media":601050,"template":"","meta":{"_seopress_robots_primary_cat":"","_seopress_titles_title":"","_seopress_titles_desc":"","_seopress_robots_index":""},"product_brand":[3407],"product_cat":[5531,29],"product_tag":[3270],"class_list":{"0":"post-603337","1":"product","2":"type-product","3":"status-publish","4":"has-post-thumbnail","6":"product_brand-milwaukee","7":"product_cat-vari-macchinari-milwaukee","8":"product_cat-macchinari","9":"product_tag-import-milwau","10":"sws-conto-ricavi-merci-rivendita-macchinari-fr","11":"sws-gruppo-iva-iva81-fr","13":"first","14":"onbackorder","15":"shipping-taxable","16":"purchasable","17":"product-type-simple"},"_links":{"self":[{"href":"https:\/\/lucacastelli.com\/fr\/wp-json\/wp\/v2\/product\/603337","targetHints":{"allow":["GET"]}}],"collection":[{"href":"https:\/\/lucacastelli.com\/fr\/wp-json\/wp\/v2\/product"}],"about":[{"href":"https:\/\/lucacastelli.com\/fr\/wp-json\/wp\/v2\/types\/product"}],"wp:featuredmedia":[{"embeddable":true,"href":"https:\/\/lucacastelli.com\/fr\/wp-json\/wp\/v2\/media\/601050"}],"wp:attachment":[{"href":"https:\/\/lucacastelli.com\/fr\/wp-json\/wp\/v2\/media?parent=603337"}],"wp:term":[{"taxonomy":"product_brand","embeddable":true,"href":"https:\/\/lucacastelli.com\/fr\/wp-json\/wp\/v2\/product_brand?post=603337"},{"taxonomy":"product_cat","embeddable":true,"href":"https:\/\/lucacastelli.com\/fr\/wp-json\/wp\/v2\/product_cat?post=603337"},{"taxonomy":"product_tag","embeddable":true,"href":"https:\/\/lucacastelli.com\/fr\/wp-json\/wp\/v2\/product_tag?post=603337"}],"curies":[{"name":"wp","href":"https:\/\/api.w.org\/{rel}","templated":true}]}}