{"id":603327,"date":"2025-08-10T18:49:00","date_gmt":"2025-08-10T16:49:00","guid":{"rendered":"https:\/\/lucacastelli.com\/prodotto\/milwaukee-m12blpp3a-202b-m12-3-pc-combo-kit\/"},"modified":"2025-08-10T18:49:00","modified_gmt":"2025-08-10T16:49:00","slug":"milwaukee-m12blpp3a-202b-m12-3-pc-combo-kit","status":"publish","type":"product","link":"https:\/\/lucacastelli.com\/fr\/produit\/milwaukee-m12blpp3a-202b-m12-3-pc-combo-kit\/","title":{"rendered":"MILWAUKEE M12BLPP3A-202B M12 3-PC COMBO KIT"},"content":{"rendered":"<p>M12BLPP3A-202B M12 3-PC COMBO KIT<br \/>\nM12BLDDRC Perceuse-visseuse sans fil et sans balai;Conception extr\u00eamement compacte avec une longueur de seulement 137 mm, parfaite pour une utilisation dans les espaces restreints;Le couple de 40 Nm offre le meilleur rapport puissance\/taille;Mandrin m\u00e9tallique sans cl\u00e9 de 10 mm : changement d&#8217;accessoire rapide et durabilit\u00e9 maximale;Embrayage \u00e0 glissement m\u00e9canique avec 13 r\u00e9glages de couple;Indicateur d&#8217;\u00e9tat de charge de la batterie et lumi\u00e8re LED pour \u00e9clairer la zone de travail;Le moteur sans balais POWERSTATE\u2122, les batteries REDLITHIUM\u2122 et l&#8217;\u00e9lectronique intelligente REDLINK PLUS\u2122 garantissent une puissance, une autonomie et une durabilit\u00e9 in\u00e9gal\u00e9es ;Fonctionne avec toutes les batteries Milwaukee M12\u2122;M12BLIDRC Visseuse \u00e0 percussion sans balai sans fil;Conception extr\u00eamement compacte avec une longueur de seulement 110 mm, parfaite pour une utilisation dans les espaces restreints;135Nm de couple offre le meilleur rapport puissance\/taille de cette cat\u00e9gorie;Mandrin hexagonal de 1\/4 de pouce pour des changements d&#8217;embouts rapides et faciles ;Gr\u00e2ce \u00e0 la COMMANDE D&#8217;ENTRA\u00ceNEMENT 4 modes, l&#8217;utilisateur peut choisir entre quatre r\u00e9glages de vitesse et de couple diff\u00e9rents pour maximiser la polyvalence de l&#8217;application;Vitesses d&#8217;entra\u00eenement \u00e9lev\u00e9es pouvant atteindre 3000 tr\/min et 4100 ipm;Le moteur sans balais POWERSTATE\u2122, les batteries REDLITHIUM\u2122 et l&#8217;\u00e9lectronique intelligente REDLINK PLUS\u2122 offrent une puissance, une autonomie et une durabilit\u00e9 in\u00e9gal\u00e9es ;Fonctionne avec toutes les batteries Milwaukee M12\u2122;Torche \u00e0 batterie M12TLED;Lumi\u00e8re LED qui d\u00e9livre jusqu&#8217;\u00e0 120 lumens &#8211; 2X plus brillante qu&#8217;une lampe \u00e0 incandescence;LED \u00e9lectroniques &#8211; 2X plus d&#8217;autonomie;T\u00eate en aluminium r\u00e9sistante aux chocs;T\u00eate rotative \u00e0 90\u00b0;Aimant int\u00e9gr\u00e9 pour plus de commodit\u00e9;Plateforme de 12V : fonctionne avec toutes les batteries Milwaukee M12\u2122.<\/p>\n<p>4933499694<br \/>\n4058546568580<\/p>\n","protected":false},"excerpt":{"rendered":"<p>M12BLPP3A-202B M12 3-PC COMBO KIT<\/p>\n","protected":false},"featured_media":601015,"template":"","meta":{"_seopress_robots_primary_cat":"","_seopress_titles_title":"","_seopress_titles_desc":"","_seopress_robots_index":""},"product_brand":[3407],"product_cat":[5531,29],"product_tag":[3270],"class_list":{"0":"post-603327","1":"product","2":"type-product","3":"status-publish","4":"has-post-thumbnail","6":"product_brand-milwaukee","7":"product_cat-vari-macchinari-milwaukee","8":"product_cat-macchinari","9":"product_tag-import-milwau","10":"sws-conto-ricavi-merci-rivendita-macchinari-fr","11":"sws-gruppo-iva-iva81-fr","13":"first","14":"onbackorder","15":"shipping-taxable","16":"purchasable","17":"product-type-simple"},"_links":{"self":[{"href":"https:\/\/lucacastelli.com\/fr\/wp-json\/wp\/v2\/product\/603327","targetHints":{"allow":["GET"]}}],"collection":[{"href":"https:\/\/lucacastelli.com\/fr\/wp-json\/wp\/v2\/product"}],"about":[{"href":"https:\/\/lucacastelli.com\/fr\/wp-json\/wp\/v2\/types\/product"}],"wp:featuredmedia":[{"embeddable":true,"href":"https:\/\/lucacastelli.com\/fr\/wp-json\/wp\/v2\/media\/601015"}],"wp:attachment":[{"href":"https:\/\/lucacastelli.com\/fr\/wp-json\/wp\/v2\/media?parent=603327"}],"wp:term":[{"taxonomy":"product_brand","embeddable":true,"href":"https:\/\/lucacastelli.com\/fr\/wp-json\/wp\/v2\/product_brand?post=603327"},{"taxonomy":"product_cat","embeddable":true,"href":"https:\/\/lucacastelli.com\/fr\/wp-json\/wp\/v2\/product_cat?post=603327"},{"taxonomy":"product_tag","embeddable":true,"href":"https:\/\/lucacastelli.com\/fr\/wp-json\/wp\/v2\/product_tag?post=603327"}],"curies":[{"name":"wp","href":"https:\/\/api.w.org\/{rel}","templated":true}]}}