{"id":603324,"date":"2025-08-10T18:49:01","date_gmt":"2025-08-10T16:49:01","guid":{"rendered":"https:\/\/lucacastelli.com\/prodotto\/milwaukee-polisseuse-rotative-m18-fuel-a-orbite-de-15-mm\/"},"modified":"2025-08-10T18:49:01","modified_gmt":"2025-08-10T16:49:01","slug":"milwaukee-polisseuse-rotative-m18-fuel-a-orbite-de-15-mm","status":"publish","type":"product","link":"https:\/\/lucacastelli.com\/fr\/produit\/milwaukee-polisseuse-rotative-m18-fuel-a-orbite-de-15-mm\/","title":{"rendered":"Milwaukee Polisseuse rotative M18 FUEL\u2122 \u00e0 orbite de 15 mm"},"content":{"rendered":"<p>M18FROP15-0 POLISSEUSE D&#8217;\u00c9QUIPE<br \/>\nOffre les m\u00eames performances que les polisseuses orbitales al\u00e9atoires filaires;8 r\u00e9glages de vitesse (2.650 &#8211; 5100 tr\/min) pour un contr\u00f4le maximal et une finition pr\u00e9cise;Orbite de 15 mm pour un polissage rapide et efficace, sans hologrammes;Grande poign\u00e9e caoutchout\u00e9e \u00e0 l&#8217;avant pour un confort maximal, notamment en utilisation verticale;La fonction d&#8217;utilisation continue assure un confort maximal et r\u00e9duit la fatigue lors d&#8217;un polissage prolong\u00e9 ;Le bo\u00eetier de batterie pivotant \u00e0 90\u00b0 emp\u00eache tout contact possible entre l&#8217;outil et le corps et permet de ranger l&#8217;outil \u00e0 la verticale ou \u00e0 l&#8217;horizontale;Fonction de verrouillage pour emp\u00eacher le d\u00e9marrage accidentel de l&#8217;outil;\u00c9cran anti-poussi\u00e8re amovible pour emp\u00eacher les d\u00e9bris de p\u00e9n\u00e9trer, ce qui prolonge la dur\u00e9e de vie de l&#8217;outil;Le moteur sans balais, l&#8217;\u00e9lectronique REDLINK PLUS\u2122 et le bloc-batterie REDLITHIUM\u2122 offrent des performances et une durabilit\u00e9 sup\u00e9rieures;Fonctionne avec toutes les batteries Milwaukee M18\u2122.<\/p>\n<p>4933499156<br \/>\n4058546530259<\/p>\n","protected":false},"excerpt":{"rendered":"<p>M18FROP15-0 POLISSEUSE D&#8217;\u00c9QUIPE<\/p>\n","protected":false},"featured_media":587700,"template":"","meta":{"_seopress_robots_primary_cat":"","_seopress_titles_title":"","_seopress_titles_desc":"","_seopress_robots_index":""},"product_brand":[3407],"product_cat":[5531,29],"product_tag":[3270],"class_list":{"0":"post-603324","1":"product","2":"type-product","3":"status-publish","4":"has-post-thumbnail","6":"product_brand-milwaukee","7":"product_cat-vari-macchinari-milwaukee","8":"product_cat-macchinari","9":"product_tag-import-milwau","10":"sws-conto-ricavi-merci-rivendita-macchinari-fr","11":"sws-gruppo-iva-iva81-fr","13":"first","14":"onbackorder","15":"shipping-taxable","16":"purchasable","17":"product-type-simple"},"_links":{"self":[{"href":"https:\/\/lucacastelli.com\/fr\/wp-json\/wp\/v2\/product\/603324","targetHints":{"allow":["GET"]}}],"collection":[{"href":"https:\/\/lucacastelli.com\/fr\/wp-json\/wp\/v2\/product"}],"about":[{"href":"https:\/\/lucacastelli.com\/fr\/wp-json\/wp\/v2\/types\/product"}],"wp:featuredmedia":[{"embeddable":true,"href":"https:\/\/lucacastelli.com\/fr\/wp-json\/wp\/v2\/media\/587700"}],"wp:attachment":[{"href":"https:\/\/lucacastelli.com\/fr\/wp-json\/wp\/v2\/media?parent=603324"}],"wp:term":[{"taxonomy":"product_brand","embeddable":true,"href":"https:\/\/lucacastelli.com\/fr\/wp-json\/wp\/v2\/product_brand?post=603324"},{"taxonomy":"product_cat","embeddable":true,"href":"https:\/\/lucacastelli.com\/fr\/wp-json\/wp\/v2\/product_cat?post=603324"},{"taxonomy":"product_tag","embeddable":true,"href":"https:\/\/lucacastelli.com\/fr\/wp-json\/wp\/v2\/product_tag?post=603324"}],"curies":[{"name":"wp","href":"https:\/\/api.w.org\/{rel}","templated":true}]}}