{"id":603205,"date":"2025-08-11T13:20:28","date_gmt":"2025-08-11T11:20:28","guid":{"rendered":"https:\/\/lucacastelli.com\/prodotto\/milwaukee-chaussures-de-securite-flextred-s3s-noir-b1l110133-esd-sc-fo-sr\/"},"modified":"2025-08-11T13:20:28","modified_gmt":"2025-08-11T11:20:28","slug":"milwaukee-chaussures-de-securite-flextred-s3s-noir-b1l110133-esd-sc-fo-sr","status":"publish","type":"product","link":"https:\/\/lucacastelli.com\/fr\/produit\/milwaukee-chaussures-de-securite-flextred-s3s-noir-b1l110133-esd-sc-fo-sr\/","title":{"rendered":"Milwaukee Chaussures de s\u00e9curit\u00e9 Flextred\u2122 S3S noir B1L110133 ESD SC FO SR"},"content":{"rendered":"<p>CHAUSSURES FTX S3S B1L110133 ESD SC FO SR<br \/>\nChaussures de s\u00e9curit\u00e9 polyvalentes, flexibles et l\u00e9g\u00e8res pour la protection des travailleurs;Amortissement du talon ENERGY FOAM, pour un retour d&#8217;\u00e9nergie sup\u00e9rieur et un confort maximal;Contrefort de talon STEP-RELEASE\u2122, pour un retrait pratique et rapide de la chaussure;Stabilisateur de talon ROLLCAGE\u2122, pour une grande stabilit\u00e9 m\u00eame sur les terrains difficiles;Syst\u00e8me BOA\u00ae offrant un ajustement pr\u00e9cis et micro-ajustable, con\u00e7u pour \u00eatre performant dans les conditions les plus difficiles ;Tige en cuir nubuck hydrofuge, pour prot\u00e9ger de l&#8217;eau, de la poussi\u00e8re et de la salet\u00e9;Avant renforc\u00e9, pour prot\u00e9ger les orteils de l&#8217;abrasion;Construction sans m\u00e9tal, pour passer les portiques de s\u00e9curit\u00e9;Adh\u00e9rence de la semelle sup\u00e9rieure, pour \u00e9viter de glisser;Certifi\u00e9e ESD (d\u00e9charge \u00e9lectrostatique);Certification europ\u00e9enne des chaussures de s\u00e9curit\u00e9, conform\u00e9ment \u00e0 la norme EN ISO 20345 :2022 S3S ESD SC FO SR<\/p>\n<p>&nbsp;<\/p>\n","protected":false},"excerpt":{"rendered":"<p>CHAUSSURES FTX S3S B1L110133 ESD SC FO SR Chaussures de s\u00e9curit\u00e9 polyvalentes, flexibles et l\u00e9g\u00e8res pour la protection des travailleurs;Amortissement<\/p>\n","protected":false},"featured_media":566169,"template":"","meta":{"_seopress_robots_primary_cat":"none","_seopress_titles_title":"","_seopress_titles_desc":"","_seopress_robots_index":""},"product_brand":[3658],"product_cat":[173,1423],"product_tag":[3273],"class_list":{"0":"post-603205","1":"product","2":"type-product","3":"status-publish","4":"has-post-thumbnail","6":"product_brand-milwaukee-fr","7":"product_cat-chaussures","8":"product_cat-chaussures-de-travail","9":"product_tag-import-milwau-fr","10":"sws-gruppo-abb-libero-fr","11":"sws-conto-ricavi-merci-rivendita-abbigliamento-fr","12":"sws-gruppo-iva-iva81-fr","14":"first","15":"instock","16":"shipping-taxable","17":"purchasable","18":"product-type-variable"},"_links":{"self":[{"href":"https:\/\/lucacastelli.com\/fr\/wp-json\/wp\/v2\/product\/603205","targetHints":{"allow":["GET"]}}],"collection":[{"href":"https:\/\/lucacastelli.com\/fr\/wp-json\/wp\/v2\/product"}],"about":[{"href":"https:\/\/lucacastelli.com\/fr\/wp-json\/wp\/v2\/types\/product"}],"wp:featuredmedia":[{"embeddable":true,"href":"https:\/\/lucacastelli.com\/fr\/wp-json\/wp\/v2\/media\/566169"}],"wp:attachment":[{"href":"https:\/\/lucacastelli.com\/fr\/wp-json\/wp\/v2\/media?parent=603205"}],"wp:term":[{"taxonomy":"product_brand","embeddable":true,"href":"https:\/\/lucacastelli.com\/fr\/wp-json\/wp\/v2\/product_brand?post=603205"},{"taxonomy":"product_cat","embeddable":true,"href":"https:\/\/lucacastelli.com\/fr\/wp-json\/wp\/v2\/product_cat?post=603205"},{"taxonomy":"product_tag","embeddable":true,"href":"https:\/\/lucacastelli.com\/fr\/wp-json\/wp\/v2\/product_tag?post=603205"}],"curies":[{"name":"wp","href":"https:\/\/api.w.org\/{rel}","templated":true}]}}