{"id":603125,"date":"2025-08-11T13:19:58","date_gmt":"2025-08-11T11:19:58","guid":{"rendered":"https:\/\/lucacastelli.com\/prodotto\/milwaukee-gilet-de-haute-visibilite-entrepreneur-jaune\/"},"modified":"2025-08-11T13:19:58","modified_gmt":"2025-08-11T11:19:58","slug":"milwaukee-gilet-de-haute-visibilite-entrepreneur-jaune","status":"publish","type":"product","link":"https:\/\/lucacastelli.com\/fr\/produit\/milwaukee-gilet-de-haute-visibilite-entrepreneur-jaune\/","title":{"rendered":"Milwaukee Gilet de haute visibilit\u00e9 Entrepreneur &#8211; jaune"},"content":{"rendered":"<p>GILETS D&#8217;ENTREPRENEUR HAUTE VISION JAUNE L\/XL<br \/>\n1 porte-badge d&#8217;identification transparent pour faciliter l&#8217;identification sur le lieu de travail;Languette pour un rangement pratique : torches, stylos, etc.;1 poche int\u00e9rieure pour ranger les documents, stylos, etc.;Boucle de suspension pour accrocher facilement le gilet apr\u00e8s utilisation;Zip robuste pour l&#8217;ouverture\/la fermeture;Lavable en machine;Certification europ\u00e9enne en tant que v\u00eatement haute visibilit\u00e9 de classe 2 conform\u00e9ment \u00e0 la norme EN ISO 20471:2013\/A1:2016<\/p>\n<p>4932493995<br \/>\n4058546511555.<\/p>\n","protected":false},"excerpt":{"rendered":"<p>GILETS D&#8217;ENTREPRENEUR HAUTE VISION JAUNE L\/XL 1 porte-badge d&#8217;identification transparent pour faciliter l&#8217;identification sur le lieu de travail;Languette pour un<\/p>\n","protected":false},"featured_media":564893,"template":"","meta":{"_seopress_robots_primary_cat":"none","_seopress_titles_title":"","_seopress_titles_desc":"","_seopress_robots_index":""},"product_brand":[3658],"product_cat":[81,1381],"product_tag":[],"class_list":{"0":"post-603125","1":"product","2":"type-product","3":"status-publish","4":"has-post-thumbnail","6":"product_brand-milwaukee-fr","7":"product_cat-vetements","8":"product_cat-vetements-de-travail","9":"sws-gruppo-abb-libero-fr","10":"sws-conto-ricavi-merci-rivendita-abbigliamento-fr","11":"sws-gruppo-iva-iva81-fr","13":"first","14":"instock","15":"shipping-taxable","16":"purchasable","17":"product-type-variable","18":"has-default-attributes"},"_links":{"self":[{"href":"https:\/\/lucacastelli.com\/fr\/wp-json\/wp\/v2\/product\/603125","targetHints":{"allow":["GET"]}}],"collection":[{"href":"https:\/\/lucacastelli.com\/fr\/wp-json\/wp\/v2\/product"}],"about":[{"href":"https:\/\/lucacastelli.com\/fr\/wp-json\/wp\/v2\/types\/product"}],"wp:featuredmedia":[{"embeddable":true,"href":"https:\/\/lucacastelli.com\/fr\/wp-json\/wp\/v2\/media\/564893"}],"wp:attachment":[{"href":"https:\/\/lucacastelli.com\/fr\/wp-json\/wp\/v2\/media?parent=603125"}],"wp:term":[{"taxonomy":"product_brand","embeddable":true,"href":"https:\/\/lucacastelli.com\/fr\/wp-json\/wp\/v2\/product_brand?post=603125"},{"taxonomy":"product_cat","embeddable":true,"href":"https:\/\/lucacastelli.com\/fr\/wp-json\/wp\/v2\/product_cat?post=603125"},{"taxonomy":"product_tag","embeddable":true,"href":"https:\/\/lucacastelli.com\/fr\/wp-json\/wp\/v2\/product_tag?post=603125"}],"curies":[{"name":"wp","href":"https:\/\/api.w.org\/{rel}","templated":true}]}}