{"id":602959,"date":"2025-08-12T13:08:35","date_gmt":"2025-08-12T11:08:35","guid":{"rendered":"https:\/\/lucacastelli.com\/prodotto\/gants-de-haute-dexterite-milwaukee-cat-cut-d\/"},"modified":"2025-08-12T13:08:35","modified_gmt":"2025-08-12T11:08:35","slug":"gants-de-haute-dexterite-milwaukee-cat-cut-d","status":"publish","type":"product","link":"https:\/\/lucacastelli.com\/fr\/produit\/gants-de-haute-dexterite-milwaukee-cat-cut-d\/","title":{"rendered":"Gants de haute dext\u00e9rit\u00e9 Milwaukee cat. cut D"},"content":{"rendered":"<p>GANTS HAUTE DEXT\u00c9RIT\u00c9 CAT. D11\/XXL-12pcs<br \/>\n18 Finesse du fil d&#8217;aiguille, pour une dext\u00e9rit\u00e9 accrue et une mobilit\u00e9 totale dans les travaux de pr\u00e9cision;Gants l\u00e9gers et fins avec paume enduite de polyur\u00e9thane;Excellente respirabilit\u00e9 et confort tout au long de la journ\u00e9e;Renforcement en nitrile entre le pouce et l&#8217;index pour une durabilit\u00e9 accrue;SMARTSWIPE\u2122 sur le bout des doigts, permet d&#8217;utiliser les appareils \u00e0 \u00e9cran tactile sans enlever les gants;Lavable x5 fois, permettant une dur\u00e9e de vie plus longue, et une r\u00e9duction des co\u00fbts et des d\u00e9chets;Certification europ\u00e9enne pour la protection m\u00e9canique : EN ISO 21420, EN388:2016 (3X42D). <\/p>\n<p>4932480520<br \/>\n4058546408053<\/p>\n","protected":false},"excerpt":{"rendered":"<p>GANTS HAUTE DEXT\u00c9RIT\u00c9 CAT. D11\/XXL-12pcs 18 Finesse du fil d&#8217;aiguille, pour une dext\u00e9rit\u00e9 accrue et une mobilit\u00e9 totale dans les<\/p>\n","protected":false},"featured_media":552247,"template":"","meta":{"_seopress_robots_primary_cat":"none","_seopress_titles_title":"","_seopress_titles_desc":"","_seopress_robots_index":""},"product_brand":[3407],"product_cat":[21,284],"product_tag":[],"class_list":{"0":"post-602959","1":"product","2":"type-product","3":"status-publish","4":"has-post-thumbnail","6":"product_brand-milwaukee","7":"product_cat-abbigliamento","8":"product_cat-abbigliamento-da-lavoro","9":"sws-gruppo-abb-libero-fr","10":"sws-conto-ricavi-merci-rivendita-abbigliamento-fr","11":"sws-gruppo-iva-iva81-fr","13":"first","14":"instock","15":"shipping-taxable","16":"purchasable","17":"product-type-variable"},"_links":{"self":[{"href":"https:\/\/lucacastelli.com\/fr\/wp-json\/wp\/v2\/product\/602959","targetHints":{"allow":["GET"]}}],"collection":[{"href":"https:\/\/lucacastelli.com\/fr\/wp-json\/wp\/v2\/product"}],"about":[{"href":"https:\/\/lucacastelli.com\/fr\/wp-json\/wp\/v2\/types\/product"}],"wp:featuredmedia":[{"embeddable":true,"href":"https:\/\/lucacastelli.com\/fr\/wp-json\/wp\/v2\/media\/552247"}],"wp:attachment":[{"href":"https:\/\/lucacastelli.com\/fr\/wp-json\/wp\/v2\/media?parent=602959"}],"wp:term":[{"taxonomy":"product_brand","embeddable":true,"href":"https:\/\/lucacastelli.com\/fr\/wp-json\/wp\/v2\/product_brand?post=602959"},{"taxonomy":"product_cat","embeddable":true,"href":"https:\/\/lucacastelli.com\/fr\/wp-json\/wp\/v2\/product_cat?post=602959"},{"taxonomy":"product_tag","embeddable":true,"href":"https:\/\/lucacastelli.com\/fr\/wp-json\/wp\/v2\/product_tag?post=602959"}],"curies":[{"name":"wp","href":"https:\/\/api.w.org\/{rel}","templated":true}]}}