{"id":602902,"date":"2025-08-12T13:01:54","date_gmt":"2025-08-12T11:01:54","guid":{"rendered":"https:\/\/lucacastelli.com\/prodotto\/gants-dhiver-enduits-de-latex-milwaukee-cat-coupe-b\/"},"modified":"2025-08-12T13:01:54","modified_gmt":"2025-08-12T11:01:54","slug":"gants-dhiver-enduits-de-latex-milwaukee-cat-coupe-b","status":"publish","type":"product","link":"https:\/\/lucacastelli.com\/fr\/produit\/gants-dhiver-enduits-de-latex-milwaukee-cat-coupe-b\/","title":{"rendered":"Gants d&#8217;hiver enduits de latex Milwaukee Cat. coupe B"},"content":{"rendered":"<p>GANTS D&#8217;HIVER. GANTS D&#8217;HIVER CAT.B-11\/XXL-12pcs<br \/>\nGr\u00e2ce \u00e0 la double enduction de la doublure int\u00e9rieure en acrylique, les gants garderont ta main au chaud lorsque tu travailleras dans des conditions froides;Bonne performance de pr\u00e9hension dans des conditions humides ou sur des objets mouill\u00e9s, gr\u00e2ce \u00e0 l&#8217;enduction de la paume en latex et au dos de la main respirant;Finesse du fil 15 aiguilles dans l&#8217;enduction ext\u00e9rieure et 10 aiguilles dans l&#8217;enduction int\u00e9rieure, permettant une bonne dext\u00e9rit\u00e9;Certification europ\u00e9enne pour la r\u00e9sistance m\u00e9canique et la r\u00e9sistance au froid : EN ISO 21420, EN388:2016 (2242B), EN511 (X1X). <\/p>\n<p>4932480610<br \/>\n4058546408954<\/p>\n","protected":false},"excerpt":{"rendered":"<p>GANTS D&#8217;HIVER. GANTS D&#8217;HIVER CAT.B-11\/XXL-12pcs Gr\u00e2ce \u00e0 la double enduction de la doublure int\u00e9rieure en acrylique, les gants garderont ta<\/p>\n","protected":false},"featured_media":552766,"template":"","meta":{"_seopress_robots_primary_cat":"","_seopress_titles_title":"","_seopress_titles_desc":"","_seopress_robots_index":""},"product_brand":[3407],"product_cat":[21,284],"product_tag":[],"class_list":{"0":"post-602902","1":"product","2":"type-product","3":"status-publish","4":"has-post-thumbnail","6":"product_brand-milwaukee","7":"product_cat-abbigliamento","8":"product_cat-abbigliamento-da-lavoro","9":"sws-gruppo-abb-libero-fr","10":"sws-conto-ricavi-merci-rivendita-abbigliamento-fr","11":"sws-gruppo-iva-iva81-fr","13":"first","14":"instock","15":"shipping-taxable","16":"purchasable","17":"product-type-variable"},"_links":{"self":[{"href":"https:\/\/lucacastelli.com\/fr\/wp-json\/wp\/v2\/product\/602902","targetHints":{"allow":["GET"]}}],"collection":[{"href":"https:\/\/lucacastelli.com\/fr\/wp-json\/wp\/v2\/product"}],"about":[{"href":"https:\/\/lucacastelli.com\/fr\/wp-json\/wp\/v2\/types\/product"}],"wp:featuredmedia":[{"embeddable":true,"href":"https:\/\/lucacastelli.com\/fr\/wp-json\/wp\/v2\/media\/552766"}],"wp:attachment":[{"href":"https:\/\/lucacastelli.com\/fr\/wp-json\/wp\/v2\/media?parent=602902"}],"wp:term":[{"taxonomy":"product_brand","embeddable":true,"href":"https:\/\/lucacastelli.com\/fr\/wp-json\/wp\/v2\/product_brand?post=602902"},{"taxonomy":"product_cat","embeddable":true,"href":"https:\/\/lucacastelli.com\/fr\/wp-json\/wp\/v2\/product_cat?post=602902"},{"taxonomy":"product_tag","embeddable":true,"href":"https:\/\/lucacastelli.com\/fr\/wp-json\/wp\/v2\/product_tag?post=602902"}],"curies":[{"name":"wp","href":"https:\/\/api.w.org\/{rel}","templated":true}]}}