{"id":602891,"date":"2025-08-12T10:32:37","date_gmt":"2025-08-12T08:32:37","guid":{"rendered":"https:\/\/lucacastelli.com\/prodotto\/milwaukee-gants-haute-visibilite-enduits-de-polyurethane-coupe-cat-d\/"},"modified":"2025-08-12T10:32:37","modified_gmt":"2025-08-12T08:32:37","slug":"milwaukee-gants-haute-visibilite-enduits-de-polyurethane-coupe-cat-d","status":"publish","type":"product","link":"https:\/\/lucacastelli.com\/fr\/produit\/milwaukee-gants-haute-visibilite-enduits-de-polyurethane-coupe-cat-d\/","title":{"rendered":"Milwaukee Gants haute visibilit\u00e9 enduits de polyur\u00e9thane Coupe cat. D"},"content":{"rendered":"<p>HI-VIS CUT LEVEL 4\/D XL\/10 GLOVES 1PC<br \/>\nDoublure fluorescente offrant une grande visibilit\u00e9 dans les environnements \u00e0 faible luminosit\u00e9;Gants l\u00e9gers et fins avec paume enduite de polyur\u00e9thane, permettant une bonne dext\u00e9rit\u00e9;R\u00e9sistance \u00e0 la coupure de niveau 4\/D, id\u00e9ale pour le d\u00e9nudage de c\u00e2bles, le filetage\/la tuyauterie et les mat\u00e9riaux l\u00e9gers ;Enduction nitrile renforc\u00e9e entre l&#8217;index et le pouce au point d&#8217;usure le plus important;La paume et le bout des doigts SMARTSWIPE\u2122 permettent d&#8217;utiliser des appareils \u00e0 \u00e9cran tactile sans retirer les gants;Certification europ\u00e9enne pour la protection m\u00e9canique : EN ISO 21420, EN388:2016 (4X43D)<\/p>\n<p>4932479929<br \/>\n4058546377236<\/p>\n","protected":false},"excerpt":{"rendered":"<p>HI-VIS CUT LEVEL 4\/D XL\/10 GLOVES 1PC Doublure fluorescente offrant une grande visibilit\u00e9 dans les environnements \u00e0 faible luminosit\u00e9;Gants l\u00e9gers<\/p>\n","protected":false},"featured_media":545354,"template":"","meta":{"_seopress_robots_primary_cat":"","_seopress_titles_title":"","_seopress_titles_desc":"","_seopress_robots_index":""},"product_brand":[3407],"product_cat":[21,284],"product_tag":[],"class_list":{"0":"post-602891","1":"product","2":"type-product","3":"status-publish","4":"has-post-thumbnail","6":"product_brand-milwaukee","7":"product_cat-abbigliamento","8":"product_cat-abbigliamento-da-lavoro","9":"sws-gruppo-abb-libero-fr","10":"sws-conto-ricavi-merci-rivendita-abbigliamento-fr","11":"sws-gruppo-iva-iva81-fr","13":"first","14":"instock","15":"shipping-taxable","16":"purchasable","17":"product-type-variable"},"_links":{"self":[{"href":"https:\/\/lucacastelli.com\/fr\/wp-json\/wp\/v2\/product\/602891","targetHints":{"allow":["GET"]}}],"collection":[{"href":"https:\/\/lucacastelli.com\/fr\/wp-json\/wp\/v2\/product"}],"about":[{"href":"https:\/\/lucacastelli.com\/fr\/wp-json\/wp\/v2\/types\/product"}],"wp:featuredmedia":[{"embeddable":true,"href":"https:\/\/lucacastelli.com\/fr\/wp-json\/wp\/v2\/media\/545354"}],"wp:attachment":[{"href":"https:\/\/lucacastelli.com\/fr\/wp-json\/wp\/v2\/media?parent=602891"}],"wp:term":[{"taxonomy":"product_brand","embeddable":true,"href":"https:\/\/lucacastelli.com\/fr\/wp-json\/wp\/v2\/product_brand?post=602891"},{"taxonomy":"product_cat","embeddable":true,"href":"https:\/\/lucacastelli.com\/fr\/wp-json\/wp\/v2\/product_cat?post=602891"},{"taxonomy":"product_tag","embeddable":true,"href":"https:\/\/lucacastelli.com\/fr\/wp-json\/wp\/v2\/product_tag?post=602891"}],"curies":[{"name":"wp","href":"https:\/\/api.w.org\/{rel}","templated":true}]}}