{"id":602867,"date":"2025-08-11T14:31:07","date_gmt":"2025-08-11T12:31:07","guid":{"rendered":"https:\/\/lucacastelli.com\/prodotto\/milwaukee-gants-haute-visibilite-enduits-de-polyurethane-cat-coupe-b\/"},"modified":"2025-08-11T14:31:07","modified_gmt":"2025-08-11T12:31:07","slug":"milwaukee-gants-haute-visibilite-enduits-de-polyurethane-cat-coupe-b","status":"publish","type":"product","link":"https:\/\/lucacastelli.com\/fr\/produit\/milwaukee-gants-haute-visibilite-enduits-de-polyurethane-cat-coupe-b\/","title":{"rendered":"Milwaukee Gants haute visibilit\u00e9 enduits de polyur\u00e9thane Cat. coupe B"},"content":{"rendered":"<p>HI-VIS CUT LEVEL 2\/B &#8211; S\/7 GLOVES 1PC<br \/>\nLa mati\u00e8re fluorescente offre une grande visibilit\u00e9 dans les environnements peu \u00e9clair\u00e9s;Gants l\u00e9gers et fins avec paume enduite de polyur\u00e9thane;Niveau de coupe 2\/B id\u00e9al pour la manipulation de mat\u00e9riaux, la menuiserie, les cloisons s\u00e8ches, les plafonds, la peinture;Enduction nitrile renforc\u00e9e avec protection suppl\u00e9mentaire entre le pouce et les doigts;La paume et le bout des doigts SMARTSWIPE\u2122 permettent d&#8217;utiliser des appareils \u00e0 \u00e9cran tactile sans enlever les gants;Certification europ\u00e9enne pour la protection m\u00e9canique : EN ISO 21420, EN388:2016 (3242B)<\/p>\n<p>4932479921<br \/>\n4058546377151<\/p>\n","protected":false},"excerpt":{"rendered":"<p>HI-VIS CUT LEVEL 2\/B &#8211; S\/7 GLOVES 1PC La mati\u00e8re fluorescente offre une grande visibilit\u00e9 dans les environnements peu \u00e9clair\u00e9s;Gants<\/p>\n","protected":false},"featured_media":601600,"template":"","meta":{"_seopress_robots_primary_cat":"none","_seopress_titles_title":"","_seopress_titles_desc":"","_seopress_robots_index":""},"product_brand":[3658],"product_cat":[81,1381],"product_tag":[],"class_list":{"0":"post-602867","1":"product","2":"type-product","3":"status-publish","4":"has-post-thumbnail","6":"product_brand-milwaukee-fr","7":"product_cat-vetements","8":"product_cat-vetements-de-travail","9":"sws-gruppo-abb-libero-fr","10":"sws-conto-ricavi-merci-rivendita-abbigliamento-fr","11":"sws-gruppo-iva-iva81-fr","13":"first","14":"instock","15":"shipping-taxable","16":"purchasable","17":"product-type-variable"},"_links":{"self":[{"href":"https:\/\/lucacastelli.com\/fr\/wp-json\/wp\/v2\/product\/602867","targetHints":{"allow":["GET"]}}],"collection":[{"href":"https:\/\/lucacastelli.com\/fr\/wp-json\/wp\/v2\/product"}],"about":[{"href":"https:\/\/lucacastelli.com\/fr\/wp-json\/wp\/v2\/types\/product"}],"wp:featuredmedia":[{"embeddable":true,"href":"https:\/\/lucacastelli.com\/fr\/wp-json\/wp\/v2\/media\/601600"}],"wp:attachment":[{"href":"https:\/\/lucacastelli.com\/fr\/wp-json\/wp\/v2\/media?parent=602867"}],"wp:term":[{"taxonomy":"product_brand","embeddable":true,"href":"https:\/\/lucacastelli.com\/fr\/wp-json\/wp\/v2\/product_brand?post=602867"},{"taxonomy":"product_cat","embeddable":true,"href":"https:\/\/lucacastelli.com\/fr\/wp-json\/wp\/v2\/product_cat?post=602867"},{"taxonomy":"product_tag","embeddable":true,"href":"https:\/\/lucacastelli.com\/fr\/wp-json\/wp\/v2\/product_tag?post=602867"}],"curies":[{"name":"wp","href":"https:\/\/api.w.org\/{rel}","templated":true}]}}