{"id":602839,"date":"2025-08-11T14:14:22","date_gmt":"2025-08-11T12:14:22","guid":{"rendered":"https:\/\/lucacastelli.com\/prodotto\/milwaukee-gants-dhiver-enduits-de-latex-cat-cut-a-72-pcs\/"},"modified":"2025-08-11T14:14:22","modified_gmt":"2025-08-11T12:14:22","slug":"milwaukee-gants-dhiver-enduits-de-latex-cat-cut-a-72-pcs","status":"publish","type":"product","link":"https:\/\/lucacastelli.com\/fr\/produit\/milwaukee-gants-dhiver-enduits-de-latex-cat-cut-a-72-pcs\/","title":{"rendered":"Milwaukee Gants d&#8217;hiver enduits de latex Cat. cut A &#8211; 72 pcs"},"content":{"rendered":"<p>BULK WINTER CUT A GLOVES &#8211; 72PC<br \/>\nIsolation interne, garde ta main au chaud m\u00eame lorsque tu travailles par temps froid;Rev\u00eatement en latex. Grande dext\u00e9rit\u00e9 lors de la manipulation de petits objets;Doublure chaude en \u00e9ponge acrylique double, pour rester au chaud dans les conditions les plus froides et avoir une grande respirabilit\u00e9;Certificat europ\u00e9en de protection m\u00e9canique et contre le froid : EN420, EN388 : 2016 (1141A), EN511 (01X). <\/p>\n<p>&nbsp;<\/p>\n","protected":false},"excerpt":{"rendered":"<p>BULK WINTER CUT A GLOVES &#8211; 72PC Isolation interne, garde ta main au chaud m\u00eame lorsque tu travailles par temps<\/p>\n","protected":false},"featured_media":544510,"template":"","meta":{"_seopress_robots_primary_cat":"none","_seopress_titles_title":"","_seopress_titles_desc":"","_seopress_robots_index":""},"product_brand":[3407],"product_cat":[21,284],"product_tag":[3270],"class_list":{"0":"post-602839","1":"product","2":"type-product","3":"status-publish","4":"has-post-thumbnail","6":"product_brand-milwaukee","7":"product_cat-abbigliamento","8":"product_cat-abbigliamento-da-lavoro","9":"product_tag-import-milwau","10":"sws-gruppo-abb-libero-fr","11":"sws-conto-ricavi-merci-rivendita-abbigliamento-fr","12":"sws-gruppo-iva-iva81-fr","14":"first","15":"instock","16":"shipping-taxable","17":"purchasable","18":"product-type-variable"},"_links":{"self":[{"href":"https:\/\/lucacastelli.com\/fr\/wp-json\/wp\/v2\/product\/602839","targetHints":{"allow":["GET"]}}],"collection":[{"href":"https:\/\/lucacastelli.com\/fr\/wp-json\/wp\/v2\/product"}],"about":[{"href":"https:\/\/lucacastelli.com\/fr\/wp-json\/wp\/v2\/types\/product"}],"wp:featuredmedia":[{"embeddable":true,"href":"https:\/\/lucacastelli.com\/fr\/wp-json\/wp\/v2\/media\/544510"}],"wp:attachment":[{"href":"https:\/\/lucacastelli.com\/fr\/wp-json\/wp\/v2\/media?parent=602839"}],"wp:term":[{"taxonomy":"product_brand","embeddable":true,"href":"https:\/\/lucacastelli.com\/fr\/wp-json\/wp\/v2\/product_brand?post=602839"},{"taxonomy":"product_cat","embeddable":true,"href":"https:\/\/lucacastelli.com\/fr\/wp-json\/wp\/v2\/product_cat?post=602839"},{"taxonomy":"product_tag","embeddable":true,"href":"https:\/\/lucacastelli.com\/fr\/wp-json\/wp\/v2\/product_tag?post=602839"}],"curies":[{"name":"wp","href":"https:\/\/api.w.org\/{rel}","templated":true}]}}