{"id":602829,"date":"2025-08-11T13:56:46","date_gmt":"2025-08-11T11:56:46","guid":{"rendered":"https:\/\/lucacastelli.com\/prodotto\/milwaukee-m12-veste-chauffante-pour-femme-noir\/"},"modified":"2025-08-11T13:56:46","modified_gmt":"2025-08-11T11:56:46","slug":"milwaukee-m12-veste-chauffante-pour-femme-noir","status":"publish","type":"product","link":"https:\/\/lucacastelli.com\/fr\/produit\/milwaukee-m12-veste-chauffante-pour-femme-noir\/","title":{"rendered":"Milwaukee M12\u2122 Veste chauffante pour femme &#8211; Noir"},"content":{"rendered":"<p>M12 HPJLBL2-0 (XXL) VESTE THERMIQUE. DON NER<br \/>\nLa veste thermique \u00e0 batterie M12\u2122 avec \u00e9l\u00e9ments en fibre de carbone cr\u00e9e et r\u00e9partit la chaleur sur la poitrine, le dos et les \u00e9paules;Autonomie sup\u00e9rieure, jusqu&#8217;\u00e0 11 heures de chaleur sur une seule charge de batterie \u00e0 partir d&#8217;un pack de batteries M12\u2122 REDLITHIUM\u2122 de 3,0 Ah;Le polyester ripstop l\u00e9ger et tr\u00e8s durable offre un design fin qui peut \u00eatre port\u00e9 comme une coquille ext\u00e9rieure ou une couche interm\u00e9diaire (coquille ext\u00e9rieure et coquille int\u00e9rieure en 100 % polyester) ;Les zones d&#8217;usure \u00e9lev\u00e9es renforc\u00e9es prot\u00e8gent contre les abrasions et les d\u00e9chirures;Offre confort et durabilit\u00e9 dans les environnements difficiles, pluvieux ou venteux;Poche cach\u00e9e optimis\u00e9e pour placer la batterie M12\u2122 \u00e0 l&#8217;avant ou \u00e0 l&#8217;arri\u00e8re pour plus de confort;Zones de chauffage multiples &#8211; 5 zones de chauffage cousues en fibre de carbone distribuent la chaleur sur les zones centrales du corps;Contr\u00f4leur de chaleur facile \u00e0 une touche &#8211; 3 r\u00e9glages de chaleur : Haute, Moyenne, Basse;Lavable en machine et s\u00e9chage par culbutage;Contr\u00f4leur de batterie inclus;Syst\u00e8me de batterie flexible : fonctionne avec toutes les batteries Milwaukee\u00ae M12\u2122.<\/p>\n<p>4932480089<br \/>\n4058546403744<\/p>\n","protected":false},"excerpt":{"rendered":"<p>M12 HPJLBL2-0 (XXL) VESTE THERMIQUE. DON NER La veste thermique \u00e0 batterie M12\u2122 avec \u00e9l\u00e9ments en fibre de carbone cr\u00e9e<\/p>\n","protected":false},"featured_media":546628,"template":"","meta":{"_seopress_robots_primary_cat":"none","_seopress_titles_title":"","_seopress_titles_desc":"","_seopress_robots_index":""},"product_brand":[3407],"product_cat":[21,284,200],"product_tag":[],"class_list":{"0":"post-602829","1":"product","2":"type-product","3":"status-publish","4":"has-post-thumbnail","6":"product_brand-milwaukee","7":"product_cat-abbigliamento","8":"product_cat-abbigliamento-da-lavoro","9":"product_cat-abbigliamento-da-donna","10":"sws-gruppo-abb-libero-fr","11":"sws-conto-ricavi-merci-rivendita-abbigliamento-fr","12":"sws-gruppo-iva-iva81-fr","14":"first","15":"instock","16":"shipping-taxable","17":"purchasable","18":"product-type-variable","19":"has-default-attributes"},"_links":{"self":[{"href":"https:\/\/lucacastelli.com\/fr\/wp-json\/wp\/v2\/product\/602829","targetHints":{"allow":["GET"]}}],"collection":[{"href":"https:\/\/lucacastelli.com\/fr\/wp-json\/wp\/v2\/product"}],"about":[{"href":"https:\/\/lucacastelli.com\/fr\/wp-json\/wp\/v2\/types\/product"}],"wp:featuredmedia":[{"embeddable":true,"href":"https:\/\/lucacastelli.com\/fr\/wp-json\/wp\/v2\/media\/546628"}],"wp:attachment":[{"href":"https:\/\/lucacastelli.com\/fr\/wp-json\/wp\/v2\/media?parent=602829"}],"wp:term":[{"taxonomy":"product_brand","embeddable":true,"href":"https:\/\/lucacastelli.com\/fr\/wp-json\/wp\/v2\/product_brand?post=602829"},{"taxonomy":"product_cat","embeddable":true,"href":"https:\/\/lucacastelli.com\/fr\/wp-json\/wp\/v2\/product_cat?post=602829"},{"taxonomy":"product_tag","embeddable":true,"href":"https:\/\/lucacastelli.com\/fr\/wp-json\/wp\/v2\/product_tag?post=602829"}],"curies":[{"name":"wp","href":"https:\/\/api.w.org\/{rel}","templated":true}]}}