{"id":602804,"date":"2025-08-11T14:07:11","date_gmt":"2025-08-11T12:07:11","guid":{"rendered":"https:\/\/lucacastelli.com\/prodotto\/milwaukee-m12-gilet-thermique-noir\/"},"modified":"2025-08-11T14:07:11","modified_gmt":"2025-08-11T12:07:11","slug":"milwaukee-m12-gilet-thermique-noir","status":"publish","type":"product","link":"https:\/\/lucacastelli.com\/fr\/produit\/milwaukee-m12-gilet-thermique-noir\/","title":{"rendered":"Milwaukee M12\u2122 Gilet thermique &#8211; Noir"},"content":{"rendered":"<p>GILET THERMIQUE M12 HPVBL2-0 (2XL) NOIR<br \/>\nGilet thermique M12\u2122 aliment\u00e9 par une batterie M12\u2122 avec des \u00e9l\u00e9ments chauffants en fibre de carbone, qui cr\u00e9e et distribue de la chaleur au niveau de la poitrine et du dos;Temps de chauffe sup\u00e9rieur, jusqu&#8217;\u00e0 11 heures de temps de chauffe avec une seule charge de la batterie M12\u2122 12V REDLITHIUM\u2122 3 Ah ;Polyester ripstop l\u00e9ger et tr\u00e8s r\u00e9sistant;Zones renforc\u00e9es aux principaux points d&#8217;usure, prot\u00e9g\u00e9es contre les abrasions et les d\u00e9chirures;Offre confort et durabilit\u00e9 dans les environnements difficiles;Poche cach\u00e9e pour la batterie permettant de placer le M12\u2122 \u00e0 l&#8217;avant ou \u00e0 l&#8217;arri\u00e8re pour plus de confort;3 Zones de chauffage multiples : Fibre de carbone. Distribue la chaleur sur les zones centrales du corps;Contr\u00f4leur de chaleur facile \u00e0 une touche &#8211; 3 r\u00e9glages de chaleur : \u00e9lev\u00e9e, moyenne, faible;Lavable en machine et s\u00e9chable au s\u00e8che-linge;Support de batterie inclus;Contr\u00f4leur de chaleur facile \u00e0 une touche &#8211; 3 r\u00e9glages de chaleur : \u00e9lev\u00e9e, moyenne, faible.  <\/p>\n<p>4932480080<br \/>\n4058546403652<\/p>\n","protected":false},"excerpt":{"rendered":"<p>GILET THERMIQUE M12 HPVBL2-0 (2XL) NOIR Gilet thermique M12\u2122 aliment\u00e9 par une batterie M12\u2122 avec des \u00e9l\u00e9ments chauffants en fibre<\/p>\n","protected":false},"featured_media":546559,"template":"","meta":{"_seopress_robots_primary_cat":"none","_seopress_titles_title":"","_seopress_titles_desc":"","_seopress_robots_index":""},"product_brand":[3407],"product_cat":[21,284],"product_tag":[],"class_list":{"0":"post-602804","1":"product","2":"type-product","3":"status-publish","4":"has-post-thumbnail","6":"product_brand-milwaukee","7":"product_cat-abbigliamento","8":"product_cat-abbigliamento-da-lavoro","9":"sws-gruppo-abb-libero-fr","10":"sws-conto-ricavi-merci-rivendita-abbigliamento-fr","11":"sws-gruppo-iva-iva81-fr","13":"first","14":"instock","15":"shipping-taxable","16":"purchasable","17":"product-type-variable","18":"has-default-attributes"},"_links":{"self":[{"href":"https:\/\/lucacastelli.com\/fr\/wp-json\/wp\/v2\/product\/602804","targetHints":{"allow":["GET"]}}],"collection":[{"href":"https:\/\/lucacastelli.com\/fr\/wp-json\/wp\/v2\/product"}],"about":[{"href":"https:\/\/lucacastelli.com\/fr\/wp-json\/wp\/v2\/types\/product"}],"wp:featuredmedia":[{"embeddable":true,"href":"https:\/\/lucacastelli.com\/fr\/wp-json\/wp\/v2\/media\/546559"}],"wp:attachment":[{"href":"https:\/\/lucacastelli.com\/fr\/wp-json\/wp\/v2\/media?parent=602804"}],"wp:term":[{"taxonomy":"product_brand","embeddable":true,"href":"https:\/\/lucacastelli.com\/fr\/wp-json\/wp\/v2\/product_brand?post=602804"},{"taxonomy":"product_cat","embeddable":true,"href":"https:\/\/lucacastelli.com\/fr\/wp-json\/wp\/v2\/product_cat?post=602804"},{"taxonomy":"product_tag","embeddable":true,"href":"https:\/\/lucacastelli.com\/fr\/wp-json\/wp\/v2\/product_tag?post=602804"}],"curies":[{"name":"wp","href":"https:\/\/api.w.org\/{rel}","templated":true}]}}