{"id":602793,"date":"2025-08-11T13:48:23","date_gmt":"2025-08-11T11:48:23","guid":{"rendered":"https:\/\/lucacastelli.com\/prodotto\/gant-de-protection-contre-les-produits-chimiques-milwaukee\/"},"modified":"2025-08-11T13:48:23","modified_gmt":"2025-08-11T11:48:23","slug":"gant-de-protection-contre-les-produits-chimiques-milwaukee","status":"publish","type":"product","link":"https:\/\/lucacastelli.com\/fr\/produit\/gant-de-protection-contre-les-produits-chimiques-milwaukee\/","title":{"rendered":"Gant de protection contre les produits chimiques Milwaukee"},"content":{"rendered":"<p>GANTS CHIMIQUES &#8211; 11\/XXL &#8211; 1 paire<br \/>\nGants de protection chimique, m\u00e9canique et thermique pour une s\u00e9curit\u00e9 accrue;Longueur de gant de 350 mm pour prot\u00e9ger l&#8217;avant-bras;Triple enduction de nitrile pour une durabilit\u00e9 accrue;Excellente performance de pr\u00e9hension sur les surfaces humides et huileuses gr\u00e2ce \u00e0 la finition nitrile sabl\u00e9e de la paume;Doublure int\u00e9rieure douce, aiguille de calibre 18 et composition sans latex pour assurer le confort pendant de longues p\u00e9riodes d&#8217;utilisation;Certification europ\u00e9enne pour la protection chimique, m\u00e9canique et thermique : EN ISO 374- 1:2016 Type A\/ JKLMNO, EN ISO 374 -2, EN ISO 374-5 (VIRUS), EN ISO 21420, EN388 (4121A), EN 407 (X1XXXX), Approuv\u00e9 pour le contact alimentaire<\/p>\n<p>4932493232<br \/>\n4058546481032<\/p>\n","protected":false},"excerpt":{"rendered":"<p>GANTS CHIMIQUES &#8211; 11\/XXL &#8211; 1 paire Gants de protection chimique, m\u00e9canique et thermique pour une s\u00e9curit\u00e9 accrue;Longueur de gant<\/p>\n","protected":false},"featured_media":601535,"template":"","meta":{"_seopress_robots_primary_cat":"","_seopress_titles_title":"","_seopress_titles_desc":"","_seopress_robots_index":""},"product_brand":[3407],"product_cat":[21,284],"product_tag":[],"class_list":{"0":"post-602793","1":"product","2":"type-product","3":"status-publish","4":"has-post-thumbnail","6":"product_brand-milwaukee","7":"product_cat-abbigliamento","8":"product_cat-abbigliamento-da-lavoro","9":"sws-gruppo-abb-libero-fr","10":"sws-conto-ricavi-merci-rivendita-abbigliamento-fr","11":"sws-gruppo-iva-iva81-fr","13":"first","14":"instock","15":"shipping-taxable","16":"purchasable","17":"product-type-variable"},"_links":{"self":[{"href":"https:\/\/lucacastelli.com\/fr\/wp-json\/wp\/v2\/product\/602793","targetHints":{"allow":["GET"]}}],"collection":[{"href":"https:\/\/lucacastelli.com\/fr\/wp-json\/wp\/v2\/product"}],"about":[{"href":"https:\/\/lucacastelli.com\/fr\/wp-json\/wp\/v2\/types\/product"}],"wp:featuredmedia":[{"embeddable":true,"href":"https:\/\/lucacastelli.com\/fr\/wp-json\/wp\/v2\/media\/601535"}],"wp:attachment":[{"href":"https:\/\/lucacastelli.com\/fr\/wp-json\/wp\/v2\/media?parent=602793"}],"wp:term":[{"taxonomy":"product_brand","embeddable":true,"href":"https:\/\/lucacastelli.com\/fr\/wp-json\/wp\/v2\/product_brand?post=602793"},{"taxonomy":"product_cat","embeddable":true,"href":"https:\/\/lucacastelli.com\/fr\/wp-json\/wp\/v2\/product_cat?post=602793"},{"taxonomy":"product_tag","embeddable":true,"href":"https:\/\/lucacastelli.com\/fr\/wp-json\/wp\/v2\/product_tag?post=602793"}],"curies":[{"name":"wp","href":"https:\/\/api.w.org\/{rel}","templated":true}]}}