{"id":602721,"date":"2025-08-11T15:26:51","date_gmt":"2025-08-11T13:26:51","guid":{"rendered":"https:\/\/lucacastelli.com\/prodotto\/milwaukee-wtssblu\/"},"modified":"2025-08-11T15:26:51","modified_gmt":"2025-08-11T13:26:51","slug":"milwaukee-wtssblu","status":"publish","type":"product","link":"https:\/\/lucacastelli.com\/fr\/produit\/milwaukee-wtssblu\/","title":{"rendered":"MILWAUKEE WTSSBLU"},"content":{"rendered":"<p>WTSSBLU T-SHIRT MAN. COR. WORK BLUE<br \/>\nTissu Heavy Duty 200 g\/m\u00b2 r\u00e9sistant \u00e0 la d\u00e9chirure et \u00e0 l&#8217;abrasion, parfait pour durer plus longtemps sur le lieu de travail;M\u00e9lange de coton 60 % durable et respirant et de polyester 40 %;Poche de rangement c\u00f4t\u00e9 c\u0153ur pour ranger stylos, bouchons d&#8217;oreille ou autres objets;Protection contre les rayons UV nocifs UPF 50+ conform\u00e9ment \u00e0 la norme EN 13758-1.  <\/p>\n<p>&nbsp;<\/p>\n","protected":false},"excerpt":{"rendered":"<p>WTSSBLU T-SHIRT MAN. COR. WORK BLUE Tissu Heavy Duty 200 g\/m\u00b2 r\u00e9sistant \u00e0 la d\u00e9chirure et \u00e0 l&#8217;abrasion, parfait pour<\/p>\n","protected":false},"featured_media":559472,"template":"","meta":{"_seopress_robots_primary_cat":"none","_seopress_titles_title":"","_seopress_titles_desc":"","_seopress_robots_index":""},"product_brand":[3658],"product_cat":[81,1381],"product_tag":[3273],"class_list":{"0":"post-602721","1":"product","2":"type-product","3":"status-publish","4":"has-post-thumbnail","6":"product_brand-milwaukee-fr","7":"product_cat-vetements","8":"product_cat-vetements-de-travail","9":"product_tag-import-milwau-fr","10":"sws-gruppo-abb-libero-fr","11":"sws-conto-ricavi-merci-rivendita-abbigliamento-fr","12":"sws-gruppo-iva-iva81-fr","14":"first","15":"instock","16":"shipping-taxable","17":"purchasable","18":"product-type-variable"},"_links":{"self":[{"href":"https:\/\/lucacastelli.com\/fr\/wp-json\/wp\/v2\/product\/602721","targetHints":{"allow":["GET"]}}],"collection":[{"href":"https:\/\/lucacastelli.com\/fr\/wp-json\/wp\/v2\/product"}],"about":[{"href":"https:\/\/lucacastelli.com\/fr\/wp-json\/wp\/v2\/types\/product"}],"wp:featuredmedia":[{"embeddable":true,"href":"https:\/\/lucacastelli.com\/fr\/wp-json\/wp\/v2\/media\/559472"}],"wp:attachment":[{"href":"https:\/\/lucacastelli.com\/fr\/wp-json\/wp\/v2\/media?parent=602721"}],"wp:term":[{"taxonomy":"product_brand","embeddable":true,"href":"https:\/\/lucacastelli.com\/fr\/wp-json\/wp\/v2\/product_brand?post=602721"},{"taxonomy":"product_cat","embeddable":true,"href":"https:\/\/lucacastelli.com\/fr\/wp-json\/wp\/v2\/product_cat?post=602721"},{"taxonomy":"product_tag","embeddable":true,"href":"https:\/\/lucacastelli.com\/fr\/wp-json\/wp\/v2\/product_tag?post=602721"}],"curies":[{"name":"wp","href":"https:\/\/api.w.org\/{rel}","templated":true}]}}