{"id":602703,"date":"2025-08-11T15:15:18","date_gmt":"2025-08-11T13:15:18","guid":{"rendered":"https:\/\/lucacastelli.com\/prodotto\/milwaukee-gants-de-travail-5\/"},"modified":"2025-08-11T15:15:18","modified_gmt":"2025-08-11T13:15:18","slug":"milwaukee-gants-de-travail-5","status":"publish","type":"product","link":"https:\/\/lucacastelli.com\/fr\/produit\/milwaukee-gants-de-travail-5\/","title":{"rendered":"MILWAUKEE Gants de travail"},"content":{"rendered":"<p>PAD PRO WORK GLOVES &#8211; 1 paire<br \/>\nLe rembourrage en mousse sur la paume offre un confort suppl\u00e9mentaire;Gants de travail pour les applications lourdes, telles que le forage du b\u00e9ton, le meulage, le pon\u00e7age, la d\u00e9coupe;Doublure respirante : assure un maximum de confort et de respirabilit\u00e9;Pouce en \u00e9ponge : dispositif anti-sueur\/anti-abrasion int\u00e9gr\u00e9;Certification europ\u00e9enne pour la protection m\u00e9canique : EN ISO 21420. EN388:2016 (2121A), EN 407 (X1XXXX) <\/p>\n<p>&nbsp;<\/p>\n","protected":false},"excerpt":{"rendered":"<p>PAD PRO WORK GLOVES &#8211; 1 paire Le rembourrage en mousse sur la paume offre un confort suppl\u00e9mentaire;Gants de travail<\/p>\n","protected":false},"featured_media":589579,"template":"","meta":{"_seopress_robots_primary_cat":"none","_seopress_titles_title":"","_seopress_titles_desc":"","_seopress_robots_index":""},"product_brand":[3407],"product_cat":[21,284],"product_tag":[],"class_list":{"0":"post-602703","1":"product","2":"type-product","3":"status-publish","4":"has-post-thumbnail","6":"product_brand-milwaukee","7":"product_cat-abbigliamento","8":"product_cat-abbigliamento-da-lavoro","9":"sws-gruppo-abb-libero-fr","10":"sws-conto-ricavi-merci-rivendita-abbigliamento-fr","11":"sws-gruppo-iva-iva81-fr","13":"first","14":"instock","15":"shipping-taxable","16":"purchasable","17":"product-type-variable"},"_links":{"self":[{"href":"https:\/\/lucacastelli.com\/fr\/wp-json\/wp\/v2\/product\/602703","targetHints":{"allow":["GET"]}}],"collection":[{"href":"https:\/\/lucacastelli.com\/fr\/wp-json\/wp\/v2\/product"}],"about":[{"href":"https:\/\/lucacastelli.com\/fr\/wp-json\/wp\/v2\/types\/product"}],"wp:featuredmedia":[{"embeddable":true,"href":"https:\/\/lucacastelli.com\/fr\/wp-json\/wp\/v2\/media\/589579"}],"wp:attachment":[{"href":"https:\/\/lucacastelli.com\/fr\/wp-json\/wp\/v2\/media?parent=602703"}],"wp:term":[{"taxonomy":"product_brand","embeddable":true,"href":"https:\/\/lucacastelli.com\/fr\/wp-json\/wp\/v2\/product_brand?post=602703"},{"taxonomy":"product_cat","embeddable":true,"href":"https:\/\/lucacastelli.com\/fr\/wp-json\/wp\/v2\/product_cat?post=602703"},{"taxonomy":"product_tag","embeddable":true,"href":"https:\/\/lucacastelli.com\/fr\/wp-json\/wp\/v2\/product_tag?post=602703"}],"curies":[{"name":"wp","href":"https:\/\/api.w.org\/{rel}","templated":true}]}}