{"id":602636,"date":"2025-08-11T06:46:11","date_gmt":"2025-08-11T04:46:11","guid":{"rendered":"https:\/\/lucacastelli.com\/prodotto\/milwaukee-workskin-chemise-thermique-a-manches-longues-rechargeable-par-usb-noir\/"},"modified":"2025-08-11T06:46:11","modified_gmt":"2025-08-11T04:46:11","slug":"milwaukee-workskin-chemise-thermique-a-manches-longues-rechargeable-par-usb-noir","status":"publish","type":"product","link":"https:\/\/lucacastelli.com\/fr\/produit\/milwaukee-workskin-chemise-thermique-a-manches-longues-rechargeable-par-usb-noir\/","title":{"rendered":"Milwaukee WORKSKIN Chemise thermique \u00e0 manches longues rechargeable par USB &#8211; Noir"},"content":{"rendered":"<p>L4HBLB-301XXL\/THERMAL BODY<br \/>\nPoids moyen avec un mat\u00e9riau durable pour te garder au chaud et au sec;Ourlet inf\u00e9rieur con\u00e7u pour une couverture maximale;La chaleur est g\u00e9n\u00e9r\u00e9e dans les zones de la poitrine et du dos et distribu\u00e9e uniform\u00e9ment;Aliment\u00e9 par une batterie REDLITHIUM\u2122 USB amovible et rechargeable par micro-USB;Batterie REDLITHIUM USB 3.0 incluse dans le pack + son propre chargeur USB;Mat\u00e9riau durable avec manches Raglan et \u00e9paules sans coutures pour une mobilit\u00e9 et un confort maximum;Une chaleur impressionnante de 180 min (niveau bas);Port de batterie L4 pour un minimum d&#8217;interf\u00e9rences;Lavable en machine (\u00e0 froid)<\/p>\n<p>4933478085<br \/>\n4058546340186.<\/p>\n","protected":false},"excerpt":{"rendered":"<p>L4HBLB-301XXL\/THERMAL BODY Poids moyen avec un mat\u00e9riau durable pour te garder au chaud et au sec;Ourlet inf\u00e9rieur con\u00e7u pour une<\/p>\n","protected":false},"featured_media":601143,"template":"","meta":{"_seopress_robots_primary_cat":"none","_seopress_titles_title":"","_seopress_titles_desc":"","_seopress_robots_index":""},"product_brand":[3658],"product_cat":[81,981,1381,982],"product_tag":[],"class_list":{"0":"post-602636","1":"product","2":"type-product","3":"status-publish","4":"has-post-thumbnail","6":"product_brand-milwaukee-fr","7":"product_cat-vetements","8":"product_cat-vetements-de-loisirs","9":"product_cat-vetements-de-travail","10":"product_cat-vetements-pour-hommes","11":"sws-gruppo-abb-libero-fr","12":"sws-conto-ricavi-merci-rivendita-abbigliamento-fr","13":"sws-gruppo-iva-iva81-fr","15":"first","16":"instock","17":"shipping-taxable","18":"purchasable","19":"product-type-variable","20":"has-default-attributes"},"_links":{"self":[{"href":"https:\/\/lucacastelli.com\/fr\/wp-json\/wp\/v2\/product\/602636","targetHints":{"allow":["GET"]}}],"collection":[{"href":"https:\/\/lucacastelli.com\/fr\/wp-json\/wp\/v2\/product"}],"about":[{"href":"https:\/\/lucacastelli.com\/fr\/wp-json\/wp\/v2\/types\/product"}],"wp:featuredmedia":[{"embeddable":true,"href":"https:\/\/lucacastelli.com\/fr\/wp-json\/wp\/v2\/media\/601143"}],"wp:attachment":[{"href":"https:\/\/lucacastelli.com\/fr\/wp-json\/wp\/v2\/media?parent=602636"}],"wp:term":[{"taxonomy":"product_brand","embeddable":true,"href":"https:\/\/lucacastelli.com\/fr\/wp-json\/wp\/v2\/product_brand?post=602636"},{"taxonomy":"product_cat","embeddable":true,"href":"https:\/\/lucacastelli.com\/fr\/wp-json\/wp\/v2\/product_cat?post=602636"},{"taxonomy":"product_tag","embeddable":true,"href":"https:\/\/lucacastelli.com\/fr\/wp-json\/wp\/v2\/product_tag?post=602636"}],"curies":[{"name":"wp","href":"https:\/\/api.w.org\/{rel}","templated":true}]}}