{"id":602614,"date":"2025-08-11T12:50:47","date_gmt":"2025-08-11T10:50:47","guid":{"rendered":"https:\/\/lucacastelli.com\/prodotto\/milwaukee-workskin-maillot-de-corps-technique-a-manches-longues\/"},"modified":"2025-08-11T12:50:47","modified_gmt":"2025-08-11T10:50:47","slug":"milwaukee-workskin-maillot-de-corps-technique-a-manches-longues","status":"publish","type":"product","link":"https:\/\/lucacastelli.com\/fr\/produit\/milwaukee-workskin-maillot-de-corps-technique-a-manches-longues\/","title":{"rendered":"Milwaukee WORKSKIN maillot de corps technique \u00e0 manches longues."},"content":{"rendered":"<p>WORKSKIN CWB Layer Long Sleeve Blk XL<br \/>\nMati\u00e8re respirante sp\u00e9ciale : \u00e9vaporation rapide de la sueur pendant le travail;Doublure en polaire bross\u00e9e : pour une chaleur suppl\u00e9mentaire et un ajustement confortable pendant les longues journ\u00e9es froides.;Tailored : la conception sur mesure et les coutures plates \u00e9vitent les frottements et se superposent facilement;4-way stretch et coutures d&#8217;\u00e9paules tombantes : permettent une libert\u00e9 de mouvement maximale<\/p>\n<p>4932498286<br \/>\n4058546521554.<\/p>\n","protected":false},"excerpt":{"rendered":"<p>WORKSKIN CWB Layer Long Sleeve Blk XL Mati\u00e8re respirante sp\u00e9ciale : \u00e9vaporation rapide de la sueur pendant le travail;Doublure en<\/p>\n","protected":false},"featured_media":567000,"template":"","meta":{"_seopress_robots_primary_cat":"","_seopress_titles_title":"","_seopress_titles_desc":"","_seopress_robots_index":""},"product_brand":[3407],"product_cat":[21,284],"product_tag":[],"class_list":{"0":"post-602614","1":"product","2":"type-product","3":"status-publish","4":"has-post-thumbnail","6":"product_brand-milwaukee","7":"product_cat-abbigliamento","8":"product_cat-abbigliamento-da-lavoro","9":"sws-gruppo-abb-libero-fr","10":"sws-conto-ricavi-merci-rivendita-abbigliamento-fr","11":"sws-gruppo-iva-iva81-fr","13":"first","14":"instock","15":"shipping-taxable","16":"purchasable","17":"product-type-variable"},"_links":{"self":[{"href":"https:\/\/lucacastelli.com\/fr\/wp-json\/wp\/v2\/product\/602614","targetHints":{"allow":["GET"]}}],"collection":[{"href":"https:\/\/lucacastelli.com\/fr\/wp-json\/wp\/v2\/product"}],"about":[{"href":"https:\/\/lucacastelli.com\/fr\/wp-json\/wp\/v2\/types\/product"}],"wp:featuredmedia":[{"embeddable":true,"href":"https:\/\/lucacastelli.com\/fr\/wp-json\/wp\/v2\/media\/567000"}],"wp:attachment":[{"href":"https:\/\/lucacastelli.com\/fr\/wp-json\/wp\/v2\/media?parent=602614"}],"wp:term":[{"taxonomy":"product_brand","embeddable":true,"href":"https:\/\/lucacastelli.com\/fr\/wp-json\/wp\/v2\/product_brand?post=602614"},{"taxonomy":"product_cat","embeddable":true,"href":"https:\/\/lucacastelli.com\/fr\/wp-json\/wp\/v2\/product_cat?post=602614"},{"taxonomy":"product_tag","embeddable":true,"href":"https:\/\/lucacastelli.com\/fr\/wp-json\/wp\/v2\/product_tag?post=602614"}],"curies":[{"name":"wp","href":"https:\/\/api.w.org\/{rel}","templated":true}]}}