{"id":602467,"date":"2025-08-11T12:09:32","date_gmt":"2025-08-11T10:09:32","guid":{"rendered":"https:\/\/lucacastelli.com\/prodotto\/milwaukee-workskin-warm-t-shirt-a-manches-longues-jaune\/"},"modified":"2025-08-11T12:09:32","modified_gmt":"2025-08-11T10:09:32","slug":"milwaukee-workskin-warm-t-shirt-a-manches-longues-jaune","status":"publish","type":"product","link":"https:\/\/lucacastelli.com\/fr\/produit\/milwaukee-workskin-warm-t-shirt-a-manches-longues-jaune\/","title":{"rendered":"Milwaukee WORKSKIN WARM T-shirt \u00e0 manches longues &#8211; jaune"},"content":{"rendered":"<p>WWLSYL T-SHIRT MAN. LUN. WARM GIA.<br \/>\nTissu respirant, 100 % polyester;Manches raglan pour une libert\u00e9 de mouvement et un confort maximum lorsque tu portes des sacs \u00e0 outils, des sacs \u00e0 dos, des harnais, etc.  <\/p>\n<p>4932493092<br \/>\n4058546479633<\/p>\n","protected":false},"excerpt":{"rendered":"<p>WWLSYL T-SHIRT MAN. LUN. WARM GIA. Tissu respirant, 100 % polyester;Manches raglan pour une libert\u00e9 de mouvement et un confort<\/p>\n","protected":false},"featured_media":560077,"template":"","meta":{"_seopress_robots_primary_cat":"","_seopress_titles_title":"","_seopress_titles_desc":"","_seopress_robots_index":""},"product_brand":[3658],"product_cat":[81,1381],"product_tag":[3273],"class_list":{"0":"post-602467","1":"product","2":"type-product","3":"status-publish","4":"has-post-thumbnail","6":"product_brand-milwaukee-fr","7":"product_cat-vetements","8":"product_cat-vetements-de-travail","9":"product_tag-import-milwau-fr","10":"sws-gruppo-abb-libero-fr","11":"sws-conto-ricavi-merci-rivendita-abbigliamento-fr","12":"sws-gruppo-iva-iva81-fr","14":"first","15":"instock","16":"shipping-taxable","17":"purchasable","18":"product-type-variable"},"_links":{"self":[{"href":"https:\/\/lucacastelli.com\/fr\/wp-json\/wp\/v2\/product\/602467","targetHints":{"allow":["GET"]}}],"collection":[{"href":"https:\/\/lucacastelli.com\/fr\/wp-json\/wp\/v2\/product"}],"about":[{"href":"https:\/\/lucacastelli.com\/fr\/wp-json\/wp\/v2\/types\/product"}],"wp:featuredmedia":[{"embeddable":true,"href":"https:\/\/lucacastelli.com\/fr\/wp-json\/wp\/v2\/media\/560077"}],"wp:attachment":[{"href":"https:\/\/lucacastelli.com\/fr\/wp-json\/wp\/v2\/media?parent=602467"}],"wp:term":[{"taxonomy":"product_brand","embeddable":true,"href":"https:\/\/lucacastelli.com\/fr\/wp-json\/wp\/v2\/product_brand?post=602467"},{"taxonomy":"product_cat","embeddable":true,"href":"https:\/\/lucacastelli.com\/fr\/wp-json\/wp\/v2\/product_cat?post=602467"},{"taxonomy":"product_tag","embeddable":true,"href":"https:\/\/lucacastelli.com\/fr\/wp-json\/wp\/v2\/product_tag?post=602467"}],"curies":[{"name":"wp","href":"https:\/\/api.w.org\/{rel}","templated":true}]}}