{"id":602449,"date":"2025-08-11T12:44:58","date_gmt":"2025-08-11T10:44:58","guid":{"rendered":"https:\/\/lucacastelli.com\/prodotto\/milwaukee-hybrid-t-shirt-a-manches-courtes-gris\/"},"modified":"2025-08-11T12:44:58","modified_gmt":"2025-08-11T10:44:58","slug":"milwaukee-hybrid-t-shirt-a-manches-courtes-gris","status":"publish","type":"product","link":"https:\/\/lucacastelli.com\/fr\/produit\/milwaukee-hybrid-t-shirt-a-manches-courtes-gris\/","title":{"rendered":"Milwaukee HYBRID T-shirt \u00e0 manches courtes &#8211; gris"},"content":{"rendered":"<p>HTSSGR T-SHIRT MAN. COR. HYBRID GRI.<br \/>\nChemise de travail l\u00e9g\u00e8re et respirante de 156 g\/m\u00b2 pour plus de confort et de productivit\u00e9;Sp\u00e9cialement con\u00e7ue pour am\u00e9liorer la mobilit\u00e9 avec une coupe basse au niveau des \u00e9paules et une couverture compl\u00e8te du corps;Mati\u00e8re l\u00e9g\u00e8re et agr\u00e9able 33 % coton et 67 % polyester  <\/p>\n<p>&nbsp;<\/p>\n<p>&nbsp;<\/p>\n","protected":false},"excerpt":{"rendered":"<p>HTSSGR T-SHIRT MAN. COR. HYBRID GRI. Chemise de travail l\u00e9g\u00e8re et respirante de 156 g\/m\u00b2 pour plus de confort et<\/p>\n","protected":false},"featured_media":559060,"template":"","meta":{"_seopress_robots_primary_cat":"none","_seopress_titles_title":"","_seopress_titles_desc":"","_seopress_robots_index":""},"product_brand":[3407],"product_cat":[21,284],"product_tag":[3270],"class_list":{"0":"post-602449","1":"product","2":"type-product","3":"status-publish","4":"has-post-thumbnail","6":"product_brand-milwaukee","7":"product_cat-abbigliamento","8":"product_cat-abbigliamento-da-lavoro","9":"product_tag-import-milwau","10":"sws-gruppo-abb-libero-fr","11":"sws-conto-ricavi-merci-rivendita-abbigliamento-fr","12":"sws-gruppo-iva-iva81-fr","14":"first","15":"instock","16":"shipping-taxable","17":"purchasable","18":"product-type-variable"},"_links":{"self":[{"href":"https:\/\/lucacastelli.com\/fr\/wp-json\/wp\/v2\/product\/602449","targetHints":{"allow":["GET"]}}],"collection":[{"href":"https:\/\/lucacastelli.com\/fr\/wp-json\/wp\/v2\/product"}],"about":[{"href":"https:\/\/lucacastelli.com\/fr\/wp-json\/wp\/v2\/types\/product"}],"wp:featuredmedia":[{"embeddable":true,"href":"https:\/\/lucacastelli.com\/fr\/wp-json\/wp\/v2\/media\/559060"}],"wp:attachment":[{"href":"https:\/\/lucacastelli.com\/fr\/wp-json\/wp\/v2\/media?parent=602449"}],"wp:term":[{"taxonomy":"product_brand","embeddable":true,"href":"https:\/\/lucacastelli.com\/fr\/wp-json\/wp\/v2\/product_brand?post=602449"},{"taxonomy":"product_cat","embeddable":true,"href":"https:\/\/lucacastelli.com\/fr\/wp-json\/wp\/v2\/product_cat?post=602449"},{"taxonomy":"product_tag","embeddable":true,"href":"https:\/\/lucacastelli.com\/fr\/wp-json\/wp\/v2\/product_tag?post=602449"}],"curies":[{"name":"wp","href":"https:\/\/api.w.org\/{rel}","templated":true}]}}