{"id":602276,"date":"2025-08-11T19:08:57","date_gmt":"2025-08-11T17:08:57","guid":{"rendered":"https:\/\/lucacastelli.com\/prodotto\/milwaukee-wtls-t-shirt-manches-longues-work-marron\/"},"modified":"2025-08-11T19:08:57","modified_gmt":"2025-08-11T17:08:57","slug":"milwaukee-wtls-t-shirt-manches-longues-work-marron","status":"publish","type":"product","link":"https:\/\/lucacastelli.com\/fr\/produit\/milwaukee-wtls-t-shirt-manches-longues-work-marron\/","title":{"rendered":"Milwaukee WTLS T-SHIRT manches longues WORK &#8211; marron"},"content":{"rendered":"<p>WTLSBR-S T-SHIRT MAN. LUN. WORK MAR.<br \/>\nTissu Heavy Duty 200 g\/m\u00b2 r\u00e9sistant \u00e0 la d\u00e9chirure et \u00e0 l&#8217;abrasion, parfait pour durer plus longtemps sur le lieu de travail;M\u00e9lange de coton 60 % durable et respirant et de polyester 40 %;Poche de rangement c\u00f4t\u00e9 c\u0153ur pour ranger stylos, bouchons d&#8217;oreille ou autres objets;Protection contre les rayons UV nocifs UPF 50+ conform\u00e9ment \u00e0 la norme EN 13758-1.  <\/p>\n<p>4932493058<br \/>\n4058546479299<\/p>\n","protected":false},"excerpt":{"rendered":"<p>WTLSBR-S T-SHIRT MAN. LUN. WORK MAR. Tissu Heavy Duty 200 g\/m\u00b2 r\u00e9sistant \u00e0 la d\u00e9chirure et \u00e0 l&#8217;abrasion, parfait pour<\/p>\n","protected":false},"featured_media":559659,"template":"","meta":{"_seopress_robots_primary_cat":"none","_seopress_titles_title":"","_seopress_titles_desc":"","_seopress_robots_index":""},"product_brand":[3658],"product_cat":[81,1381],"product_tag":[3273],"class_list":{"0":"post-602276","1":"product","2":"type-product","3":"status-publish","4":"has-post-thumbnail","6":"product_brand-milwaukee-fr","7":"product_cat-vetements","8":"product_cat-vetements-de-travail","9":"product_tag-import-milwau-fr","10":"sws-gruppo-abb-libero-fr","11":"sws-conto-ricavi-merci-rivendita-abbigliamento-fr","12":"sws-gruppo-iva-iva81-fr","14":"first","15":"instock","16":"shipping-taxable","17":"purchasable","18":"product-type-variable"},"_links":{"self":[{"href":"https:\/\/lucacastelli.com\/fr\/wp-json\/wp\/v2\/product\/602276","targetHints":{"allow":["GET"]}}],"collection":[{"href":"https:\/\/lucacastelli.com\/fr\/wp-json\/wp\/v2\/product"}],"about":[{"href":"https:\/\/lucacastelli.com\/fr\/wp-json\/wp\/v2\/types\/product"}],"wp:featuredmedia":[{"embeddable":true,"href":"https:\/\/lucacastelli.com\/fr\/wp-json\/wp\/v2\/media\/559659"}],"wp:attachment":[{"href":"https:\/\/lucacastelli.com\/fr\/wp-json\/wp\/v2\/media?parent=602276"}],"wp:term":[{"taxonomy":"product_brand","embeddable":true,"href":"https:\/\/lucacastelli.com\/fr\/wp-json\/wp\/v2\/product_brand?post=602276"},{"taxonomy":"product_cat","embeddable":true,"href":"https:\/\/lucacastelli.com\/fr\/wp-json\/wp\/v2\/product_cat?post=602276"},{"taxonomy":"product_tag","embeddable":true,"href":"https:\/\/lucacastelli.com\/fr\/wp-json\/wp\/v2\/product_tag?post=602276"}],"curies":[{"name":"wp","href":"https:\/\/api.w.org\/{rel}","templated":true}]}}