{"id":602122,"date":"2025-08-11T18:13:19","date_gmt":"2025-08-11T16:13:19","guid":{"rendered":"https:\/\/lucacastelli.com\/prodotto\/protos-arborist-avec-visiere-f39-12\/"},"modified":"2026-04-15T19:17:15","modified_gmt":"2026-04-15T17:17:15","slug":"protos-arborist-avec-visiere-f39-12","status":"publish","type":"product","link":"https:\/\/lucacastelli.com\/fr\/produit\/protos-arborist-avec-visiere-f39-12\/","title":{"rendered":"Protos\u00ae Arborist avec visi\u00e8re F39"},"content":{"rendered":"<p>Le Protos\u00ae Integral Arborist est con\u00e7u pour les travaux en hauteur. Dans un environnement exigeant une concentration et une attention maximales, le casque ne doit pas g\u00eaner et ne doit absolument pas glisser. Gr\u00e2ce \u00e0 la protection profonde de la nuque, le casque reste parfaitement en place, m\u00eame en position inclin\u00e9e ou lors de travaux au-dessus de la t\u00eate, garantissant un maintien s\u00fbr. L\u2019ensemble du syst\u00e8me modulaire se r\u00e8gle avec seulement deux doigts. Ce mod\u00e8le est \u00e9galement \u00e9quip\u00e9 d\u2019une mentonni\u00e8re et d\u2019un absorbeur de chocs.<br \/>\nVersion avec mentonni\u00e8re Protos\u00ae Integral Maclip (art. 204043) Homologu\u00e9 selon EN 1078 Casque de cycliste et EN 1077 Casque de ski classe B<br \/>\nInfos<br \/>\nUn casque bicolore peut augmenter consid\u00e9rablement la visibilit\u00e9<br \/>\nVersion F39 avec visi\u00e8re fine 39 trous\/cm\u00b2 et G16 avec visi\u00e8re large \u00e0 16 trous\/cm\u00b2.<br \/>\nLa protection acoustique int\u00e9grale offre un indice d\u2019isolation acoustique de : SNR = 27 dB (H = 34 dB, M = 24 dB, L = 17 dB)<br \/>\nDirectives CFST<br \/>\nArt. 4.3.1. La couleur de la calotte du casque doit \u00eatre principalement orange ou rouge de signalisation. Une deuxi\u00e8me couleur de signalisation est autoris\u00e9e, pour autant qu\u2019elle corresponde aux teintes jaune, orange ou rouge.<br \/>\nS\u00e9curit\u00e9 et confort<br \/>\nTous les avantages du syst\u00e8me Stern pour le Protos Integral sont \u00e9galement pr\u00e9sents sur le mod\u00e8le Arborist. En particulier, la structure interne innovante avec la technologie Klima-Air offre une valeur ajout\u00e9e imbattable pour l\u2019utilisateur. La ventilation active et le maintien parfait sur la t\u00eate rendent la journ\u00e9e de travail plus agr\u00e9able.        <\/p>\n<p>Mat\u00e9riau : 50 % ABS, 50 % polyamide<br \/>\nPoids : 0,942 kg<br \/>\nTaille : taille unique r\u00e9glable par fermeture brevet\u00e9e sur la nuque<br \/>\nStandard : tour de t\u00eate 54\u201362 cm<br \/>\nTaille extra : tour de t\u00eate : 56\u201364 cm (disponible sur demande)<br \/>\nNormes : EN 397, EN 1077 B, EN 1078, EN 12492, EN 352-3, EN 1731 S, ANSI Z89.1<br \/>\nValeur d\u2019isolation acoustique : SNR = 27 dB (H = 34 dB, M = 24 dB, L = 17 dB)<\/p>\n","protected":false},"excerpt":{"rendered":"<p>Le Protos\u00ae Integral Arborist est con\u00e7u pour les travaux en hauteur. Dans un environnement exigeant une concentration et une attention<\/p>\n","protected":false},"featured_media":601823,"template":"","meta":{"_seopress_robots_primary_cat":"none","_seopress_titles_title":"","_seopress_titles_desc":"","_seopress_robots_index":""},"product_brand":[3669,4722],"product_cat":[144,1397,1405],"product_tag":[],"class_list":{"0":"post-602122","1":"product","2":"type-product","3":"status-publish","4":"has-post-thumbnail","6":"product_brand-pfanner-fr","7":"product_brand-protos-fr","8":"product_cat-equipement","9":"product_cat-equipement-de-travail","10":"product_cat-casques","11":"sws-gruppo-no-gruppo-fr","12":"sws-conto-ricavi-merci-rivendita-abbigliamento-fr","13":"sws-gruppo-iva-iva81-fr","15":"first","16":"instock","17":"shipping-taxable","18":"purchasable","19":"product-type-variable","20":"has-default-attributes"},"_links":{"self":[{"href":"https:\/\/lucacastelli.com\/fr\/wp-json\/wp\/v2\/product\/602122","targetHints":{"allow":["GET"]}}],"collection":[{"href":"https:\/\/lucacastelli.com\/fr\/wp-json\/wp\/v2\/product"}],"about":[{"href":"https:\/\/lucacastelli.com\/fr\/wp-json\/wp\/v2\/types\/product"}],"wp:featuredmedia":[{"embeddable":true,"href":"https:\/\/lucacastelli.com\/fr\/wp-json\/wp\/v2\/media\/601823"}],"wp:attachment":[{"href":"https:\/\/lucacastelli.com\/fr\/wp-json\/wp\/v2\/media?parent=602122"}],"wp:term":[{"taxonomy":"product_brand","embeddable":true,"href":"https:\/\/lucacastelli.com\/fr\/wp-json\/wp\/v2\/product_brand?post=602122"},{"taxonomy":"product_cat","embeddable":true,"href":"https:\/\/lucacastelli.com\/fr\/wp-json\/wp\/v2\/product_cat?post=602122"},{"taxonomy":"product_tag","embeddable":true,"href":"https:\/\/lucacastelli.com\/fr\/wp-json\/wp\/v2\/product_tag?post=602122"}],"curies":[{"name":"wp","href":"https:\/\/api.w.org\/{rel}","templated":true}]}}