{"id":602101,"date":"2025-08-12T10:11:02","date_gmt":"2025-08-12T08:11:02","guid":{"rendered":"https:\/\/lucacastelli.com\/prodotto\/protos-arborist-avec-visiere-f39-8\/"},"modified":"2026-04-15T18:28:40","modified_gmt":"2026-04-15T16:28:40","slug":"protos-arborist-avec-visiere-f39-8","status":"publish","type":"product","link":"https:\/\/lucacastelli.com\/fr\/produit\/protos-arborist-avec-visiere-f39-8\/","title":{"rendered":"Protos\u00ae Arborist avec visi\u00e8re F39"},"content":{"rendered":"<p>Le Protos\u00ae Integral Arborist est con\u00e7u pour les travaux en hauteur. Dans un environnement qui exige une concentration et une attention maximales, le casque ne doit pas g\u00eaner et ne doit absolument pas glisser. Gr\u00e2ce \u00e0 la protection profonde de la nuque, le casque reste parfaitement en position m\u00eame en position inclin\u00e9e et pendant les travaux au-dessus de la t\u00eate, garantissant une tenue s\u00fbre. L&#8217;ensemble du syst\u00e8me modulaire est r\u00e9glable avec deux doigts seulement. Ce mod\u00e8le est en outre \u00e9quip\u00e9 d&#8217;une jugulaire et d&#8217;un absorbeur de chocs.<br \/>\nVersion avec jugulaire Protos\u00ae Integral Maclip (art. 204043) Homologu\u00e9 selon EN 1078 Casque de cycliste et EN 1077 Casque de ski classe B<br \/>\nInfo<br \/>\nUn couvre-chef bicolore peut augmenter consid\u00e9rablement la visibilit\u00e9<br \/>\nVersion F39 avec visi\u00e8re fine 39 trous\/cm\u00b2 et G16 avec visi\u00e8re \u00e9paisse avec 16 trous\/cm\u00b2.<br \/>\nLa protection auditive int\u00e9grale offre un indice d&#8217;isolation acoustique de : SNR=27 dB (H=34dB, M=24dB, L=17dB)<br \/>\nDirectives EKAS<br \/>\nArt. 4.3.1. La couleur de la calotte du casque doit \u00eatre principalement orange ou rouge de signalisation. Une deuxi\u00e8me couleur de signalisation est admise, \u00e0 condition qu&#8217;elle corresponde aux tonalit\u00e9s jaune, orange ou rouge.<br \/>\nS\u00e9curit\u00e9 et confort<br \/>\nTous les avantages du syst\u00e8me Stern pour le Protos Integral sont \u00e9galement pr\u00e9sents dans le mod\u00e8le Arborist. En particulier, la structure interne innovante avec technologie Klima-Air offre une valeur ajout\u00e9e imbattable pour celui qui le porte. La ventilation active et la tenue parfaite sur la t\u00eate rendent la journ\u00e9e de travail plus agr\u00e9able.        <\/p>\n<p>Mat\u00e9riau : 50% ABS 50% polyamide<br \/>\nPoids : 0,942 kg<br \/>\nTaille : taille unique r\u00e9glable par fermeture brevet\u00e9e sur la nuque<br \/>\nStandard : tour de t\u00eate 54-62 cm<br \/>\nTaille extra : tour de t\u00eate : 56-64 cm (disponible sur demande)<br \/>\nNormes : EN 397, EN 1077 B, EN 1078, EN 12492, EN 352-3, EN 1731 S, ANSI Z89.1<br \/>\nValeur d&#8217;isolation acoustique : SNR=27 dB (H=34dB, M=24dB, L=17dB)<\/p>\n","protected":false},"excerpt":{"rendered":"<p>Le Protos\u00ae Integral Arborist est con\u00e7u pour les travaux en hauteur. Dans un environnement qui exige une concentration et une<\/p>\n","protected":false},"featured_media":601672,"template":"","meta":{"_seopress_robots_primary_cat":"none","_seopress_titles_title":"","_seopress_titles_desc":"","_seopress_robots_index":""},"product_brand":[3458,4381],"product_cat":[33,537,815],"product_tag":[],"class_list":{"0":"post-602101","1":"product","2":"type-product","3":"status-publish","4":"has-post-thumbnail","6":"product_brand-pfanner","7":"product_brand-protos","8":"product_cat-attrezzature","9":"product_cat-attrezzatura-da-lavoro","10":"product_cat-caschi","11":"sws-gruppo-no-gruppo-fr","12":"sws-conto-ricavi-merci-rivendita-abbigliamento-fr","13":"sws-gruppo-iva-iva81-fr","15":"first","16":"instock","17":"shipping-taxable","18":"purchasable","19":"product-type-variable","20":"has-default-attributes"},"_links":{"self":[{"href":"https:\/\/lucacastelli.com\/fr\/wp-json\/wp\/v2\/product\/602101","targetHints":{"allow":["GET"]}}],"collection":[{"href":"https:\/\/lucacastelli.com\/fr\/wp-json\/wp\/v2\/product"}],"about":[{"href":"https:\/\/lucacastelli.com\/fr\/wp-json\/wp\/v2\/types\/product"}],"wp:featuredmedia":[{"embeddable":true,"href":"https:\/\/lucacastelli.com\/fr\/wp-json\/wp\/v2\/media\/601672"}],"wp:attachment":[{"href":"https:\/\/lucacastelli.com\/fr\/wp-json\/wp\/v2\/media?parent=602101"}],"wp:term":[{"taxonomy":"product_brand","embeddable":true,"href":"https:\/\/lucacastelli.com\/fr\/wp-json\/wp\/v2\/product_brand?post=602101"},{"taxonomy":"product_cat","embeddable":true,"href":"https:\/\/lucacastelli.com\/fr\/wp-json\/wp\/v2\/product_cat?post=602101"},{"taxonomy":"product_tag","embeddable":true,"href":"https:\/\/lucacastelli.com\/fr\/wp-json\/wp\/v2\/product_tag?post=602101"}],"curies":[{"name":"wp","href":"https:\/\/api.w.org\/{rel}","templated":true}]}}