{"id":602057,"date":"2025-08-12T08:37:45","date_gmt":"2025-08-12T06:37:45","guid":{"rendered":"https:\/\/lucacastelli.com\/prodotto\/protos-arborist-avec-visiere-f39\/"},"modified":"2026-03-25T11:30:33","modified_gmt":"2026-03-25T10:30:33","slug":"protos-arborist-avec-visiere-f39","status":"publish","type":"product","link":"https:\/\/lucacastelli.com\/fr\/produit\/protos-arborist-avec-visiere-f39\/","title":{"rendered":"Protos\u00ae Arborist avec visi\u00e8re F39"},"content":{"rendered":"<p>Le PROTOS\u00ae INTEGRAL Arborist est con\u00e7u pour le travail en hauteur. Dans un environnement qui exige la plus grande concentration et la plus grande attention, le casque ne doit pas provoquer de g\u00eane et ne doit absolument pas glisser. Gr\u00e2ce \u00e0 la protection profonde de la nuque, le casque reste parfaitement en place, m\u00eame en position inclin\u00e9e et pendant les travaux en hauteur, ce qui garantit un maintien s\u00fbr. L&#8217;ensemble du syst\u00e8me modulaire est r\u00e9glable avec seulement deux doigts. Ce mod\u00e8le est \u00e9galement \u00e9quip\u00e9 d&#8217;une jugulaire et d&#8217;un amortisseur.<br \/>\nVersion avec jugulaire Protos\u00ae Integral Maclip (Art. No. 204043) Homologu\u00e9 selon EN 1078 Casque de v\u00e9lo et EN 1077 Casque de ski classe B<br \/>\nInfo<br \/>\nUne coiffe bicolore permet d&#8217;augmenter sensiblement la visibilit\u00e9<br \/>\nVersion F39 avec visi\u00e8re fine 39 trous\/cm\u00b2 et G16 avec visi\u00e8re \u00e9paisse \u00e0 16 trous\/cm\u00b2.<br \/>\nLa protection auditive int\u00e9grale offre un indice d&#8217;isolation phonique de : SNR=27 dB (H=34dB, M=24dB, L=17dB)<br \/>\nDirectives EKAS<br \/>\nArt. 4.3.1. La couleur de la coque du casque doit \u00eatre \u00e0 dominante orange ou rouge signal. Une deuxi\u00e8me couleur de signalisation est autoris\u00e9e, \u00e0 condition qu&#8217;elle corresponde au jaune, \u00e0 l&#8217;orange ou au rouge.<br \/>\nS\u00e9curit\u00e9 et confort<br \/>\nTous les avantages du syst\u00e8me Stern pour le Protos\u00ae Integral sont \u00e9galement pr\u00e9sents dans le mod\u00e8le Arborist. En particulier, la structure int\u00e9rieure innovante avec la technologie Klima-Air offre une valeur ajout\u00e9e imbattable pour le porteur. Une ventilation active et un ajustement parfait sur la t\u00eate rendent la journ\u00e9e de travail plus agr\u00e9able.        <\/p>\n<p>Mat\u00e9riau : 50 % ABS 50 % polyamide<br \/>\nPoids : 0,942 kg<br \/>\nTaille : taille unique r\u00e9glable gr\u00e2ce \u00e0 la fermeture brevet\u00e9e du cou<br \/>\nStandard : tour de t\u00eate 54-62 cm<br \/>\nExtra size : tour de t\u00eate : 56-64 cm (disponible sur demande)<br \/>\nNormes : EN 397, EN 1077 B, EN 1078, EN 12492, EN 352-3, EN 1731 S, ANSI Z891<br \/>\nValeur d&#8217;isolation acoustique : SNR=27 dB (H=34dB, M=24dB, L=17dB)<\/p>\n","protected":false},"excerpt":{"rendered":"<p>Le PROTOS\u00ae INTEGRAL Arborist est con\u00e7u pour le travail en hauteur. Dans un environnement qui exige la plus grande concentration<\/p>\n","protected":false},"featured_media":601902,"template":"","meta":{"_seopress_robots_primary_cat":"none","_seopress_titles_title":"","_seopress_titles_desc":"","_seopress_robots_index":""},"product_brand":[3669,4722],"product_cat":[1405,144,1397],"product_tag":[],"class_list":{"0":"post-602057","1":"product","2":"type-product","3":"status-publish","4":"has-post-thumbnail","6":"product_brand-pfanner-fr","7":"product_brand-protos-fr","8":"product_cat-casques","9":"product_cat-equipement","10":"product_cat-equipement-de-travail","11":"sws-gruppo-no-gruppo-fr","12":"sws-conto-ricavi-merci-rivendita-abbigliamento-fr","13":"sws-gruppo-iva-iva81-fr","15":"first","16":"instock","17":"shipping-taxable","18":"purchasable","19":"product-type-variable","20":"has-default-attributes"},"_links":{"self":[{"href":"https:\/\/lucacastelli.com\/fr\/wp-json\/wp\/v2\/product\/602057","targetHints":{"allow":["GET"]}}],"collection":[{"href":"https:\/\/lucacastelli.com\/fr\/wp-json\/wp\/v2\/product"}],"about":[{"href":"https:\/\/lucacastelli.com\/fr\/wp-json\/wp\/v2\/types\/product"}],"wp:featuredmedia":[{"embeddable":true,"href":"https:\/\/lucacastelli.com\/fr\/wp-json\/wp\/v2\/media\/601902"}],"wp:attachment":[{"href":"https:\/\/lucacastelli.com\/fr\/wp-json\/wp\/v2\/media?parent=602057"}],"wp:term":[{"taxonomy":"product_brand","embeddable":true,"href":"https:\/\/lucacastelli.com\/fr\/wp-json\/wp\/v2\/product_brand?post=602057"},{"taxonomy":"product_cat","embeddable":true,"href":"https:\/\/lucacastelli.com\/fr\/wp-json\/wp\/v2\/product_cat?post=602057"},{"taxonomy":"product_tag","embeddable":true,"href":"https:\/\/lucacastelli.com\/fr\/wp-json\/wp\/v2\/product_tag?post=602057"}],"curies":[{"name":"wp","href":"https:\/\/api.w.org\/{rel}","templated":true}]}}