{"id":601349,"date":"2025-08-11T09:17:47","date_gmt":"2025-08-11T07:17:47","guid":{"rendered":"https:\/\/lucacastelli.com\/prodotto\/gant-haute-resistance-milwaukee-f-cut-cat\/"},"modified":"2025-08-11T09:17:47","modified_gmt":"2025-08-11T07:17:47","slug":"gant-haute-resistance-milwaukee-f-cut-cat","status":"publish","type":"product","link":"https:\/\/lucacastelli.com\/fr\/produit\/gant-haute-resistance-milwaukee-f-cut-cat\/","title":{"rendered":"Gant haute r\u00e9sistance Milwaukee &#8211; F-Cut Cat."},"content":{"rendered":"<p>GANTS \u00c0 HAUTE R\u00c9SISTANCE CAT.-12pcs<br \/>\nLe plus haut niveau de protection contre les coupures en Europe;Fil de calibre 18 pour une dext\u00e9rit\u00e9 sup\u00e9rieure;Excellente performance de pr\u00e9hension gr\u00e2ce \u00e0 la paume enduite de nitrile, qui se comporte mieux que les autres mat\u00e9riaux sur les surfaces huileuses et humides;Excellente respirabilit\u00e9 et confort tout au long de la journ\u00e9e ;Renforcement en nitrile entre le pouce et l&#8217;index pour une durabilit\u00e9 au point d&#8217;usure le plus important;SMARTSWIPE\u2122 sur la paume et le bout des doigts &#8211; permet d&#8217;utiliser des appareils \u00e0 \u00e9cran tactile sans retirer les gants, tout en restant prot\u00e9g\u00e9;Sans DMF et conforme \u00e0 REACH;Lavable x3 fois \u00e0 40\u00b0C;Certification europ\u00e9enne pour la protection m\u00e9canique : EN ISO 21420 et EN388:2016 (4X43F).<\/p>\n<p>&nbsp;<\/p>\n","protected":false},"excerpt":{"rendered":"<p>GANTS \u00c0 HAUTE R\u00c9SISTANCE CAT.-12pcs Le plus haut niveau de protection contre les coupures en Europe;Fil de calibre 18 pour<\/p>\n","protected":false},"featured_media":554849,"template":"","meta":{"_seopress_robots_primary_cat":"","_seopress_titles_title":"","_seopress_titles_desc":"","_seopress_robots_index":""},"product_brand":[3407],"product_cat":[21,284],"product_tag":[3270],"class_list":{"0":"post-601349","1":"product","2":"type-product","3":"status-publish","4":"has-post-thumbnail","6":"product_brand-milwaukee","7":"product_cat-abbigliamento","8":"product_cat-abbigliamento-da-lavoro","9":"product_tag-import-milwau","10":"sws-gruppo-abb-libero-fr","11":"sws-conto-ricavi-merci-rivendita-abbigliamento-fr","12":"sws-gruppo-iva-iva81-fr","14":"first","15":"instock","16":"shipping-taxable","17":"purchasable","18":"product-type-variable"},"_links":{"self":[{"href":"https:\/\/lucacastelli.com\/fr\/wp-json\/wp\/v2\/product\/601349","targetHints":{"allow":["GET"]}}],"collection":[{"href":"https:\/\/lucacastelli.com\/fr\/wp-json\/wp\/v2\/product"}],"about":[{"href":"https:\/\/lucacastelli.com\/fr\/wp-json\/wp\/v2\/types\/product"}],"wp:featuredmedia":[{"embeddable":true,"href":"https:\/\/lucacastelli.com\/fr\/wp-json\/wp\/v2\/media\/554849"}],"wp:attachment":[{"href":"https:\/\/lucacastelli.com\/fr\/wp-json\/wp\/v2\/media?parent=601349"}],"wp:term":[{"taxonomy":"product_brand","embeddable":true,"href":"https:\/\/lucacastelli.com\/fr\/wp-json\/wp\/v2\/product_brand?post=601349"},{"taxonomy":"product_cat","embeddable":true,"href":"https:\/\/lucacastelli.com\/fr\/wp-json\/wp\/v2\/product_cat?post=601349"},{"taxonomy":"product_tag","embeddable":true,"href":"https:\/\/lucacastelli.com\/fr\/wp-json\/wp\/v2\/product_tag?post=601349"}],"curies":[{"name":"wp","href":"https:\/\/api.w.org\/{rel}","templated":true}]}}