{"id":600430,"date":"2025-08-03T13:24:06","date_gmt":"2025-08-03T11:24:06","guid":{"rendered":"https:\/\/lucacastelli.com\/prodotto\/lunettes-de-protection-stihl-advance-super-fit\/"},"modified":"2025-08-03T13:24:06","modified_gmt":"2025-08-03T11:24:06","slug":"lunettes-de-protection-stihl-advance-super-fit","status":"publish","type":"product","link":"https:\/\/lucacastelli.com\/fr\/produit\/lunettes-de-protection-stihl-advance-super-fit\/","title":{"rendered":"Lunettes de protection STIHL ADVANCE Super Fit"},"content":{"rendered":"<p>Forme tr\u00e8s l\u00e9g\u00e8re et sportive. Grande surface de protection. Verre avec 100 % de protection contre les UV. Ext\u00e9rieur anti-rayures et anti-bu\u00e9e en permanence.   <\/p>\n","protected":false},"excerpt":{"rendered":"<p>Forme tr\u00e8s l\u00e9g\u00e8re et sportive. Grande surface de protection. Verre avec 100 % de protection contre les UV. Ext\u00e9rieur anti-rayures<\/p>\n","protected":false},"featured_media":425327,"template":"","meta":{"_seopress_robots_primary_cat":"none","_seopress_titles_title":"","_seopress_titles_desc":"","_seopress_robots_index":""},"product_brand":[3366],"product_cat":[33,537,816],"product_tag":[],"class_list":{"0":"post-600430","1":"product","2":"type-product","3":"status-publish","4":"has-post-thumbnail","6":"product_brand-stihl","7":"product_cat-attrezzature","8":"product_cat-attrezzatura-da-lavoro","9":"product_cat-visiere-e-occhiali-protettivi","10":"sws-gruppo-attrezz-fr","11":"sws-categoria-sito-fr","12":"sws-conto-ricavi-merci-rivendita-abbigliamento-fr","13":"sws-gruppo-iva-iva81-fr","15":"first","16":"instock","17":"shipping-taxable","18":"purchasable","19":"product-type-variable"},"_links":{"self":[{"href":"https:\/\/lucacastelli.com\/fr\/wp-json\/wp\/v2\/product\/600430","targetHints":{"allow":["GET"]}}],"collection":[{"href":"https:\/\/lucacastelli.com\/fr\/wp-json\/wp\/v2\/product"}],"about":[{"href":"https:\/\/lucacastelli.com\/fr\/wp-json\/wp\/v2\/types\/product"}],"wp:featuredmedia":[{"embeddable":true,"href":"https:\/\/lucacastelli.com\/fr\/wp-json\/wp\/v2\/media\/425327"}],"wp:attachment":[{"href":"https:\/\/lucacastelli.com\/fr\/wp-json\/wp\/v2\/media?parent=600430"}],"wp:term":[{"taxonomy":"product_brand","embeddable":true,"href":"https:\/\/lucacastelli.com\/fr\/wp-json\/wp\/v2\/product_brand?post=600430"},{"taxonomy":"product_cat","embeddable":true,"href":"https:\/\/lucacastelli.com\/fr\/wp-json\/wp\/v2\/product_cat?post=600430"},{"taxonomy":"product_tag","embeddable":true,"href":"https:\/\/lucacastelli.com\/fr\/wp-json\/wp\/v2\/product_tag?post=600430"}],"curies":[{"name":"wp","href":"https:\/\/api.w.org\/{rel}","templated":true}]}}