{"id":600259,"date":"2022-06-27T06:38:10","date_gmt":"2022-06-27T04:38:10","guid":{"rendered":"https:\/\/lucacastelli.com\/prodotto\/casquette-en-laine-pfanner\/"},"modified":"2026-03-14T00:15:23","modified_gmt":"2026-03-13T23:15:23","slug":"casquette-en-laine-pfanner","status":"publish","type":"product","link":"https:\/\/lucacastelli.com\/fr\/produit\/casquette-en-laine-pfanner\/","title":{"rendered":"Casquette en laine Pfanner"},"content":{"rendered":"<p>&#8211; Bonnet en feutre de laine double tricot\u00e9<br \/>\n extra \u00e9pais- Pour les journ\u00e9es extr\u00eamement froides<br \/>\n&#8211; Tricot droite-droite<br \/>\n&#8211; 100&nbsp;% de conservation de la forme<br \/>\n&#8211; Finition sans couture<\/p>\n<p>Feutre de laine double extra \u00e9pais pour les journ\u00e9es extr\u00eamement froides. Parfait pour l\u2019extr\u00eame avec le tricot feutr\u00e9 droit-droit et le harnais 1\/1. La conception offre un ajustement parfait \u00e0 la t\u00eate. La finition sans couture \u00e9vite une sensation de pression g\u00eanante.   <\/p>\n<p>Mati\u00e8re<br \/>\n58 % acrylique, 24 % nylon, 15 % laine, 3 % \u00e9lasthanne<\/p>\n<p>Dimensions<br \/>\nTaille unique<\/p>\n","protected":false},"excerpt":{"rendered":"<p>&#8211; Bonnet en feutre de laine double tricot\u00e9 extra \u00e9pais- Pour les journ\u00e9es extr\u00eamement froides &#8211; Tricot droite-droite &#8211; 100&nbsp;%<\/p>\n","protected":false},"featured_media":71998,"template":"","meta":{"_seopress_robots_primary_cat":"none","_seopress_titles_title":"","_seopress_titles_desc":"","_seopress_robots_index":""},"product_brand":[3669],"product_cat":[1390,81],"product_tag":[],"class_list":{"0":"post-600259","1":"product","2":"type-product","3":"status-publish","4":"has-post-thumbnail","6":"product_brand-pfanner-fr","7":"product_cat-accessoires-dhabillement","8":"product_cat-vetements","9":"sws-gruppo-no-gruppo","10":"sws-categoria-sito","11":"sws-sottocategoria-altro","12":"sws-conto-ricavi-merci-rivendita-abbigliamento","13":"sws-gruppo-iva-iva81","15":"first","16":"outofstock","17":"shipping-taxable","18":"purchasable","19":"product-type-variable","20":"has-default-attributes"},"_links":{"self":[{"href":"https:\/\/lucacastelli.com\/fr\/wp-json\/wp\/v2\/product\/600259","targetHints":{"allow":["GET"]}}],"collection":[{"href":"https:\/\/lucacastelli.com\/fr\/wp-json\/wp\/v2\/product"}],"about":[{"href":"https:\/\/lucacastelli.com\/fr\/wp-json\/wp\/v2\/types\/product"}],"wp:featuredmedia":[{"embeddable":true,"href":"https:\/\/lucacastelli.com\/fr\/wp-json\/wp\/v2\/media\/71998"}],"wp:attachment":[{"href":"https:\/\/lucacastelli.com\/fr\/wp-json\/wp\/v2\/media?parent=600259"}],"wp:term":[{"taxonomy":"product_brand","embeddable":true,"href":"https:\/\/lucacastelli.com\/fr\/wp-json\/wp\/v2\/product_brand?post=600259"},{"taxonomy":"product_cat","embeddable":true,"href":"https:\/\/lucacastelli.com\/fr\/wp-json\/wp\/v2\/product_cat?post=600259"},{"taxonomy":"product_tag","embeddable":true,"href":"https:\/\/lucacastelli.com\/fr\/wp-json\/wp\/v2\/product_tag?post=600259"}],"curies":[{"name":"wp","href":"https:\/\/api.w.org\/{rel}","templated":true}]}}