{"id":600247,"date":"2022-06-27T06:32:11","date_gmt":"2022-06-27T04:32:11","guid":{"rendered":"https:\/\/lucacastelli.com\/prodotto\/pfanner-wollfilzhandschuh\/"},"modified":"2026-04-18T01:41:10","modified_gmt":"2026-04-17T23:41:10","slug":"pfanner-wollfilzhandschuh","status":"publish","type":"product","link":"https:\/\/lucacastelli.com\/fr\/produit\/pfanner-wollfilzhandschuh\/","title":{"rendered":"PFANNER Gants en feutre de laine"},"content":{"rendered":"<p>Les gants en feutre de laine sont parfaits pour les journ\u00e9es froides o\u00f9 vous devez avoir les doigts libres de temps en temps. Ils peuvent \u00eatre port\u00e9s comme des moufles ou comme des mitaines. Le capuchon peut \u00eatre fix\u00e9 sur le dos de la main par un bouton-pression. De plus, ces gants en tricot sont confortables \u00e0 porter et poss\u00e8dent une paume antid\u00e9rapante.   <\/p>\n<p>&#8211; Gant en feutre tricot\u00e9 extra \u00e9pais<br \/>\n&#8211; Peut \u00eatre port\u00e9 comme une moufle ou avec les doigts libres<br \/>\n&#8211; Paume renforc\u00e9e et antid\u00e9rapante<br \/>\n&#8211; Doublure PrimaLoft\u00ae Gold<\/p>\n<p>58 % acrylique, 24 % nylon, 15 % laine, 3 % \u00e9lasthanne<br \/>\nDoublure : 100 % PrimaLoft\u00ae Gold<\/p>\n","protected":false},"excerpt":{"rendered":"<p>Les gants en feutre de laine sont parfaits pour les journ\u00e9es froides o\u00f9 vous devez avoir les doigts libres de<\/p>\n","protected":false},"featured_media":71988,"template":"","meta":{"_seopress_robots_primary_cat":"","_seopress_titles_title":"","_seopress_titles_desc":"","_seopress_robots_index":""},"product_brand":[3669],"product_cat":[1390,81],"product_tag":[],"class_list":{"0":"post-600247","1":"product","2":"type-product","3":"status-publish","4":"has-post-thumbnail","6":"product_brand-pfanner-fr","7":"product_cat-accessoires-dhabillement","8":"product_cat-vetements","9":"sws-gruppo-no-gruppo-fr","10":"sws-categoria-sito-fr","11":"sws-sottocategoria-altro-fr","12":"sws-conto-ricavi-merci-rivendita-abbigliamento-fr","13":"sws-gruppo-iva-iva81-fr","15":"first","16":"outofstock","17":"shipping-taxable","18":"product-type-variable"},"_links":{"self":[{"href":"https:\/\/lucacastelli.com\/fr\/wp-json\/wp\/v2\/product\/600247","targetHints":{"allow":["GET"]}}],"collection":[{"href":"https:\/\/lucacastelli.com\/fr\/wp-json\/wp\/v2\/product"}],"about":[{"href":"https:\/\/lucacastelli.com\/fr\/wp-json\/wp\/v2\/types\/product"}],"wp:featuredmedia":[{"embeddable":true,"href":"https:\/\/lucacastelli.com\/fr\/wp-json\/wp\/v2\/media\/71988"}],"wp:attachment":[{"href":"https:\/\/lucacastelli.com\/fr\/wp-json\/wp\/v2\/media?parent=600247"}],"wp:term":[{"taxonomy":"product_brand","embeddable":true,"href":"https:\/\/lucacastelli.com\/fr\/wp-json\/wp\/v2\/product_brand?post=600247"},{"taxonomy":"product_cat","embeddable":true,"href":"https:\/\/lucacastelli.com\/fr\/wp-json\/wp\/v2\/product_cat?post=600247"},{"taxonomy":"product_tag","embeddable":true,"href":"https:\/\/lucacastelli.com\/fr\/wp-json\/wp\/v2\/product_tag?post=600247"}],"curies":[{"name":"wp","href":"https:\/\/api.w.org\/{rel}","templated":true}]}}