{"id":600240,"date":"2022-06-27T06:52:09","date_gmt":"2022-06-27T04:52:09","guid":{"rendered":"https:\/\/lucacastelli.com\/prodotto\/pfanner-holzer-debardeur\/"},"modified":"2025-09-03T08:17:31","modified_gmt":"2025-09-03T06:17:31","slug":"pfanner-holzer-debardeur","status":"publish","type":"product","link":"https:\/\/lucacastelli.com\/fr\/produit\/pfanner-holzer-debardeur\/","title":{"rendered":"Ensemble de 3 d\u00e9bardeurs Pfanner Holzer TankTop"},"content":{"rendered":"<p>&#8211; Bande de cou d\u2019\u00e9paule \u00e0 \u00e9paule pour une meilleure tenue de la forme<br \/>\n &#8211; sans coutures lat\u00e9rales<br \/>\n &#8211; convient \u00e9galement comme sous-v\u00eatement<br \/>\n &#8211; avec logo Holzer sur le c\u00f4t\u00e9 gauche de la poitrine<\/p>\n","protected":false},"excerpt":{"rendered":"<p>&#8211; Bande de cou d\u2019\u00e9paule \u00e0 \u00e9paule pour une meilleure tenue de la forme &#8211; sans coutures lat\u00e9rales &#8211; convient<\/p>\n","protected":false},"featured_media":618090,"template":"","meta":{"_seopress_robots_primary_cat":"none","_seopress_titles_title":"","_seopress_titles_desc":"","_seopress_robots_index":""},"product_brand":[3458],"product_cat":[21,284],"product_tag":[],"class_list":{"0":"post-600240","1":"product","2":"type-product","3":"status-publish","4":"has-post-thumbnail","6":"product_brand-pfanner","7":"product_cat-abbigliamento","8":"product_cat-abbigliamento-da-lavoro","9":"sws-gruppo-no-gruppo","10":"sws-categoria-sito","11":"sws-sottocategoria-altro","12":"sws-conto-ricavi-merci-rivendita-abbigliamento","13":"sws-gruppo-iva-iva81","15":"first","16":"instock","17":"shipping-taxable","18":"purchasable","19":"product-type-variable"},"_links":{"self":[{"href":"https:\/\/lucacastelli.com\/fr\/wp-json\/wp\/v2\/product\/600240","targetHints":{"allow":["GET"]}}],"collection":[{"href":"https:\/\/lucacastelli.com\/fr\/wp-json\/wp\/v2\/product"}],"about":[{"href":"https:\/\/lucacastelli.com\/fr\/wp-json\/wp\/v2\/types\/product"}],"wp:featuredmedia":[{"embeddable":true,"href":"https:\/\/lucacastelli.com\/fr\/wp-json\/wp\/v2\/media\/618090"}],"wp:attachment":[{"href":"https:\/\/lucacastelli.com\/fr\/wp-json\/wp\/v2\/media?parent=600240"}],"wp:term":[{"taxonomy":"product_brand","embeddable":true,"href":"https:\/\/lucacastelli.com\/fr\/wp-json\/wp\/v2\/product_brand?post=600240"},{"taxonomy":"product_cat","embeddable":true,"href":"https:\/\/lucacastelli.com\/fr\/wp-json\/wp\/v2\/product_cat?post=600240"},{"taxonomy":"product_tag","embeddable":true,"href":"https:\/\/lucacastelli.com\/fr\/wp-json\/wp\/v2\/product_tag?post=600240"}],"curies":[{"name":"wp","href":"https:\/\/api.w.org\/{rel}","templated":true}]}}