{"id":600225,"date":"2022-06-27T06:57:10","date_gmt":"2022-06-27T04:57:10","guid":{"rendered":"https:\/\/lucacastelli.com\/prodotto\/ensemble-de-t-shirts-pfanner-2er\/"},"modified":"2022-06-27T06:57:10","modified_gmt":"2022-06-27T04:57:10","slug":"ensemble-de-t-shirts-pfanner-2er","status":"publish","type":"product","link":"https:\/\/lucacastelli.com\/fr\/produit\/ensemble-de-t-shirts-pfanner-2er\/","title":{"rendered":"Ensemble de t-shirts PFANNER (2er)"},"content":{"rendered":"<p>Le confort d\u2019ajustement et la conservation de la forme sont augment\u00e9s par le col continu. <\/p>\n<p>Mati\u00e8re&nbsp;:<br \/>\nGris cendr\u00e9 : 85&nbsp;% coton, 15&nbsp;% viscose ;<br \/>\nNoir brillant : 80 % coton, 20 % polyester<\/p>\n","protected":false},"excerpt":{"rendered":"<p>Le confort d\u2019ajustement et la conservation de la forme sont augment\u00e9s par le col continu. Mati\u00e8re&nbsp;: Gris cendr\u00e9 : 85&nbsp;%<\/p>\n","protected":false},"featured_media":40735,"template":"","meta":{"_seopress_robots_primary_cat":"","_seopress_titles_title":"","_seopress_titles_desc":"","_seopress_robots_index":""},"product_brand":[3669],"product_cat":[81,1381],"product_tag":[],"class_list":{"0":"post-600225","1":"product","2":"type-product","3":"status-publish","4":"has-post-thumbnail","6":"product_brand-pfanner-fr","7":"product_cat-vetements","8":"product_cat-vetements-de-travail","9":"sws-gruppo-no-gruppo","10":"sws-categoria-sito","11":"sws-sottocategoria-altro","12":"sws-conto-ricavi-merci-rivendita-abbigliamento","13":"sws-gruppo-iva-iva81","15":"first","16":"onbackorder","17":"shipping-taxable","18":"purchasable","19":"product-type-variable"},"_links":{"self":[{"href":"https:\/\/lucacastelli.com\/fr\/wp-json\/wp\/v2\/product\/600225","targetHints":{"allow":["GET"]}}],"collection":[{"href":"https:\/\/lucacastelli.com\/fr\/wp-json\/wp\/v2\/product"}],"about":[{"href":"https:\/\/lucacastelli.com\/fr\/wp-json\/wp\/v2\/types\/product"}],"wp:featuredmedia":[{"embeddable":true,"href":"https:\/\/lucacastelli.com\/fr\/wp-json\/wp\/v2\/media\/40735"}],"wp:attachment":[{"href":"https:\/\/lucacastelli.com\/fr\/wp-json\/wp\/v2\/media?parent=600225"}],"wp:term":[{"taxonomy":"product_brand","embeddable":true,"href":"https:\/\/lucacastelli.com\/fr\/wp-json\/wp\/v2\/product_brand?post=600225"},{"taxonomy":"product_cat","embeddable":true,"href":"https:\/\/lucacastelli.com\/fr\/wp-json\/wp\/v2\/product_cat?post=600225"},{"taxonomy":"product_tag","embeddable":true,"href":"https:\/\/lucacastelli.com\/fr\/wp-json\/wp\/v2\/product_tag?post=600225"}],"curies":[{"name":"wp","href":"https:\/\/api.w.org\/{rel}","templated":true}]}}