{"id":600216,"date":"2022-06-27T07:16:06","date_gmt":"2022-06-27T05:16:06","guid":{"rendered":"https:\/\/lucacastelli.com\/prodotto\/pfanner-funktions-shorts\/"},"modified":"2025-09-03T08:17:37","modified_gmt":"2025-09-03T06:17:37","slug":"pfanner-funktions-shorts","status":"publish","type":"product","link":"https:\/\/lucacastelli.com\/fr\/produit\/pfanner-funktions-shorts\/","title":{"rendered":"PFANNER Funktions-Shorts"},"content":{"rendered":"<p>Le short fonctionnel est un pantalon extr\u00eamement \u00e9lastique et respirant avec une fonction de r\u00e9gulation du climat.<\/p>\n<p>&#8211; Technologie StretchAIRR<br \/>\n&#8211; Extr\u00eamement \u00e9lastique, l\u00e9ger<br \/>\n&#8211; Antibact\u00e9rien, s\u00e9chage<br \/>\n rapide- Maintient la zone g\u00e9nitale s\u00e8che, m\u00eame \u00e0 des temp\u00e9ratures extr\u00eames<\/p>\n<p>95 % polyamide, 5 % \u00e9lasthanne<\/p>\n","protected":false},"excerpt":{"rendered":"<p>Le short fonctionnel est un pantalon extr\u00eamement \u00e9lastique et respirant avec une fonction de r\u00e9gulation du climat. &#8211; Technologie StretchAIRR<\/p>\n","protected":false},"featured_media":72041,"template":"","meta":{"_seopress_robots_primary_cat":"none","_seopress_titles_title":"","_seopress_titles_desc":"","_seopress_robots_index":""},"product_brand":[3458],"product_cat":[21,186],"product_tag":[],"class_list":{"0":"post-600216","1":"product","2":"type-product","3":"status-publish","4":"has-post-thumbnail","6":"product_brand-pfanner","7":"product_cat-abbigliamento","8":"product_cat-accessori-per-labbigliamento","9":"sws-gruppo-no-gruppo","10":"sws-categoria-sito","11":"sws-sottocategoria-altro","12":"sws-conto-ricavi-merci-rivendita-abbigliamento","13":"sws-gruppo-iva-iva81","15":"first","16":"instock","17":"shipping-taxable","18":"purchasable","19":"product-type-variable","20":"has-default-attributes"},"_links":{"self":[{"href":"https:\/\/lucacastelli.com\/fr\/wp-json\/wp\/v2\/product\/600216","targetHints":{"allow":["GET"]}}],"collection":[{"href":"https:\/\/lucacastelli.com\/fr\/wp-json\/wp\/v2\/product"}],"about":[{"href":"https:\/\/lucacastelli.com\/fr\/wp-json\/wp\/v2\/types\/product"}],"wp:featuredmedia":[{"embeddable":true,"href":"https:\/\/lucacastelli.com\/fr\/wp-json\/wp\/v2\/media\/72041"}],"wp:attachment":[{"href":"https:\/\/lucacastelli.com\/fr\/wp-json\/wp\/v2\/media?parent=600216"}],"wp:term":[{"taxonomy":"product_brand","embeddable":true,"href":"https:\/\/lucacastelli.com\/fr\/wp-json\/wp\/v2\/product_brand?post=600216"},{"taxonomy":"product_cat","embeddable":true,"href":"https:\/\/lucacastelli.com\/fr\/wp-json\/wp\/v2\/product_cat?post=600216"},{"taxonomy":"product_tag","embeddable":true,"href":"https:\/\/lucacastelli.com\/fr\/wp-json\/wp\/v2\/product_tag?post=600216"}],"curies":[{"name":"wp","href":"https:\/\/api.w.org\/{rel}","templated":true}]}}