{"id":600208,"date":"2022-06-30T11:00:17","date_gmt":"2022-06-30T09:00:17","guid":{"rendered":"https:\/\/lucacastelli.com\/prodotto\/pfanner-protos-integral-kinnriemen-integral-de-maclip\/"},"modified":"2026-04-18T01:39:11","modified_gmt":"2026-04-17T23:39:11","slug":"pfanner-protos-integral-kinnriemen-integral-de-maclip","status":"publish","type":"product","link":"https:\/\/lucacastelli.com\/fr\/produit\/pfanner-protos-integral-kinnriemen-integral-de-maclip\/","title":{"rendered":"Jugulaire PFANNER Protos Integral Maclip"},"content":{"rendered":"<p>La jugulaire s&#8217;adapte \u00e0 la calotte du Protos\u00ae Integral. Elle peut \u00eatre fix\u00e9e dans les \u0153illets pr\u00e9fabriqu\u00e9s du Protos\u00ae au moyen de boutons-pression. Le guidage de la sangle sur la coque de nuque garantit un ajustement parfait de la jugulaire et emp\u00eache qu&#8217;elle ne glisse sous la protection auditive. Syst\u00e8me de fermeture magn\u00e9tique.   <\/p>\n<p>Il est recommand\u00e9 de remplacer la jugulaire tous les 1 \u00e0 2 ans en cas d&#8217;utilisation quotidienne.<\/p>\n","protected":false},"excerpt":{"rendered":"<p>La jugulaire s&#8217;adapte \u00e0 la calotte du Protos\u00ae Integral. Elle peut \u00eatre fix\u00e9e dans les \u0153illets pr\u00e9fabriqu\u00e9s du Protos\u00ae au<\/p>\n","protected":false},"featured_media":72828,"template":"","meta":{"_seopress_robots_primary_cat":"none","_seopress_titles_title":"","_seopress_titles_desc":"","_seopress_robots_index":""},"product_brand":[3669,4722],"product_cat":[144,1397,1405,1412],"product_tag":[],"class_list":{"0":"post-600208","1":"product","2":"type-product","3":"status-publish","4":"has-post-thumbnail","6":"product_brand-pfanner-fr","7":"product_brand-protos-fr","8":"product_cat-equipement","9":"product_cat-equipement-de-travail","10":"product_cat-casques","11":"product_cat-visieres-et-lunettes","12":"sws-gruppo-no-gruppo-fr","13":"sws-categoria-sito-fr","14":"sws-sottocategoria-altro-fr","15":"sws-conto-ricavi-merci-rivendita-abbigliamento-fr","16":"sws-gruppo-iva-iva81-fr","18":"first","19":"instock","20":"shipping-taxable","21":"purchasable","22":"product-type-simple"},"_links":{"self":[{"href":"https:\/\/lucacastelli.com\/fr\/wp-json\/wp\/v2\/product\/600208","targetHints":{"allow":["GET"]}}],"collection":[{"href":"https:\/\/lucacastelli.com\/fr\/wp-json\/wp\/v2\/product"}],"about":[{"href":"https:\/\/lucacastelli.com\/fr\/wp-json\/wp\/v2\/types\/product"}],"wp:featuredmedia":[{"embeddable":true,"href":"https:\/\/lucacastelli.com\/fr\/wp-json\/wp\/v2\/media\/72828"}],"wp:attachment":[{"href":"https:\/\/lucacastelli.com\/fr\/wp-json\/wp\/v2\/media?parent=600208"}],"wp:term":[{"taxonomy":"product_brand","embeddable":true,"href":"https:\/\/lucacastelli.com\/fr\/wp-json\/wp\/v2\/product_brand?post=600208"},{"taxonomy":"product_cat","embeddable":true,"href":"https:\/\/lucacastelli.com\/fr\/wp-json\/wp\/v2\/product_cat?post=600208"},{"taxonomy":"product_tag","embeddable":true,"href":"https:\/\/lucacastelli.com\/fr\/wp-json\/wp\/v2\/product_tag?post=600208"}],"curies":[{"name":"wp","href":"https:\/\/api.w.org\/{rel}","templated":true}]}}