{"id":599737,"date":"2022-06-30T10:54:12","date_gmt":"2022-06-30T08:54:12","guid":{"rendered":"https:\/\/lucacastelli.com\/prodotto\/pfanner-protection-auditive-avec-rembourrage-disolation\/"},"modified":"2026-03-17T09:34:44","modified_gmt":"2026-03-17T08:34:44","slug":"pfanner-protection-auditive-avec-rembourrage-disolation","status":"publish","type":"product","link":"https:\/\/lucacastelli.com\/fr\/produit\/pfanner-protection-auditive-avec-rembourrage-disolation\/","title":{"rendered":"Pfanner Protection auditive avec rembourrage d&#8217;isolation."},"content":{"rendered":"<p>Insert isolant pour protections auditives Protos Pour des raisons d\u2019hygi\u00e8ne<\/p>\n<p>, les coussinets de support et les inserts d\u2019att\u00e9nuation doivent \u00eatre remplac\u00e9s r\u00e9guli\u00e8rement.<\/p>\n","protected":false},"excerpt":{"rendered":"<p>Insert isolant pour protections auditives Protos Pour des raisons d\u2019hygi\u00e8ne , les coussinets de support et les inserts d\u2019att\u00e9nuation doivent<\/p>\n","protected":false},"featured_media":72823,"template":"","meta":{"_seopress_robots_primary_cat":"none","_seopress_titles_title":"","_seopress_titles_desc":"","_seopress_robots_index":""},"product_brand":[3458,4381],"product_cat":[33,537,815,816],"product_tag":[],"class_list":{"0":"post-599737","1":"product","2":"type-product","3":"status-publish","4":"has-post-thumbnail","6":"product_brand-pfanner","7":"product_brand-protos","8":"product_cat-attrezzature","9":"product_cat-attrezzatura-da-lavoro","10":"product_cat-caschi","11":"product_cat-visiere-e-occhiali-protettivi","12":"sws-gruppo-no-gruppo","13":"sws-categoria-sito","14":"sws-sottocategoria-altro","15":"sws-conto-ricavi-merci-rivendita-abbigliamento","16":"sws-gruppo-iva-iva81","18":"first","19":"instock","20":"shipping-taxable","21":"purchasable","22":"product-type-simple"},"_links":{"self":[{"href":"https:\/\/lucacastelli.com\/fr\/wp-json\/wp\/v2\/product\/599737","targetHints":{"allow":["GET"]}}],"collection":[{"href":"https:\/\/lucacastelli.com\/fr\/wp-json\/wp\/v2\/product"}],"about":[{"href":"https:\/\/lucacastelli.com\/fr\/wp-json\/wp\/v2\/types\/product"}],"wp:featuredmedia":[{"embeddable":true,"href":"https:\/\/lucacastelli.com\/fr\/wp-json\/wp\/v2\/media\/72823"}],"wp:attachment":[{"href":"https:\/\/lucacastelli.com\/fr\/wp-json\/wp\/v2\/media?parent=599737"}],"wp:term":[{"taxonomy":"product_brand","embeddable":true,"href":"https:\/\/lucacastelli.com\/fr\/wp-json\/wp\/v2\/product_brand?post=599737"},{"taxonomy":"product_cat","embeddable":true,"href":"https:\/\/lucacastelli.com\/fr\/wp-json\/wp\/v2\/product_cat?post=599737"},{"taxonomy":"product_tag","embeddable":true,"href":"https:\/\/lucacastelli.com\/fr\/wp-json\/wp\/v2\/product_tag?post=599737"}],"curies":[{"name":"wp","href":"https:\/\/api.w.org\/{rel}","templated":true}]}}