{"id":599436,"date":"2025-08-01T06:12:29","date_gmt":"2025-08-01T04:12:29","guid":{"rendered":"https:\/\/lucacastelli.com\/prodotto\/pfanner-protos-integral-lunettes-de-protection\/"},"modified":"2026-04-16T02:09:46","modified_gmt":"2026-04-16T00:09:46","slug":"pfanner-protos-integral-lunettes-de-protection","status":"publish","type":"product","link":"https:\/\/lucacastelli.com\/fr\/produit\/pfanner-protos-integral-lunettes-de-protection\/","title":{"rendered":"PFANNER Protos\u00ae Integral lunettes de protection"},"content":{"rendered":"<p>Lunettes Protos pour solution int\u00e9grale, angle des lunettes Protos r\u00e9glable, insert optionnel pour verres correcteurs, plaquettes de nez mobiles, les lunettes peuvent \u00eatre gliss\u00e9es dans la calotte du casque avec deux doigts, protection UV \u00e0 100 %.<\/p>\n<p>Mat\u00e9riau : 100 % polycarbonate<\/p>\n<p>Coloris : transparent, jaune, orange, gris miroir<\/p>\n<p>Tailles disponibles : uni<\/p>\n","protected":false},"excerpt":{"rendered":"<p>Lunettes Protos pour solution int\u00e9grale, angle des lunettes Protos r\u00e9glable, insert optionnel pour verres correcteurs, plaquettes de nez mobiles, les<\/p>\n","protected":false},"featured_media":71945,"template":"","meta":{"_seopress_robots_primary_cat":"none","_seopress_titles_title":"","_seopress_titles_desc":"","_seopress_robots_index":""},"product_brand":[3669,4722],"product_cat":[1405,144,1397,1412],"product_tag":[],"class_list":{"0":"post-599436","1":"product","2":"type-product","3":"status-publish","4":"has-post-thumbnail","6":"product_brand-pfanner-fr","7":"product_brand-protos-fr","8":"product_cat-casques","9":"product_cat-equipement","10":"product_cat-equipement-de-travail","11":"product_cat-visieres-et-lunettes","12":"sws-gruppo-no-gruppo-fr","13":"sws-categoria-sito-fr","14":"sws-sottocategoria-altro-fr","15":"sws-conto-ricavi-merci-rivendita-abbigliamento-fr","16":"sws-gruppo-iva-iva81-fr","18":"first","19":"instock","20":"shipping-taxable","21":"purchasable","22":"product-type-variable"},"_links":{"self":[{"href":"https:\/\/lucacastelli.com\/fr\/wp-json\/wp\/v2\/product\/599436","targetHints":{"allow":["GET"]}}],"collection":[{"href":"https:\/\/lucacastelli.com\/fr\/wp-json\/wp\/v2\/product"}],"about":[{"href":"https:\/\/lucacastelli.com\/fr\/wp-json\/wp\/v2\/types\/product"}],"wp:featuredmedia":[{"embeddable":true,"href":"https:\/\/lucacastelli.com\/fr\/wp-json\/wp\/v2\/media\/71945"}],"wp:attachment":[{"href":"https:\/\/lucacastelli.com\/fr\/wp-json\/wp\/v2\/media?parent=599436"}],"wp:term":[{"taxonomy":"product_brand","embeddable":true,"href":"https:\/\/lucacastelli.com\/fr\/wp-json\/wp\/v2\/product_brand?post=599436"},{"taxonomy":"product_cat","embeddable":true,"href":"https:\/\/lucacastelli.com\/fr\/wp-json\/wp\/v2\/product_cat?post=599436"},{"taxonomy":"product_tag","embeddable":true,"href":"https:\/\/lucacastelli.com\/fr\/wp-json\/wp\/v2\/product_tag?post=599436"}],"curies":[{"name":"wp","href":"https:\/\/api.w.org\/{rel}","templated":true}]}}