{"id":599405,"date":"2025-08-05T12:47:35","date_gmt":"2025-08-05T10:47:35","guid":{"rendered":"https:\/\/lucacastelli.com\/prodotto\/pfanner-ventilation-jacke-rouge-yellowfluo\/"},"modified":"2025-08-05T12:47:35","modified_gmt":"2025-08-05T10:47:35","slug":"pfanner-ventilation-jacke-rouge-yellowfluo","status":"publish","type":"product","link":"https:\/\/lucacastelli.com\/fr\/produit\/pfanner-ventilation-jacke-rouge-yellowfluo\/","title":{"rendered":"PFANNER Ventilation Jacke rouge &#8211; yellowfluo"},"content":{"rendered":"<p>La veste de ventilation extr\u00eamement l\u00e9g\u00e8re est con\u00e7ue pour les journ\u00e9es de travail les plus chaudes. La technologie respirante StretchAIR\u00ae garantit une libert\u00e9 de mouvement et une respirabilit\u00e9 maximales. La technologie KlimaAIR assure la ventilation de la veste, qui peut encore \u00eatre maximis\u00e9e gr\u00e2ce aux ouvertures de ventilation de 50 cm de long au niveau des aisselles. La poche de poitrine Zipp2Zipp\u00ae offre un espace facilement accessible. Les poches ventrales situ\u00e9es en haut sont \u00e9galement facilement accessibles avec une ceinture \u00e0 outils et un harnais.<br \/>\n-Technologie StretchAIR\u00ae<br \/>\n-Technologie KlimaAIR\u00ae<br \/>\n-Libert\u00e9 de mouvement maximale<br \/>\n-Tissu ext\u00e9rieur d\u00e9perlant et antisalissure<br \/>\n-A\u00e9ration de 50 cm au niveau des aisselles<br \/>\n-Poignets \u00e9lastiques fonctionnels<br \/>\n-Col montant<br \/>\n-Poche poitrine Zipp2Zipp\u00ae<br \/>\n-Bandes r\u00e9fl\u00e9chissantes<br \/>\n-Certifi\u00e9 EN 20471 \/ Classe 2 (version orange).    <\/p>\n<p>Mati\u00e8re :<br \/>\nMati\u00e8re ext\u00e9rieure : 90% polyamide, 10% \u00e9lasthanne<br \/>\nMati\u00e8re ext\u00e9rieure orange : 83% EME-Lycra, 17% polyester<br \/>\nDoublure : 100% polyester Cocona<br \/>\nNormes<br \/>\nEN 20471 \/ Classe 2 (version orange uniquement).<\/p>\n","protected":false},"excerpt":{"rendered":"<p>La veste de ventilation extr\u00eamement l\u00e9g\u00e8re est con\u00e7ue pour les journ\u00e9es de travail les plus chaudes. La technologie respirante StretchAIR\u00ae<\/p>\n","protected":false},"featured_media":593790,"template":"","meta":{"_seopress_robots_primary_cat":"none","_seopress_titles_title":"","_seopress_titles_desc":"","_seopress_robots_index":""},"product_brand":[3669],"product_cat":[81,1381],"product_tag":[],"class_list":{"0":"post-599405","1":"product","2":"type-product","3":"status-publish","4":"has-post-thumbnail","6":"product_brand-pfanner-fr","7":"product_cat-vetements","8":"product_cat-vetements-de-travail","9":"sws-gruppo-no-gruppo","10":"sws-conto-ricavi-merci-rivendita-abbigliamento","11":"sws-gruppo-iva-iva81","13":"first","14":"instock","15":"shipping-taxable","16":"purchasable","17":"product-type-variable","18":"has-default-attributes"},"_links":{"self":[{"href":"https:\/\/lucacastelli.com\/fr\/wp-json\/wp\/v2\/product\/599405","targetHints":{"allow":["GET"]}}],"collection":[{"href":"https:\/\/lucacastelli.com\/fr\/wp-json\/wp\/v2\/product"}],"about":[{"href":"https:\/\/lucacastelli.com\/fr\/wp-json\/wp\/v2\/types\/product"}],"wp:featuredmedia":[{"embeddable":true,"href":"https:\/\/lucacastelli.com\/fr\/wp-json\/wp\/v2\/media\/593790"}],"wp:attachment":[{"href":"https:\/\/lucacastelli.com\/fr\/wp-json\/wp\/v2\/media?parent=599405"}],"wp:term":[{"taxonomy":"product_brand","embeddable":true,"href":"https:\/\/lucacastelli.com\/fr\/wp-json\/wp\/v2\/product_brand?post=599405"},{"taxonomy":"product_cat","embeddable":true,"href":"https:\/\/lucacastelli.com\/fr\/wp-json\/wp\/v2\/product_cat?post=599405"},{"taxonomy":"product_tag","embeddable":true,"href":"https:\/\/lucacastelli.com\/fr\/wp-json\/wp\/v2\/product_tag?post=599405"}],"curies":[{"name":"wp","href":"https:\/\/api.w.org\/{rel}","templated":true}]}}