{"id":599295,"date":"2025-08-05T12:44:19","date_gmt":"2025-08-05T10:44:19","guid":{"rendered":"https:\/\/lucacastelli.com\/prodotto\/pfanner-ventilation-jacke-gris-rouge\/"},"modified":"2026-04-16T01:13:52","modified_gmt":"2026-04-15T23:13:52","slug":"pfanner-ventilation-jacke-gris-rouge","status":"publish","type":"product","link":"https:\/\/lucacastelli.com\/fr\/produit\/pfanner-ventilation-jacke-gris-rouge\/","title":{"rendered":"Veste PFANNER Ventilation gris &#8211; rouge"},"content":{"rendered":"<p>La veste Ventilation, extr\u00eamement l\u00e9g\u00e8re, a \u00e9t\u00e9 con\u00e7ue pour les journ\u00e9es de travail les plus chaudes. La technologie StretchAIR\u00ae respirante garantit une libert\u00e9 de mouvement et une respirabilit\u00e9 maximales. La technologie KlimaAIR\u00ae assure la ventilation de la veste, qui peut \u00eatre encore optimis\u00e9e gr\u00e2ce aux ouvertures de ventilation de 50 cm de long sous les bras. La poche de poitrine Zipp2Zipp\u00ae offre un espace facilement accessible. Les poches ventrales positionn\u00e9es en hauteur sont facilement accessibles, m\u00eame avec un ceinturon porte-outils et un harnais.<br \/>\n-Technologie StretchAIR\u00ae<br \/>\n-Technologie KlimaAIR\u00ae<br \/>\n-Libert\u00e9 de mouvement maximale<br \/>\n-Tissu ext\u00e9rieur d\u00e9perlant et r\u00e9sistant aux salissures<br \/>\n-Ventilation sous les bras de 50 cm de long<br \/>\n-Poignets fonctionnels extensibles<br \/>\n-Col montant<br \/>\n-Poche de poitrine Zipp2Zipp\u00ae<br \/>\n-Bandes r\u00e9fl\u00e9chissantes<br \/>\n-Couleur de signalisation certifi\u00e9e EN 20471 \/ Classe 2 (version orange)    <\/p>\n<p>Mat\u00e9riau :<br \/>\nMati\u00e8re ext\u00e9rieure : 90 % polyamide, 10 % \u00e9lasthanne<br \/>\nMati\u00e8re ext\u00e9rieure orange : 83 % EME-Lycra, 17 % polyester<br \/>\nDoublure : 100 % polyester Cocona<br \/>\nNormes<br \/>\nEN 20471 \/ Classe 2 (uniquement version orange)<\/p>\n","protected":false},"excerpt":{"rendered":"<p>La veste Ventilation, extr\u00eamement l\u00e9g\u00e8re, a \u00e9t\u00e9 con\u00e7ue pour les journ\u00e9es de travail les plus chaudes. La technologie StretchAIR\u00ae respirante<\/p>\n","protected":false},"featured_media":593794,"template":"","meta":{"_seopress_robots_primary_cat":"none","_seopress_titles_title":"","_seopress_titles_desc":"","_seopress_robots_index":""},"product_brand":[3458],"product_cat":[21,284],"product_tag":[],"class_list":{"0":"post-599295","1":"product","2":"type-product","3":"status-publish","4":"has-post-thumbnail","6":"product_brand-pfanner","7":"product_cat-abbigliamento","8":"product_cat-abbigliamento-da-lavoro","9":"sws-gruppo-no-gruppo-fr","10":"sws-conto-ricavi-merci-rivendita-abbigliamento-fr","11":"sws-gruppo-iva-iva81-fr","13":"first","14":"instock","15":"shipping-taxable","16":"purchasable","17":"product-type-variable","18":"has-default-attributes"},"_links":{"self":[{"href":"https:\/\/lucacastelli.com\/fr\/wp-json\/wp\/v2\/product\/599295","targetHints":{"allow":["GET"]}}],"collection":[{"href":"https:\/\/lucacastelli.com\/fr\/wp-json\/wp\/v2\/product"}],"about":[{"href":"https:\/\/lucacastelli.com\/fr\/wp-json\/wp\/v2\/types\/product"}],"wp:featuredmedia":[{"embeddable":true,"href":"https:\/\/lucacastelli.com\/fr\/wp-json\/wp\/v2\/media\/593794"}],"wp:attachment":[{"href":"https:\/\/lucacastelli.com\/fr\/wp-json\/wp\/v2\/media?parent=599295"}],"wp:term":[{"taxonomy":"product_brand","embeddable":true,"href":"https:\/\/lucacastelli.com\/fr\/wp-json\/wp\/v2\/product_brand?post=599295"},{"taxonomy":"product_cat","embeddable":true,"href":"https:\/\/lucacastelli.com\/fr\/wp-json\/wp\/v2\/product_cat?post=599295"},{"taxonomy":"product_tag","embeddable":true,"href":"https:\/\/lucacastelli.com\/fr\/wp-json\/wp\/v2\/product_tag?post=599295"}],"curies":[{"name":"wp","href":"https:\/\/api.w.org\/{rel}","templated":true}]}}