{"id":599268,"date":"2022-06-30T09:44:33","date_gmt":"2022-06-30T07:44:33","guid":{"rendered":"https:\/\/lucacastelli.com\/prodotto\/pfanner-protection-de-la-nuque\/"},"modified":"2026-03-17T12:54:14","modified_gmt":"2026-03-17T11:54:14","slug":"pfanner-protection-de-la-nuque","status":"publish","type":"product","link":"https:\/\/lucacastelli.com\/fr\/produit\/pfanner-protection-de-la-nuque\/","title":{"rendered":"Pfanner Protection de la nuque"},"content":{"rendered":"<p>Protection du cou avec clip pour prot\u00e9ger contre la salet\u00e9 et l\u2019humidit\u00e9. Fabriqu\u00e9 en tissu fonctionnel SympaTex 3 couches de haute qualit\u00e9 <\/p>\n","protected":false},"excerpt":{"rendered":"<p>Protection du cou avec clip pour prot\u00e9ger contre la salet\u00e9 et l\u2019humidit\u00e9. Fabriqu\u00e9 en tissu fonctionnel SympaTex 3 couches de<\/p>\n","protected":false},"featured_media":40775,"template":"","meta":{"_seopress_robots_primary_cat":"none","_seopress_titles_title":"","_seopress_titles_desc":"","_seopress_robots_index":""},"product_brand":[3458,4381],"product_cat":[21,284],"product_tag":[],"class_list":{"0":"post-599268","1":"product","2":"type-product","3":"status-publish","4":"has-post-thumbnail","6":"product_brand-pfanner","7":"product_brand-protos","8":"product_cat-abbigliamento","9":"product_cat-abbigliamento-da-lavoro","10":"sws-gruppo-no-gruppo","11":"sws-categoria-sito","12":"sws-sottocategoria-altro","13":"sws-conto-ricavi-merci-rivendita-abbigliamento","14":"sws-gruppo-iva-iva81","16":"first","17":"instock","18":"shipping-taxable","19":"purchasable","20":"product-type-variable"},"_links":{"self":[{"href":"https:\/\/lucacastelli.com\/fr\/wp-json\/wp\/v2\/product\/599268","targetHints":{"allow":["GET"]}}],"collection":[{"href":"https:\/\/lucacastelli.com\/fr\/wp-json\/wp\/v2\/product"}],"about":[{"href":"https:\/\/lucacastelli.com\/fr\/wp-json\/wp\/v2\/types\/product"}],"wp:featuredmedia":[{"embeddable":true,"href":"https:\/\/lucacastelli.com\/fr\/wp-json\/wp\/v2\/media\/40775"}],"wp:attachment":[{"href":"https:\/\/lucacastelli.com\/fr\/wp-json\/wp\/v2\/media?parent=599268"}],"wp:term":[{"taxonomy":"product_brand","embeddable":true,"href":"https:\/\/lucacastelli.com\/fr\/wp-json\/wp\/v2\/product_brand?post=599268"},{"taxonomy":"product_cat","embeddable":true,"href":"https:\/\/lucacastelli.com\/fr\/wp-json\/wp\/v2\/product_cat?post=599268"},{"taxonomy":"product_tag","embeddable":true,"href":"https:\/\/lucacastelli.com\/fr\/wp-json\/wp\/v2\/product_tag?post=599268"}],"curies":[{"name":"wp","href":"https:\/\/api.w.org\/{rel}","templated":true}]}}