{"id":599149,"date":"2025-08-07T20:29:48","date_gmt":"2025-08-07T18:29:48","guid":{"rendered":"https:\/\/lucacastelli.com\/prodotto\/milwaukee-couteau-a-denuder-les-cables-multiples\/"},"modified":"2025-08-07T20:29:48","modified_gmt":"2025-08-07T18:29:48","slug":"milwaukee-couteau-a-denuder-les-cables-multiples","status":"publish","type":"product","link":"https:\/\/lucacastelli.com\/fr\/produit\/milwaukee-couteau-a-denuder-les-cables-multiples\/","title":{"rendered":"Milwaukee Couteau \u00e0 d\u00e9nuder les c\u00e2bles multiples"},"content":{"rendered":"<p>MULTI Couteau \u00e0 d\u00e9nuder les c\u00e2bles<br \/>\nD\u00e9nude tous les c\u00e2bles ronds et plats courants. Capacit\u00e9 de d\u00e9nudage pour les c\u00e2bles ronds standard de 6 mm \u00e0 13 mm de diam\u00e8tre. C\u00e2ble plat standard jusqu&#8217;\u00e0 une largeur de 18 mm;Commutation automatique de la coupe ronde \u00e0 la coupe longitudinale;Capacit\u00e9 de d\u00e9nudage pour toutes les tailles de fils standard 0,5 mm\u00b2, 0,8 mm\u00b2, 1,5 mm\u00b2, 2,5 mm\u00b2, 4 mm\u00b2, 6 mm\u00b2;Profondeur de coupe facilement r\u00e9glable de 0 \u00e0 3 mm;Cr\u00e9ateur de boucles int\u00e9gr\u00e9 pour plier les conducteurs en boucles;Poign\u00e9e ergonomique pour \u00e9viter de glisser lors de l&#8217;application. <\/p>\n<p>4932498270<br \/>\n4058546521394<\/p>\n","protected":false},"excerpt":{"rendered":"<p>COUTEAU \u00c0 D\u00c9NUDER MULTI-C\u00c2BLES<\/p>\n","protected":false},"featured_media":566746,"template":"","meta":{"_seopress_robots_primary_cat":"","_seopress_titles_title":"","_seopress_titles_desc":"","_seopress_robots_index":""},"product_brand":[3407],"product_cat":[5416,33],"product_tag":[3270],"class_list":{"0":"post-599149","1":"product","2":"type-product","3":"status-publish","4":"has-post-thumbnail","6":"product_brand-milwaukee","7":"product_cat-utensili-per-officina","8":"product_cat-attrezzature","9":"product_tag-import-milwau","10":"sws-conto-ricavi-merci-rivendita-macchinari-fr","11":"sws-gruppo-iva-iva81-fr","13":"first","14":"onbackorder","15":"sale","16":"shipping-taxable","17":"purchasable","18":"product-type-simple"},"_links":{"self":[{"href":"https:\/\/lucacastelli.com\/fr\/wp-json\/wp\/v2\/product\/599149","targetHints":{"allow":["GET"]}}],"collection":[{"href":"https:\/\/lucacastelli.com\/fr\/wp-json\/wp\/v2\/product"}],"about":[{"href":"https:\/\/lucacastelli.com\/fr\/wp-json\/wp\/v2\/types\/product"}],"wp:featuredmedia":[{"embeddable":true,"href":"https:\/\/lucacastelli.com\/fr\/wp-json\/wp\/v2\/media\/566746"}],"wp:attachment":[{"href":"https:\/\/lucacastelli.com\/fr\/wp-json\/wp\/v2\/media?parent=599149"}],"wp:term":[{"taxonomy":"product_brand","embeddable":true,"href":"https:\/\/lucacastelli.com\/fr\/wp-json\/wp\/v2\/product_brand?post=599149"},{"taxonomy":"product_cat","embeddable":true,"href":"https:\/\/lucacastelli.com\/fr\/wp-json\/wp\/v2\/product_cat?post=599149"},{"taxonomy":"product_tag","embeddable":true,"href":"https:\/\/lucacastelli.com\/fr\/wp-json\/wp\/v2\/product_tag?post=599149"}],"curies":[{"name":"wp","href":"https:\/\/api.w.org\/{rel}","templated":true}]}}