{"id":599146,"date":"2025-12-08T08:30:56","date_gmt":"2025-12-08T07:30:56","guid":{"rendered":"https:\/\/lucacastelli.com\/prodotto\/souffleur-dorsal-stihl-br-600\/"},"modified":"2025-11-17T11:34:50","modified_gmt":"2025-11-17T10:34:50","slug":"souffleur-dorsal-stihl-br-600","status":"publish","type":"product","link":"https:\/\/lucacastelli.com\/fr\/produit\/souffleur-dorsal-stihl-br-600\/","title":{"rendered":"STIHL BR 600 souffleur \u00e0 dos"},"content":{"rendered":"<p>Unit\u00e9 de soufflage extr\u00eamement puissante avec une capacit\u00e9 de soufflage \u00e9lev\u00e9e. Moteur 4-MIX\u00ae \u00e0 faible consommation de carburant et \u00e9missions de gaz d&#8217;\u00e9chappement, poign\u00e9e bicomposant en caoutchouc avec acc\u00e9l\u00e9rateur et bouton d&#8217;arr\u00eat verrouillables, syst\u00e8me anti-vibrations STIHL et poign\u00e9e de transport. Syst\u00e8me de port confortable avec bretelles larges et ergonomiques et ceinture ventrale. La poign\u00e9e \u00e0 deux mains (accessoire) est recommand\u00e9e pour les longues op\u00e9rations de travail avec la buse pli\u00e9e.   <\/p>\n<p><b>Moteur STIHL 4-MIX\u00ae<\/b><br \/>\nCombine les avantages d&#8217;un moteur \u00e0 2 temps avec ceux d&#8217;un moteur \u00e0 4 temps. Moins de fum\u00e9es d&#8217;\u00e9chappement, pas d&#8217;entretien d&#8217;huile n\u00e9cessaire, son agr\u00e9able. Excellente puissance de traction et couple \u00e9lev\u00e9.<br \/>\n<b>Syst\u00e8me anti-vibrations STIHL<\/b><br \/>\nDe fortes vibrations aux points de prise des outils motoris\u00e9s peuvent causer \u00e0 long terme des probl\u00e8mes circulatoires dans les mains et les bras. C&#8217;est pourquoi STIHL a d\u00e9velopp\u00e9 le syst\u00e8me anti-vibrations. Sur les outils motoris\u00e9s avec syst\u00e8me AV, les vibrations g\u00e9n\u00e9r\u00e9es par le moteur \u00e0 combustion et l&#8217;outil de travail en mouvement sont consid\u00e9rablement r\u00e9duites aux points de prise.<br \/>\n<b>Poign\u00e9e multifonction<\/b><br \/>\nLes \u00e9l\u00e9ments de commande pour le contr\u00f4le du moteur sont int\u00e9gr\u00e9s dans la poign\u00e9e. Cela rend l&#8217;utilisation particuli\u00e8rement facile et s\u00fbre.<br \/>\n<b>Syst\u00e8me de port confortable avec ceinture ventrale<\/b><br \/>\nAvec r\u00e9glage en hauteur et inclinaison et rembourrage dorsal respirant pour travailler sans fatigue. La ceinture ventrale facilite encore davantage le travail, surtout lors d&#8217;utilisations prolong\u00e9es. <\/p>\n<p>&nbsp;<\/p>\n<table class=\"w-100 table table-striped m-0\">\n<tbody>\n<tr>\n<td class=\"p-1 ps-2 border-bottom border-mediumlight\">technique du moteur<\/td>\n<td class=\"p-1 pe-2 border-bottom border-mediumlight\">\n<div>4-MIX<\/div>\n<\/td>\n<\/tr>\n<tr>\n<td class=\"p-1 ps-2 border-bottom border-mediumlight\">capacit\u00e9 de soufflage avec buse ronde<\/td>\n<td class=\"p-1 pe-2 border-bottom border-mediumlight\">1210 m\u00b3\/h<\/td>\n<\/tr>\n<tr>\n<td class=\"p-1 ps-2 border-bottom border-mediumlight\">capacit\u00e9 de soufflage sans syst\u00e8me de soufflage<\/td>\n<td class=\"p-1 pe-2 border-bottom border-mediumlight\">1720 m\u00b3\/h<\/td>\n<\/tr>\n<tr>\n<td class=\"p-1 ps-2 border-bottom border-mediumlight\">cylindr\u00e9e<\/td>\n<td class=\"p-1 pe-2 border-bottom border-mediumlight\">64,8 cm\u00b3<\/td>\n<\/tr>\n<tr>\n<td class=\"p-1 ps-2 border-bottom border-mediumlight\">poids<\/td>\n<td class=\"p-1 pe-2 border-bottom border-mediumlight\">10,10 kg<\/td>\n<\/tr>\n<\/tbody>\n<\/table>\n<p>&nbsp;<\/p>\n","protected":false},"excerpt":{"rendered":"<p>Unit\u00e9 de soufflage extr\u00eamement puissante avec une capacit\u00e9 de soufflage \u00e9lev\u00e9e. Moteur 4-MIX\u00ae \u00e0 faible consommation de carburant et \u00e9missions<\/p>\n","protected":false},"featured_media":599000,"template":"","meta":{"_seopress_robots_primary_cat":"none","_seopress_titles_title":"","_seopress_titles_desc":"","_seopress_robots_index":""},"product_brand":[3366],"product_cat":[29,485,486],"product_tag":[],"class_list":{"0":"post-599146","1":"product","2":"type-product","3":"status-publish","4":"has-post-thumbnail","6":"product_brand-stihl","7":"product_cat-macchinari","8":"product_cat-soffiatori-e-aspiratori","9":"product_cat-soffiatori-a-motore","10":"sws-gruppo-macchinari-fr","11":"sws-conto-ricavi-merci-rivendita-abbigliamento-fr","12":"sws-gruppo-iva-iva81-fr","14":"first","15":"instock","16":"sale","17":"shipping-taxable","18":"purchasable","19":"product-type-simple"},"_links":{"self":[{"href":"https:\/\/lucacastelli.com\/fr\/wp-json\/wp\/v2\/product\/599146","targetHints":{"allow":["GET"]}}],"collection":[{"href":"https:\/\/lucacastelli.com\/fr\/wp-json\/wp\/v2\/product"}],"about":[{"href":"https:\/\/lucacastelli.com\/fr\/wp-json\/wp\/v2\/types\/product"}],"wp:featuredmedia":[{"embeddable":true,"href":"https:\/\/lucacastelli.com\/fr\/wp-json\/wp\/v2\/media\/599000"}],"wp:attachment":[{"href":"https:\/\/lucacastelli.com\/fr\/wp-json\/wp\/v2\/media?parent=599146"}],"wp:term":[{"taxonomy":"product_brand","embeddable":true,"href":"https:\/\/lucacastelli.com\/fr\/wp-json\/wp\/v2\/product_brand?post=599146"},{"taxonomy":"product_cat","embeddable":true,"href":"https:\/\/lucacastelli.com\/fr\/wp-json\/wp\/v2\/product_cat?post=599146"},{"taxonomy":"product_tag","embeddable":true,"href":"https:\/\/lucacastelli.com\/fr\/wp-json\/wp\/v2\/product_tag?post=599146"}],"curies":[{"name":"wp","href":"https:\/\/api.w.org\/{rel}","templated":true}]}}