{"id":599143,"date":"2025-08-07T20:29:47","date_gmt":"2025-08-07T18:29:47","guid":{"rendered":"https:\/\/lucacastelli.com\/prodotto\/couteau-a-denuder-les-cables-milwaukee\/"},"modified":"2025-08-07T20:29:47","modified_gmt":"2025-08-07T18:29:47","slug":"couteau-a-denuder-les-cables-milwaukee","status":"publish","type":"product","link":"https:\/\/lucacastelli.com\/fr\/produit\/couteau-a-denuder-les-cables-milwaukee\/","title":{"rendered":"Couteau \u00e0 d\u00e9nuder les c\u00e2bles Milwaukee"},"content":{"rendered":"<p>Couteau \u00e0 d\u00e9nuder les c\u00e2bles<br \/>\nCapacit\u00e9 de d\u00e9nudage accrue pour tous les c\u00e2bles ronds standard d&#8217;un diam\u00e8tre de 4 mm \u00e0 28 mm;La molette de r\u00e9glage permet d&#8217;ajuster la profondeur de coupe;Commutation automatique de la coupe ronde \u00e0 la coupe longitudinale;Lame crochet int\u00e9gr\u00e9e pour une plus grande polyvalence. Le capuchon de s\u00e9curit\u00e9 sur la lame r\u00e9duit le risque de blessure;Poign\u00e9e en deux parties pour une utilisation confortable et antid\u00e9rapante. <\/p>\n<p>4932498269<br \/>\n4058546521387<\/p>\n","protected":false},"excerpt":{"rendered":"<p>COUTEAU \u00c0 D\u00c9NUDER LES C\u00c2BLES<\/p>\n","protected":false},"featured_media":598631,"template":"","meta":{"_seopress_robots_primary_cat":"","_seopress_titles_title":"","_seopress_titles_desc":"","_seopress_robots_index":""},"product_brand":[3407],"product_cat":[5416,33],"product_tag":[3270],"class_list":{"0":"post-599143","1":"product","2":"type-product","3":"status-publish","4":"has-post-thumbnail","6":"product_brand-milwaukee","7":"product_cat-utensili-per-officina","8":"product_cat-attrezzature","9":"product_tag-import-milwau","10":"sws-conto-ricavi-merci-rivendita-macchinari-fr","11":"sws-gruppo-iva-iva81-fr","13":"first","14":"onbackorder","15":"sale","16":"shipping-taxable","17":"purchasable","18":"product-type-simple"},"_links":{"self":[{"href":"https:\/\/lucacastelli.com\/fr\/wp-json\/wp\/v2\/product\/599143","targetHints":{"allow":["GET"]}}],"collection":[{"href":"https:\/\/lucacastelli.com\/fr\/wp-json\/wp\/v2\/product"}],"about":[{"href":"https:\/\/lucacastelli.com\/fr\/wp-json\/wp\/v2\/types\/product"}],"wp:featuredmedia":[{"embeddable":true,"href":"https:\/\/lucacastelli.com\/fr\/wp-json\/wp\/v2\/media\/598631"}],"wp:attachment":[{"href":"https:\/\/lucacastelli.com\/fr\/wp-json\/wp\/v2\/media?parent=599143"}],"wp:term":[{"taxonomy":"product_brand","embeddable":true,"href":"https:\/\/lucacastelli.com\/fr\/wp-json\/wp\/v2\/product_brand?post=599143"},{"taxonomy":"product_cat","embeddable":true,"href":"https:\/\/lucacastelli.com\/fr\/wp-json\/wp\/v2\/product_cat?post=599143"},{"taxonomy":"product_tag","embeddable":true,"href":"https:\/\/lucacastelli.com\/fr\/wp-json\/wp\/v2\/product_tag?post=599143"}],"curies":[{"name":"wp","href":"https:\/\/api.w.org\/{rel}","templated":true}]}}