{"id":599111,"date":"2025-08-07T10:19:26","date_gmt":"2025-08-07T08:19:26","guid":{"rendered":"https:\/\/lucacastelli.com\/prodotto\/milwaukee-bolt-100-casque-vert\/"},"modified":"2025-08-07T10:19:26","modified_gmt":"2025-08-07T08:19:26","slug":"milwaukee-bolt-100-casque-vert","status":"publish","type":"product","link":"https:\/\/lucacastelli.com\/fr\/produit\/milwaukee-bolt-100-casque-vert\/","title":{"rendered":"Milwaukee BOLT\u2122 100 Casque &#8211; Vert"},"content":{"rendered":"<p>Casque vert BOLT100 &#8211; 1 pi\u00e8ce<br \/>\nSyst\u00e8me BOLT\u2122 : assure la compatibilit\u00e9 entre une large gamme d&#8217;accessoires gr\u00e2ce \u00e0 un syst\u00e8me d&#8217;attache simple et intuitif ;Syst\u00e8me de r\u00e9glage de la taille avec roue \u00e0 cliquet extr\u00eamement confortable et facile \u00e0 ajuster ;Coque en ABS, l\u00e9g\u00e8re ;Suspension en 6 points pour un confort accru ;Bandeau de transpiration interchangeable et confortable ;Tailles : 52 &#8211; 68 cm ;Certification europ\u00e9enne EN 397:2012 avec exigences optionnelles pour les projections de m\u00e9tal en fusion (MM), la temp\u00e9rature extr\u00eame -30 degr\u00e9s, la d\u00e9formation lat\u00e9rale (LD) et l&#8217;isolation \u00e9lectrique 440 V w.a. (isolation \u00e9lectrique 440 V selon EN397 uniquement en version non ventil\u00e9e);Certifi\u00e9 selon EN 50365:2002 Classe \u00e9lectrique 0 pour les installations avec une tension nominale jusqu&#8217;\u00e0 1000 V CA et 1500 V CC en version ventil\u00e9e et non ventil\u00e9e.<\/p>\n<p>&nbsp;<\/p>\n","protected":false},"excerpt":{"rendered":"<p>Casque vert BOLT100 &#8211; 1 pi\u00e8ce Syst\u00e8me BOLT\u2122 : assure la compatibilit\u00e9 entre une large gamme d&#8217;accessoires gr\u00e2ce \u00e0 un<\/p>\n","protected":false},"featured_media":542317,"template":"","meta":{"_seopress_robots_primary_cat":"none","_seopress_titles_title":"","_seopress_titles_desc":"","_seopress_robots_index":""},"product_brand":[3407],"product_cat":[33,537,815],"product_tag":[3270],"class_list":{"0":"post-599111","1":"product","2":"type-product","3":"status-publish","4":"has-post-thumbnail","6":"product_brand-milwaukee","7":"product_cat-attrezzature","8":"product_cat-attrezzatura-da-lavoro","9":"product_cat-caschi","10":"product_tag-import-milwau","11":"sws-gruppo-attrezz-fr","12":"sws-conto-ricavi-merci-rivendita-abbigliamento-fr","13":"sws-gruppo-iva-iva81-fr","15":"first","16":"instock","17":"sale","18":"shipping-taxable","19":"purchasable","20":"product-type-variable","21":"has-default-attributes"},"_links":{"self":[{"href":"https:\/\/lucacastelli.com\/fr\/wp-json\/wp\/v2\/product\/599111","targetHints":{"allow":["GET"]}}],"collection":[{"href":"https:\/\/lucacastelli.com\/fr\/wp-json\/wp\/v2\/product"}],"about":[{"href":"https:\/\/lucacastelli.com\/fr\/wp-json\/wp\/v2\/types\/product"}],"wp:featuredmedia":[{"embeddable":true,"href":"https:\/\/lucacastelli.com\/fr\/wp-json\/wp\/v2\/media\/542317"}],"wp:attachment":[{"href":"https:\/\/lucacastelli.com\/fr\/wp-json\/wp\/v2\/media?parent=599111"}],"wp:term":[{"taxonomy":"product_brand","embeddable":true,"href":"https:\/\/lucacastelli.com\/fr\/wp-json\/wp\/v2\/product_brand?post=599111"},{"taxonomy":"product_cat","embeddable":true,"href":"https:\/\/lucacastelli.com\/fr\/wp-json\/wp\/v2\/product_cat?post=599111"},{"taxonomy":"product_tag","embeddable":true,"href":"https:\/\/lucacastelli.com\/fr\/wp-json\/wp\/v2\/product_tag?post=599111"}],"curies":[{"name":"wp","href":"https:\/\/api.w.org\/{rel}","templated":true}]}}