{"id":599062,"date":"2025-08-08T08:35:23","date_gmt":"2025-08-08T06:35:23","guid":{"rendered":"https:\/\/lucacastelli.com\/prodotto\/milwaukee-bolt-200-casque-vert\/"},"modified":"2025-08-08T08:35:23","modified_gmt":"2025-08-08T06:35:23","slug":"milwaukee-bolt-200-casque-vert","status":"publish","type":"product","link":"https:\/\/lucacastelli.com\/fr\/produit\/milwaukee-bolt-200-casque-vert\/","title":{"rendered":"Milwaukee BOLT\u2122 200 Casque &#8211; Vert"},"content":{"rendered":"<p>CASQUE BOLT 200 VERT &#8211; 1 pc<br \/>\nCoque Lexan &#8211; mat\u00e9riau ultra r\u00e9sistant aux chocs;Le syst\u00e8me BOLT\u2122 &#8211; assure la compatibilit\u00e9 entre tous les accessoires disponibles, avec un syst\u00e8me de fixation facile et intuitif. Large polyvalence;Syst\u00e8me de r\u00e9glage de la taille \u00e0 cliquet extr\u00eamement confortable;Suspension en mousse qui offre une protection contre les impacts, quel que soit l&#8217;endroit o\u00f9 ils se produisent;Suspension interne en mousse compl\u00e9t\u00e9e par un rev\u00eatement de couronne pour plus de confort;Bandeau de transpiration premium respirant, lavable et rempla\u00e7able;Rev\u00eatement de couronne premium respirant, lavable et rempla\u00e7able;Fourni avec une mentonni\u00e8re certifi\u00e9e EN 12492 (identifi\u00e9e par la couleur rouge);Certifi\u00e9 selon la norme EN 12492;R\u00e9glage de la taille : de 52 &#8211; \u00e0 68 cm. <\/p>\n<p>&nbsp;<\/p>\n","protected":false},"excerpt":{"rendered":"<p>CASQUE BOLT 200 VERT &#8211; 1 pc Coque Lexan &#8211; mat\u00e9riau ultra r\u00e9sistant aux chocs;Le syst\u00e8me BOLT\u2122 &#8211; assure la<\/p>\n","protected":false},"featured_media":553235,"template":"","meta":{"_seopress_robots_primary_cat":"none","_seopress_titles_title":"","_seopress_titles_desc":"","_seopress_robots_index":""},"product_brand":[3407],"product_cat":[33,537,815],"product_tag":[3270],"class_list":{"0":"post-599062","1":"product","2":"type-product","3":"status-publish","4":"has-post-thumbnail","6":"product_brand-milwaukee","7":"product_cat-attrezzature","8":"product_cat-attrezzatura-da-lavoro","9":"product_cat-caschi","10":"product_tag-import-milwau","11":"sws-gruppo-attrezz-fr","12":"sws-conto-ricavi-merci-rivendita-abbigliamento-fr","13":"sws-gruppo-iva-iva81-fr","15":"first","16":"instock","17":"sale","18":"shipping-taxable","19":"purchasable","20":"product-type-variable","21":"has-default-attributes"},"_links":{"self":[{"href":"https:\/\/lucacastelli.com\/fr\/wp-json\/wp\/v2\/product\/599062","targetHints":{"allow":["GET"]}}],"collection":[{"href":"https:\/\/lucacastelli.com\/fr\/wp-json\/wp\/v2\/product"}],"about":[{"href":"https:\/\/lucacastelli.com\/fr\/wp-json\/wp\/v2\/types\/product"}],"wp:featuredmedia":[{"embeddable":true,"href":"https:\/\/lucacastelli.com\/fr\/wp-json\/wp\/v2\/media\/553235"}],"wp:attachment":[{"href":"https:\/\/lucacastelli.com\/fr\/wp-json\/wp\/v2\/media?parent=599062"}],"wp:term":[{"taxonomy":"product_brand","embeddable":true,"href":"https:\/\/lucacastelli.com\/fr\/wp-json\/wp\/v2\/product_brand?post=599062"},{"taxonomy":"product_cat","embeddable":true,"href":"https:\/\/lucacastelli.com\/fr\/wp-json\/wp\/v2\/product_cat?post=599062"},{"taxonomy":"product_tag","embeddable":true,"href":"https:\/\/lucacastelli.com\/fr\/wp-json\/wp\/v2\/product_tag?post=599062"}],"curies":[{"name":"wp","href":"https:\/\/api.w.org\/{rel}","templated":true}]}}